{"id":2290,"date":"2018-10-08T16:33:38","date_gmt":"2018-10-08T15:33:38","guid":{"rendered":"https:\/\/fatima2018.equipes-notre-dame.com\/?page_id=2290"},"modified":"2019-01-02T18:15:31","modified_gmt":"2019-01-02T18:15:31","slug":"dia-18","status":"publish","type":"page","link":"https:\/\/fatima2018.equipes-notre-dame.com\/en\/dia-18\/","title":{"rendered":"Day 18"},"content":{"rendered":"\n<table id=\"tablepress-17\" class=\"tablepress tablepress-id-17\">\n<thead>\n<tr class=\"row-1\">\n\t<th class=\"column-1\">Day\/Hour<\/th><th class=\"column-2\">Author<\/th><th class=\"column-3\">Document Name<\/th>\n<\/tr>\n<\/thead>\n<tbody class=\"row-hover\">\n<tr class=\"row-2\">\n\t<td class=\"column-1\">18 \/ 09h00<\/td><td class=\"column-2\">D. Jos\u00e9 Tolentino Mendon\u00e7a<\/td><td class=\"column-3\"><a href=\"https:\/\/fatima2018.equipes-notre-dame.com\/en\/wp-content\/uploads\/2018\/07\/ENG-Meditation-2-20180718.pdf\" rel=\"noopener\" target=\"_blank\">The younger son collected all his belongings and set off to a distant country<br \/>\nwhere he squandered his inheritance in a life of dissipation<\/a><\/td>\n<\/tr>\n<tr class=\"row-3\">\n\t<td class=\"column-1\">18 \/ 09h00<\/td><td class=\"column-2\">Helena e Paul McCloskey<\/td><td class=\"column-3\"><a href=\"https:\/\/fatima2018.equipes-notre-dame.com\/en\/wp-content\/uploads\/2018\/07\/ENG-15-Presentation-of-the-Day-18th-July_ANG.pdf\" rel=\"noopener\" target=\"_blank\">Introduction and Presentation<\/a><\/td>\n<\/tr>\n<tr class=\"row-4\">\n\t<td class=\"column-1\">18 \/ 09h30<\/td><td class=\"column-2\">Fran\u00e7oise e R\u00e9mi Gaussel<\/td><td class=\"column-3\"><a href=\"https:\/\/fatima2018.equipes-notre-dame.com\/en\/wp-content\/uploads\/2018\/07\/ENG-18-INTRO-Introduction-on-Father-Caffarel.pdf\" rel=\"noopener\" target=\"_blank\">Introduction to the Session on Father Caffarel<\/a><\/td>\n<\/tr>\n<tr class=\"row-5\">\n\t<td class=\"column-1\">18 \/ 09h30<\/td><td class=\"column-2\">T\u00f3 e Z\u00e9 Moura Soares<\/td><td class=\"column-3\"><a href=\"https:\/\/fatima2018.equipes-notre-dame.com\/en\/wp-content\/uploads\/2018\/07\/ENG-Timeliness-of-Father-Caffarel\u00d4\u00c7\u00d6s-thought.pdf\" rel=\"noopener\" target=\"_blank\">Timeliness of Father Caffarel\u2019s Thought<\/a><\/td>\n<\/tr>\n<tr class=\"row-6\">\n\t<td class=\"column-1\">18 \/ 09h30<\/td><td class=\"column-2\">Father Paul-Dominique Marcovits, o.p. e Jean Allemand<\/td><td class=\"column-3\"><a href=\"https:\/\/fatima2018.equipes-notre-dame.com\/en\/wp-content\/uploads\/2018\/07\/ENG-18-Father-Caffarel-J.-Allemand-et-Paul-Dominique-Marcovits.pdf\" rel=\"noopener\" target=\"_blank\">Father Caffarel<br \/>\n<\/a><\/td>\n<\/tr>\n<tr class=\"row-7\">\n\t<td class=\"column-1\">18 \/ 09h30<\/td><td class=\"column-2\">Marie d\u2019Amonville <\/td><td class=\"column-3\"><a href=\"https:\/\/fatima2018.equipes-notre-dame.com\/en\/wp-content\/uploads\/2018\/07\/ENG-18b-Marie-d\u00d4\u00c7\u00d6Amonville\u00d4\u00c7\u00d6s-Talk.pdf\" rel=\"noopener\" target=\"_blank\">Marie d\u2019Amonville\u2019s Talk <\/a><\/td>\n<\/tr>\n<tr class=\"row-8\">\n\t<td class=\"column-1\">18 \/ 09h30<\/td><td class=\"column-2\">Father Angelo Paleri<\/td><td class=\"column-3\"><a href=\"https:\/\/fatima2018.equipes-notre-dame.com\/en\/wp-content\/uploads\/2018\/07\/ENG-19-Cause-for-Canonisation-P.-Angelo-Paleri.pdf\" rel=\"noopener\" target=\"_blank\">Communication on the State of Advancement<br \/>\nof the Cause for Canonisation of Father Henri Caffarel<\/a><\/td>\n<\/tr>\n<tr class=\"row-9\">\n\t<td class=\"column-1\">18 \/ 12h30<\/td><td class=\"column-2\">Constanza e Alberto Alvarado<\/td><td class=\"column-3\"><a href=\"https:\/\/fatima2018.equipes-notre-dame.com\/en\/wp-content\/uploads\/2018\/07\/ENG-17-Development-and-internationalisation-of-TOL.pdf\" rel=\"noopener\" target=\"_blank\">Development and internationalisation<br \/>\nof Teams of Our Lady<\/a><\/td>\n<\/tr>\n<\/tbody>\n<\/table>\n<!-- #tablepress-17 from cache -->\n","protected":false},"excerpt":{"rendered":"","protected":false},"author":1,"featured_media":0,"parent":0,"menu_order":0,"comment_status":"closed","ping_status":"closed","template":"","meta":{"_monsterinsights_skip_tracking":false,"_monsterinsights_sitenote_active":false,"_monsterinsights_sitenote_note":"","_monsterinsights_sitenote_category":0,"footnotes":""},"_links":{"self":[{"href":"https:\/\/fatima2018.equipes-notre-dame.com\/en\/wp-json\/wp\/v2\/pages\/2290"}],"collection":[{"href":"https:\/\/fatima2018.equipes-notre-dame.com\/en\/wp-json\/wp\/v2\/pages"}],"about":[{"href":"https:\/\/fatima2018.equipes-notre-dame.com\/en\/wp-json\/wp\/v2\/types\/page"}],"author":[{"embeddable":true,"href":"https:\/\/fatima2018.equipes-notre-dame.com\/en\/wp-json\/wp\/v2\/users\/1"}],"replies":[{"embeddable":true,"href":"https:\/\/fatima2018.equipes-notre-dame.com\/en\/wp-json\/wp\/v2\/comments?post=2290"}],"version-history":[{"count":0,"href":"https:\/\/fatima2018.equipes-notre-dame.com\/en\/wp-json\/wp\/v2\/pages\/2290\/revisions"}],"wp:attachment":[{"href":"https:\/\/fatima2018.equipes-notre-dame.com\/en\/wp-json\/wp\/v2\/media?parent=2290"}],"curies":[{"name":"wp","href":"https:\/\/api.w.org\/{rel}","templated":true}]}}