{"id":1079,"date":"2018-05-08T10:53:44","date_gmt":"2018-05-08T09:53:44","guid":{"rendered":"https:\/\/fatima2018.equipes-notre-dame.com\/es\/?page_id=1079"},"modified":"2018-05-11T12:41:43","modified_gmt":"2018-05-11T11:41:43","slug":"historia-de-los-encuentros-internacionales","status":"publish","type":"page","link":"https:\/\/fatima2018.equipes-notre-dame.com\/es\/quienes-somos\/historia-de-los-encuentros-internacionales\/","title":{"rendered":"Historia de los Encuentros Internacionales"},"content":{"rendered":"<p><span style=\"font-size: 14pt;\">Conozca la cronolog\u00eda de los Encuentros Internacionales de los Equipos de Nuestra Se\u00f1ora!<\/span><\/p>\n\t\t\t<!-- Cool Timeline Free V2.9.2 -->\r\n\t\t\t<div class=\"ctl-wrapper\" role=\"region\" aria-label=\"Timeline\">\r\n\t\t\t\t<div class=\"ctl-before-content\"><div class=\"timeline-main-title\"><h1>  <\/h1><\/div><\/div>\t\t\t\t<div id=\"cool_timeline_1\" class=\"cool-timeline-wrapper ctl-both-sided ctl-vertical-wrapper\" >\r\n\t\t\t\t\t<div class=\"ctl-start\"><\/div>\r\n\t\t\t\t\t<!-- Timeline Container -->\r\n\t\t\t\t\t<div class=\"ctl-timeline ctl-timeline-container\" data-animation=\"fadeInUp\">\r\n\t\t\t\t\t\t<!-- Center Line -->\r\n\t\t\t\t\t\t<div class=\"ctl-inner-line\" role=\"presentation\"><\/div>\r\n\t\t\t\t\t\t<!-- Timeline Content --><div  id=\"ctl-story-1108\" class=\"ctl-story ctl-story-icon odd ctl-story-right\" data-aos=\"fadeInUp\"   data-story-index=\"1\" role=\"article\"><!-- Story Date --><div class=\"ctl-labels\"><div class=\"ctl-label-big story-date\">2012<\/div><\/div><!-- Story Icon --><div class=\"ctl-icon\"><i class= \"fa fa-calendar-check-o\" aria-hidden =\"true\"><\/i><\/div> <!-- Story Arrow --><div class=\"ctl-arrow\"><\/div><!-- Story Content --><div class=\"ctl-content\"><!-- Story Title --><div class=\"ctl-title story-1108\" aria-label=\"2\">XI Encuentro Internacional Bras\u00edlia 2012<\/div><!-- Story Description --><div class=\"ctl-description\"><p>Teme general: \u00abAtreverse al Evangelio\u00bb 3.500 parejas y cerca de 500 consiliarios espirituales participaron en este encuentro. Fue el primero que tuvo lugar fuera de Europa, en Brasil, de acuerdo con el esp\u00edritu internacional de nuestro Movimiento. Las orientaciones emanadas del encuentro para los pr\u00f3ximos a\u00f1os 2012 \u2013 2018, se apoyan en tres ideas: Parejas: Atreverse a un coraz\u00f3n inmerso en el Amor de Cristo; Atreverse a acoger y cuidad de los Hombre; Atreverse a vivir cada d\u00eda en el Mundo al servicio de de la Iglesia.<\/p>\n<\/div><\/div><\/div><!-- Timeline Content --><div  id=\"ctl-story-1107\" class=\"ctl-story ctl-story-icon even ctl-story-left\" data-aos=\"fadeInUp\"   data-story-index=\"2\" role=\"article\"><!-- Story Date --><div class=\"ctl-labels\"><div class=\"ctl-label-big story-date\">2006<\/div><\/div><!-- Story Icon --><div class=\"ctl-icon\"><i class= \"fa fa-calendar-check-o\" aria-hidden =\"true\"><\/i><\/div> <!-- Story Arrow --><div class=\"ctl-arrow\"><\/div><!-- Story Content --><div class=\"ctl-content\"><!-- Story Title --><div class=\"ctl-title story-1107\" aria-label=\"2\">X Encuentro Internacional Lourdes 2006<\/div><!-- Story Description --><div class=\"ctl-description\"><p>Teme general: \u00abEquipos de Nuestra Se\u00f1ora, comunidades vivas de parejas, reflejo del amor de Cristo\u00bb Cerca de 8100 miembros de los Equipos de Nuestra Se\u00f1ora, provenientes de m\u00e1s de cincuenta pa\u00edses de los cinco continentes se reunieron en el Santuario de Lourdes. Este encuentro fue marcado por &#8220;la apertura de la causa de canonizaci\u00f3n del Padre Caffarel&#8221;.<\/p>\n<\/div><\/div><\/div><!-- Timeline Content --><div  id=\"ctl-story-1106\" class=\"ctl-story ctl-story-icon odd ctl-story-right\" data-aos=\"fadeInUp\"   data-story-index=\"3\" role=\"article\"><!-- Story Date --><div class=\"ctl-labels\"><div class=\"ctl-label-big story-date\">2000<\/div><\/div><!-- Story Icon --><div class=\"ctl-icon\"><i class= \"fa fa-calendar-check-o\" aria-hidden =\"true\"><\/i><\/div> <!-- Story Arrow --><div class=\"ctl-arrow\"><\/div><!-- Story Content --><div class=\"ctl-content\"><!-- Story Title --><div class=\"ctl-title story-1106\" aria-label=\"2\">IX Encuentro Internacional Santiago de Compostela 2000<\/div><!-- Story Description --><div class=\"ctl-description\"><p>Teme general: \u00abLa pareja, imagen de Dios trinitario\u00bb 3400 parejas y 300 sacerdotes consiliarios espirituales, provenientes de 57 pa\u00edses de los 5 continentes, se reunieron en Santiago de Compostela (Espa\u00f1a). El Papa Juan Paulo II record\u00f3 en esta ocasi\u00f3n que los ENS ten\u00edan: \u00abla misi\u00f3n de proponer una espiritualidad conyugal y familiar arraigada en el sacramento del matrimonio\u00bb.<\/p>\n<\/div><\/div><\/div><!-- Timeline Content --><div  id=\"ctl-story-1105\" class=\"ctl-story ctl-story-icon even ctl-story-left\" data-aos=\"fadeInUp\"   data-story-index=\"4\" role=\"article\"><!-- Story Date --><div class=\"ctl-labels\"><div class=\"ctl-label-big story-date\">1994<\/div><\/div><!-- Story Icon --><div class=\"ctl-icon\"><i class= \"fa fa-calendar-check-o\" aria-hidden =\"true\"><\/i><\/div> <!-- Story Arrow --><div class=\"ctl-arrow\"><\/div><!-- Story Content --><div class=\"ctl-content\"><!-- Story Title --><div class=\"ctl-title story-1105\" aria-label=\"2\">VIII Encontro Internacional F\u00e1tima 1994<\/div><!-- Story Description --><div class=\"ctl-description\"><p>Teme general: \u00abSer una familia en la Iglesia de hoy y en mundo\u00bb En el cuadro del a\u00f1o internacional de la Familia, 5200 miembros de los ENS representando a 49 pa\u00edses, reunidos en F\u00e1tima, fueron invitados a las \u00abBodas de Can\u00e1\u00bb.<\/p>\n<\/div><\/div><\/div><!-- Timeline Content --><div  id=\"ctl-story-1104\" class=\"ctl-story ctl-story-icon odd ctl-story-right\" data-aos=\"fadeInUp\"   data-story-index=\"5\" role=\"article\"><!-- Story Date --><div class=\"ctl-labels\"><div class=\"ctl-label-big story-date\">1988<\/div><\/div><!-- Story Icon --><div class=\"ctl-icon\"><i class= \"fa fa-calendar-check-o\" aria-hidden =\"true\"><\/i><\/div> <!-- Story Arrow --><div class=\"ctl-arrow\"><\/div><!-- Story Content --><div class=\"ctl-content\"><!-- Story Title --><div class=\"ctl-title story-1104\" aria-label=\"2\">VII Encuentro Internacional Lourdes 1988<\/div><!-- Story Description --><div class=\"ctl-description\"><p>Tema general: \u00abEl Segundo Aliento\u00bb \u00abEl Segundo Aliento\u00bb es un punto de partida, una postura, un texto de referencia, una llamada a la creatividad, lanzada a todos los equipos del mundo. Es en este esp\u00edritu que 3.400 parejas y 260 sacerdotes se re\u00fanen en Lourdes para confirmar la misi\u00f3n de los ENS: asegurar la difusi\u00f3n de la espiritualidad conyugal, recordando que el sacramento del matrimonio exige abnegaci\u00f3n y que es camino de amor, de felicidad y de santidad.<\/p>\n<\/div><\/div><\/div><!-- Timeline Content --><div  id=\"ctl-story-1102\" class=\"ctl-story ctl-story-icon even ctl-story-left\" data-aos=\"fadeInUp\"   data-story-index=\"6\" role=\"article\"><!-- Story Date --><div class=\"ctl-labels\"><div class=\"ctl-label-big story-date\">1982<\/div><\/div><!-- Story Icon --><div class=\"ctl-icon\"><i class= \"fa fa-calendar-check-o\" aria-hidden =\"true\"><\/i><\/div> <!-- Story Arrow --><div class=\"ctl-arrow\"><\/div><!-- Story Content --><div class=\"ctl-content\"><!-- Story Title --><div class=\"ctl-title story-1102\" aria-label=\"2\">VI Encuentro Internacional Roma 1982<\/div><!-- Story Description --><div class=\"ctl-description\"><p>Tema general: \u00abCristo marcha con nosotros\u00bb 5000 peregrinos fueron acogidos por el Papa Juan Paulo II: \u00abEl matrimonio cristiano es una Pascua\u00bb.<\/p>\n<\/div><\/div><\/div><!-- Timeline Content --><div  id=\"ctl-story-1101\" class=\"ctl-story ctl-story-icon odd ctl-story-right\" data-aos=\"fadeInUp\"   data-story-index=\"7\" role=\"article\"><!-- Story Date --><div class=\"ctl-labels\"><div class=\"ctl-label-big story-date\">1976<\/div><\/div><!-- Story Icon --><div class=\"ctl-icon\"><i class= \"fa fa-calendar-check-o\" aria-hidden =\"true\"><\/i><\/div> <!-- Story Arrow --><div class=\"ctl-arrow\"><\/div><!-- Story Content --><div class=\"ctl-content\"><!-- Story Title --><div class=\"ctl-title story-1101\" aria-label=\"2\">V Encuentro Internacional Roma 1976<\/div><!-- Story Description --><div class=\"ctl-description\"><p>Tema general: \u00abLos ENS al servicio de la Evangelizaci\u00f3n\u00bb. Despu\u00e9s de ese reconocimiento, el equipo responsable produjo un documento actualizado de la Carta: &#8220;Qu\u00e9 es un Equipo de Nuestro Se\u00f1ora \u2013 complemento a la Carta&#8221;. Paulo VI, en su discurso declar\u00f3 a los equipistas: \u00abConservad lo que sois desde el primer d\u00eda\u2026una verdadera escuela de espiritualidad para las parejas casadas.\u00bb De este encuentro surgieron los Equipos de J\u00f3venes de Nuestra Se\u00f1ora (EJNS).<\/p>\n<\/div><\/div><\/div><!-- Timeline Content --><div  id=\"ctl-story-1100\" class=\"ctl-story ctl-story-icon even ctl-story-left\" data-aos=\"fadeInUp\"   data-story-index=\"8\" role=\"article\"><!-- Story Date --><div class=\"ctl-labels\"><div class=\"ctl-label-big story-date\">1970<\/div><\/div><!-- Story Icon --><div class=\"ctl-icon\"><i class= \"fa fa-calendar-check-o\" aria-hidden =\"true\"><\/i><\/div> <!-- Story Arrow --><div class=\"ctl-arrow\"><\/div><!-- Story Content --><div class=\"ctl-content\"><!-- Story Title --><div class=\"ctl-title story-1100\" aria-label=\"2\">IV Encuentro Internacional Roma 1970<\/div><!-- Story Description --><div class=\"ctl-description\"><p>Tema general: \u00abEl amor humano es un camino de santidad\u00bb. 2.000 parejas y 200 sacerdotes consiliarios espirituales provenientes de 23 pa\u00edses, escucharon al Papa Paulo VI confirmarles \u00abla vocaci\u00f3n propia de la pareja unida por el sacramento del matrimonio\u00bb. Los Equipos de Nuestra Se\u00f1ora adquieren una dimensi\u00f3n internacional.<\/p>\n<\/div><\/div><\/div><!-- Timeline Content --><div  id=\"ctl-story-1099\" class=\"ctl-story ctl-story-icon odd ctl-story-right\" data-aos=\"fadeInUp\"   data-story-index=\"9\" role=\"article\"><!-- Story Date --><div class=\"ctl-labels\"><div class=\"ctl-label-big story-date\">1965<\/div><\/div><!-- Story Icon --><div class=\"ctl-icon\"><i class= \"fa fa-calendar-check-o\" aria-hidden =\"true\"><\/i><\/div> <!-- Story Arrow --><div class=\"ctl-arrow\"><\/div><!-- Story Content --><div class=\"ctl-content\"><!-- Story Title --><div class=\"ctl-title story-1099\" aria-label=\"2\">III Encuentro Internacional Lourdes 1965<\/div><!-- Story Description --><div class=\"ctl-description\"><p>Tema general: \u00abLos ENS al servicio de un mandamiento nuevo\u00bb. En presencia de 7.000 miembros de los ENS, el Padre Caffarel reviene revivi\u00f3 a la vocaci\u00f3n del Movimiento: la m\u00edstica del compartir y la puesta en com\u00fan, la caridad fraternal y el servicio a la Iglesia.<\/p>\n<\/div><\/div><\/div><!-- Timeline Content --><div  id=\"ctl-story-1098\" class=\"ctl-story ctl-story-icon even ctl-story-left\" data-aos=\"fadeInUp\"   data-story-index=\"10\" role=\"article\"><!-- Story Date --><div class=\"ctl-labels\"><div class=\"ctl-label-big story-date\">1959<\/div><\/div><!-- Story Icon --><div class=\"ctl-icon\"><i class= \"fa fa-calendar-check-o\" aria-hidden =\"true\"><\/i><\/div> <!-- Story Arrow --><div class=\"ctl-arrow\"><\/div><!-- Story Content --><div class=\"ctl-content\"><!-- Story Title --><div class=\"ctl-title story-1098\" aria-label=\"2\">II Encuentro Internacional Roma 1959<\/div><!-- Story Description --><div class=\"ctl-description\"><p>Tema general: \u00abVocaci\u00f3n e itinerario de los ENS\u00bb Cerca de 2500 equipistas fueron recibidos por el Papa Juan XXIII.<\/p>\n<\/div><\/div><\/div><!-- Timeline Content --><div  id=\"ctl-story-1097\" class=\"ctl-story ctl-story-icon odd ctl-story-right\" data-aos=\"fadeInUp\"   data-story-index=\"11\" role=\"article\"><!-- Story Date --><div class=\"ctl-labels\"><div class=\"ctl-label-big story-date\">1954<\/div><\/div><!-- Story Icon --><div class=\"ctl-icon\"><i class= \"fa fa-calendar-check-o\" aria-hidden =\"true\"><\/i><\/div> <!-- Story Arrow --><div class=\"ctl-arrow\"><\/div><!-- Story Content --><div class=\"ctl-content\"><!-- Story Title --><div class=\"ctl-title story-1097\" aria-label=\"2\">I Encuentro Internacional Lourdes 1954<\/div><!-- Story Description --><div class=\"ctl-description\"><p>Tema general: \u00abLos ENS, Movimiento Internacional\u00bb. 900 miembros de los ENS consagraron el Movimiento a Nuestra Se\u00f1ora.<\/p>\n<\/div><\/div><\/div>\t\t\t\t\t<\/div>\r\n\t\t\t\t\t<div class=\"ctl-end\"><\/div>\r\n\t\t\t\t\t\t\t\t\t<\/div>\r\n\t\t\t<\/div>\r\n\t\t\t\n","protected":false},"excerpt":{"rendered":"<p>Conozca la cronolog\u00eda de los Encuentros Internacionales de los Equipos de Nuestra Se\u00f1ora!<\/p>\n","protected":false},"author":1,"featured_media":0,"parent":478,"menu_order":0,"comment_status":"closed","ping_status":"closed","template":"templates\/template-full.php","meta":{"_monsterinsights_skip_tracking":false,"_monsterinsights_sitenote_active":false,"_monsterinsights_sitenote_note":"","_monsterinsights_sitenote_category":0,"footnotes":""},"_links":{"self":[{"href":"https:\/\/fatima2018.equipes-notre-dame.com\/es\/wp-json\/wp\/v2\/pages\/1079"}],"collection":[{"href":"https:\/\/fatima2018.equipes-notre-dame.com\/es\/wp-json\/wp\/v2\/pages"}],"about":[{"href":"https:\/\/fatima2018.equipes-notre-dame.com\/es\/wp-json\/wp\/v2\/types\/page"}],"author":[{"embeddable":true,"href":"https:\/\/fatima2018.equipes-notre-dame.com\/es\/wp-json\/wp\/v2\/users\/1"}],"replies":[{"embeddable":true,"href":"https:\/\/fatima2018.equipes-notre-dame.com\/es\/wp-json\/wp\/v2\/comments?post=1079"}],"version-history":[{"count":4,"href":"https:\/\/fatima2018.equipes-notre-dame.com\/es\/wp-json\/wp\/v2\/pages\/1079\/revisions"}],"predecessor-version":[{"id":1138,"href":"https:\/\/fatima2018.equipes-notre-dame.com\/es\/wp-json\/wp\/v2\/pages\/1079\/revisions\/1138"}],"up":[{"embeddable":true,"href":"https:\/\/fatima2018.equipes-notre-dame.com\/es\/wp-json\/wp\/v2\/pages\/478"}],"wp:attachment":[{"href":"https:\/\/fatima2018.equipes-notre-dame.com\/es\/wp-json\/wp\/v2\/media?parent=1079"}],"curies":[{"name":"wp","href":"https:\/\/api.w.org\/{rel}","templated":true}]}}