{"id":1111,"date":"2018-05-11T01:05:39","date_gmt":"2018-05-11T00:05:39","guid":{"rendered":"https:\/\/fatima2018.equipes-notre-dame.com\/es\/?page_id=1111"},"modified":"2018-07-11T01:08:00","modified_gmt":"2018-07-11T00:08:00","slug":"pe-henri","status":"publish","type":"page","link":"https:\/\/fatima2018.equipes-notre-dame.com\/es\/pe-henri\/","title":{"rendered":"P. Henri Caffarel sobre el Encuentro Internacional"},"content":{"rendered":"<p><img loading=\"lazy\" decoding=\"async\" src=\"https:\/\/fatima2018.equipes-notre-dame.com\/es\/wp-content\/uploads\/2018\/07\/BANNER-2-ES.jpg\" alt=\"\" width=\"5004\" height=\"770\" class=\"aligncenter size-full wp-image-1180\" srcset=\"https:\/\/fatima2018.equipes-notre-dame.com\/es\/wp-content\/uploads\/2018\/07\/BANNER-2-ES.jpg 5004w, https:\/\/fatima2018.equipes-notre-dame.com\/es\/wp-content\/uploads\/2018\/07\/BANNER-2-ES-300x46.jpg 300w, https:\/\/fatima2018.equipes-notre-dame.com\/es\/wp-content\/uploads\/2018\/07\/BANNER-2-ES-768x118.jpg 768w, https:\/\/fatima2018.equipes-notre-dame.com\/es\/wp-content\/uploads\/2018\/07\/BANNER-2-ES-1024x158.jpg 1024w\" sizes=\"(max-width: 5004px) 100vw, 5004px\" \/><\/p>\n<p><strong>\u201cUN GESTO QUE SE IMPONE&#8221;<\/strong><\/p>\n<p style=\"text-align: justify;\">Es una de la alegr\u00edas, una de las fortalezas de nuestra generaci\u00f3n el tener, sino descubrir, o al menos tomar conciencia de las grandezas cristianas del Matrimonio. Amor conyugal, paternidad, maternidad, procreaci\u00f3n, misi\u00f3n del matrimonio, no evocan solamente para nosotros las realidades de la tierra, sino las realidades sacramentales, es decir lasrealidades humanas transfiguradas, portadoras de gracias, todas hablando de las realdiades divinas.<\/p>\n<p style=\"text-align: justify;\">Vengo de decir que \u00e9sta es una de las fortalezas de nuestra generaci\u00f3n S\u00ed, esto es muy leg\u00edtimo en un sentido: hemos buscado, hemos encontrado, nos felicitamos por haber encontrado, Pero a veces hay una nota de ingenuidad y de suficiencia de nuestra fortaleza. Hemos encontrado, s\u00ed, pero porque Dios ha donado. No somos nosotrosmismos aquienes hay que felicitar, es a Dios a quien hay que agradecer..<\/p>\n<p style=\"text-align: justify;\">Hace mucho tiempo, yo hab\u00eda so\u00f1ado con un grangesto de los matrimonios cristianos, que ellos vinieran a expresar p\u00fablicamente a Dios su reconocimiento de pertenecer al tiempo en el cual fueron acordadas sus luces.<\/p>\n<p style=\"text-align: justify;\">Ese gesto, ser\u00e1n nuestra peregrinaci\u00f3n a Lourdes los d\u00edas 5,6 y 7 de junio.<br \/>\nGesto de reconocimiento hacia Dios \u00abautor de todo don\u00bb. Pero tambi\u00e9ngesto de reconocimiento a la Iglesia.<\/p>\n<p style=\"text-align: justify;\">Muchas influencias por una educaci\u00f3n individualista, a veces no nos queremos convencer de que los dones de Dios no nos llegan sino por la Iglesia y en la Iglesia \u2013 esto es lo que San Cirpiano traduc\u00eda: Nadie tiene a Dios por padre si no ve a la Iglesia como madre. Esas riquezas del matrimonio, hayque comprenderlas, no en tierras extranjeras a donde debemos ir a adquirirlas, sino m\u00e1s bien en eltesoro innegable de nuestra madre, la Iglesia. Las hemos recibido de sus manos.<\/p>\n<p style=\"text-align: justify;\">Nosotros no tenemos derecho a guardarlas con avaricia para sacarles provecho. Puesto que las hemos recibido de la Iglesia, es necesario que la Iglesia sea tambi\u00e9n su primera beneficiaria.<\/p>\n<p style=\"text-align: justify;\">Nuestro reconocimiento no debe ser solamente una palabra dsalida de los labios, sino un don:<\/p>\n<ul style=\"list-style-type: circle;\">\n<li style=\"text-align: justify;\">de shacer de nuestros hijos sus hijos<\/li>\n<li style=\"text-align: justify;\">de ofrecerle con generosidad lo que Dios llamar\u00eda \u00ab el m\u00e1s alto de los servicios \u00bb<\/li>\n<li style=\"text-align: justify;\">de trabjar con todas nuestras fuerzas para transmitir lo que hemoscomprendido del matrimonio a tantos hogares que lol ignorarn y que lo esperan<\/li>\n<li style=\"text-align: justify;\">de colaborar en su tarea misionera comenzando por nuestras parroquias.<\/li>\n<\/ul>\n<p style=\"text-align: justify;\">Seguramente me preguntar\u00e1n \u00bfpor qu\u00e9 Lourdes? \u00abPorque este es e A\u00f1o oMariano. Porque los Equipos est\u00e1n bajo el patronaje de Mar\u00eda y qdeben tomarla como garante y testimonio de su reconocimiento y su promesa.<\/p>\n<p style=\"text-align: justify;\"><em>In<\/em> Henri Caffarel, Un editorial publicado en la \u00abCARTA MENSUAL DE LOS EQUIPOS DE NUESTRA SE\u00d1ORA\u00bb en enero de 1954.<\/p>\n","protected":false},"excerpt":{"rendered":"<p>\u201cUN GESTO QUE SE IMPONE&#8221; Es una de la alegr\u00edas, una de las fortalezas de nuestra generaci\u00f3n el tener, sino descubrir, o al menos tomar conciencia de las grandezas cristianas [&hellip;]<\/p>\n","protected":false},"author":1,"featured_media":0,"parent":0,"menu_order":0,"comment_status":"closed","ping_status":"closed","template":"","meta":{"_monsterinsights_skip_tracking":false,"_monsterinsights_sitenote_active":false,"_monsterinsights_sitenote_note":"","_monsterinsights_sitenote_category":0,"footnotes":""},"_links":{"self":[{"href":"https:\/\/fatima2018.equipes-notre-dame.com\/es\/wp-json\/wp\/v2\/pages\/1111"}],"collection":[{"href":"https:\/\/fatima2018.equipes-notre-dame.com\/es\/wp-json\/wp\/v2\/pages"}],"about":[{"href":"https:\/\/fatima2018.equipes-notre-dame.com\/es\/wp-json\/wp\/v2\/types\/page"}],"author":[{"embeddable":true,"href":"https:\/\/fatima2018.equipes-notre-dame.com\/es\/wp-json\/wp\/v2\/users\/1"}],"replies":[{"embeddable":true,"href":"https:\/\/fatima2018.equipes-notre-dame.com\/es\/wp-json\/wp\/v2\/comments?post=1111"}],"version-history":[{"count":4,"href":"https:\/\/fatima2018.equipes-notre-dame.com\/es\/wp-json\/wp\/v2\/pages\/1111\/revisions"}],"predecessor-version":[{"id":1181,"href":"https:\/\/fatima2018.equipes-notre-dame.com\/es\/wp-json\/wp\/v2\/pages\/1111\/revisions\/1181"}],"wp:attachment":[{"href":"https:\/\/fatima2018.equipes-notre-dame.com\/es\/wp-json\/wp\/v2\/media?parent=1111"}],"curies":[{"name":"wp","href":"https:\/\/api.w.org\/{rel}","templated":true}]}}