{"id":1115,"date":"2018-05-11T01:11:48","date_gmt":"2018-05-11T00:11:48","guid":{"rendered":"https:\/\/fatima2018.equipes-notre-dame.com\/es\/?page_id=1115"},"modified":"2018-05-11T01:11:48","modified_gmt":"2018-05-11T00:11:48","slug":"pb","status":"publish","type":"page","link":"https:\/\/fatima2018.equipes-notre-dame.com\/es\/pb\/","title":{"rendered":"Pasaje B\u00edblico  &#8211; Lc 15, 11-32"},"content":{"rendered":"<p><img loading=\"lazy\" decoding=\"async\" src=\"https:\/\/fatima2018.equipes-notre-dame.com\/es\/wp-content\/uploads\/2017\/02\/IMAGEM-ES.jpg\" alt=\"\" width=\"4941\" height=\"1128\" class=\"aligncenter size-full wp-image-1016\" srcset=\"https:\/\/fatima2018.equipes-notre-dame.com\/es\/wp-content\/uploads\/2017\/02\/IMAGEM-ES.jpg 4941w, https:\/\/fatima2018.equipes-notre-dame.com\/es\/wp-content\/uploads\/2017\/02\/IMAGEM-ES-300x68.jpg 300w, https:\/\/fatima2018.equipes-notre-dame.com\/es\/wp-content\/uploads\/2017\/02\/IMAGEM-ES-768x175.jpg 768w, https:\/\/fatima2018.equipes-notre-dame.com\/es\/wp-content\/uploads\/2017\/02\/IMAGEM-ES-1024x234.jpg 1024w\" sizes=\"(max-width: 4941px) 100vw, 4941px\" \/><\/p>\n<p><strong>Lectura del santo evangelio seg\u00fan san Lucas<\/strong><\/p>\n<p style=\"text-align: justify;\">Jes\u00fas les dijo esta par\u00e1bola: &#8220;Un hombre ten\u00eda dos hijos; el menos de ellos dijo a su padre: Padre, dame la parte que me toca de la fortuna. El padre les reparti\u00f3 los bienes. No muchos d\u00edas despu\u00e9s, el hijo menor, juntando todo lo suyo, emigr\u00f3 a un pa\u00eds lejano, y all\u00ed derroch\u00f3 su fortuna viviendo perdidamente.  Cuando lo hab\u00eda gastado todo, vino por aquella tierra un hambre terrible, y empez\u00f3 \u00e9l a pasar necesidad. Fue entonces y tanto le insisti\u00f3 a un habitante de aquel pa\u00eds que lo mand\u00f3 a sus campos a guardar cerdos. Le entraban ganas de llenarse el est\u00f3mago de las algarrobas que com\u00edan los cerdos; y nadie le daba de comer. Recapacitando entonces, se dijo: &#8220;Cu\u00e1ntos jornaleros de mi padre tienen abundancia de pan, mientras yo aqu\u00ed me muero de hambre. Me pondr\u00e9 en camino adonde est\u00e1 mi padre, y le dir\u00e9: Padre, he pecado contra el cielo y contra ti; ya no merezco llamarme hijo tuyo: tr\u00e1tame como a uno de tus jornaleros.&#8221; Se puso en camino adonde estaba su padre; cuando todav\u00eda estaba lejos, su padre lo vio y se conmovi\u00f3; y, echando a correr, se le ech\u00f3 al cuello y se puso a besarlo. Su hijo le dijo: &#8220;Padre, he pecado contra el cielo y contra ti; ya no merezco llamarme hijo tuyo. Pero el padre dijo a sus criados: &#8220;Sacad en seguida el mejor traje y vestidlo; ponedle un anillo en la mano y sandalias en los pies; traed el ternero cebado y matadlo; celebremos un banquete, porque este hijo m\u00edo estaba muerto y ha revivido; estaba perdido , y lo hemos encontrado. Y empezaron el banquete. Su hijo mayor estaba en el campo. Cuando al volver se acercaba a la casa, oy\u00f3 la m\u00fasica y el baile, y llamando a uno de los mozos, le pregunt\u00f3 qu\u00e9 pasaba. Este le contest\u00f3: &#8220;Ha vuelto tu hermano; y tu padre ha matado el ternero cebado, porque lo ha recobrado con salud.&#8221; El se indign\u00f3 y se negaba a entrar; pero su padre sali\u00f3 e intentaba persuadirlo. Y el replic\u00f3 a su padre: &#8220;Mira: en tantos a\u00f1os como te sirvo, sin desobedecer nunca una orden tuya, a mi nunca me has dado un cabrito para tener un banquete con mis amigos; y cuando ha venido ese hijo tuyo que se ha comido tus bienes con malas mujeres, le matas el ternero cebado. El padre le dijo: Hijo, t\u00fa siempre est\u00e1s conmigo, y todo lo m\u00edo es tuyo: deber\u00edas alegrarte, porque este hermano tuyo estaba muerto y ha revivido; estaba perdido, y lo hemos encontrado.&#8221;<\/p>\n","protected":false},"excerpt":{"rendered":"<p>Lectura del santo evangelio seg\u00fan san Lucas Jes\u00fas les dijo esta par\u00e1bola: &#8220;Un hombre ten\u00eda dos hijos; el menos de ellos dijo a su padre: Padre, dame la parte que [&hellip;]<\/p>\n","protected":false},"author":1,"featured_media":0,"parent":0,"menu_order":0,"comment_status":"closed","ping_status":"closed","template":"","meta":{"_monsterinsights_skip_tracking":false,"_monsterinsights_sitenote_active":false,"_monsterinsights_sitenote_note":"","_monsterinsights_sitenote_category":0,"footnotes":""},"_links":{"self":[{"href":"https:\/\/fatima2018.equipes-notre-dame.com\/es\/wp-json\/wp\/v2\/pages\/1115"}],"collection":[{"href":"https:\/\/fatima2018.equipes-notre-dame.com\/es\/wp-json\/wp\/v2\/pages"}],"about":[{"href":"https:\/\/fatima2018.equipes-notre-dame.com\/es\/wp-json\/wp\/v2\/types\/page"}],"author":[{"embeddable":true,"href":"https:\/\/fatima2018.equipes-notre-dame.com\/es\/wp-json\/wp\/v2\/users\/1"}],"replies":[{"embeddable":true,"href":"https:\/\/fatima2018.equipes-notre-dame.com\/es\/wp-json\/wp\/v2\/comments?post=1115"}],"version-history":[{"count":1,"href":"https:\/\/fatima2018.equipes-notre-dame.com\/es\/wp-json\/wp\/v2\/pages\/1115\/revisions"}],"predecessor-version":[{"id":1116,"href":"https:\/\/fatima2018.equipes-notre-dame.com\/es\/wp-json\/wp\/v2\/pages\/1115\/revisions\/1116"}],"wp:attachment":[{"href":"https:\/\/fatima2018.equipes-notre-dame.com\/es\/wp-json\/wp\/v2\/media?parent=1115"}],"curies":[{"name":"wp","href":"https:\/\/api.w.org\/{rel}","templated":true}]}}