{"id":1139,"date":"2018-05-17T02:58:23","date_gmt":"2018-05-17T01:58:23","guid":{"rendered":"https:\/\/fatima2018.equipes-notre-dame.com\/es\/?page_id=1139"},"modified":"2018-05-17T02:58:23","modified_gmt":"2018-05-17T01:58:23","slug":"tema","status":"publish","type":"page","link":"https:\/\/fatima2018.equipes-notre-dame.com\/es\/tema\/","title":{"rendered":"Tema general del Encuentro F\u00e1tima 2018: Reconciliaci\u00f3n, se\u00f1al de amor"},"content":{"rendered":"<p style=\"text-align: justify;\"><img loading=\"lazy\" decoding=\"async\" class=\"size-medium wp-image-1425 alignleft\" src=\"https:\/\/fatima2018.equipes-notre-dame.com\/wp-content\/uploads\/2018\/04\/2a48ff_10ef9096a98641d69681f56ca93c3dd6-300x200.jpg\" alt=\"\" width=\"300\" height=\"200\" \/>Cuando vivimos la experiencia del encuentro en nuestro entorno, en nuestra familia en nuestra profesi\u00f3n de acuerdo con nuestra vocaci\u00f3n estamos al mismo tiempo, construyendo con El su reino de Amor.<br \/>\nDeseamos a todos que el Encuentro de F\u00e1tima sea el lugar donde el verdadero Encuentro tenga lugar al dejar que la acci\u00f3n de Dios se realice en nosotros.<br \/>\nAl llegar, el abrazo del Padre nos dar\u00e1 la certeza de ser o\u00eddos y acogidos como hijos a trav\u00e9s de Su Amor.<br \/>\nEl amor que brotar\u00e1 del coraz\u00f3n del Padre nos llenar\u00e1, de misericordia en nuestra condici\u00f3n de pecadores reconoceremos que somos cari\u00f1osamente abrazados (LC15,11-32), y que su misericordia llenar\u00e1 nuestros corazones.<br \/>\nQue la distancia sea derribada por la cercan\u00eda entre un Padre y un hijo, que el miedo d\u00e9 lugar a la valent\u00eda, que la alegr\u00eda sustituya la tristeza y que nuestras limitaciones se transformen en la fuerza de hijos de Dios.<br \/>\nEl amor todo olvida, todo comprende y nos hace nuevas personas para una nueva vida.<br \/>\nMar\u00eda que nos abri\u00f3 la puerta de su casa estar\u00e1 siempre presente, como en el Principio, cuando genera y nos ofrece a Jes\u00fas, y al final cuando nos entrega a su Hijo resucitado.<br \/>\nTratemos de imitarla y dejemos que la gracia de su Hijo nos transforme en este gran Encuentro porque la Reconciliaci\u00f3n es siempre signo de Amor.\n<\/p>\n<p style=\"text-align: justify;\">&#8220;Dej\u00e9monos alentar por los signos de santidad que el se\u00f1or nos ofrece a trav\u00e9s de los miembros m\u00e1s humildes de este pueblo&#8221;<br \/>\n<em>Gaudete et Exultate,\u00a0<\/em>8<\/p>\n<p style=\"text-align: justify;\">To e Z\u00e9 Moura Soares<br \/>\nMatrimonio responsable del ERI<\/p>\n","protected":false},"excerpt":{"rendered":"<p>Cuando vivimos la experiencia del encuentro en nuestro entorno, en nuestra familia en nuestra profesi\u00f3n de acuerdo con nuestra vocaci\u00f3n estamos al mismo tiempo, construyendo con El su reino de [&hellip;]<\/p>\n","protected":false},"author":1,"featured_media":0,"parent":0,"menu_order":0,"comment_status":"closed","ping_status":"closed","template":"","meta":{"_monsterinsights_skip_tracking":false,"_monsterinsights_sitenote_active":false,"_monsterinsights_sitenote_note":"","_monsterinsights_sitenote_category":0,"footnotes":""},"_links":{"self":[{"href":"https:\/\/fatima2018.equipes-notre-dame.com\/es\/wp-json\/wp\/v2\/pages\/1139"}],"collection":[{"href":"https:\/\/fatima2018.equipes-notre-dame.com\/es\/wp-json\/wp\/v2\/pages"}],"about":[{"href":"https:\/\/fatima2018.equipes-notre-dame.com\/es\/wp-json\/wp\/v2\/types\/page"}],"author":[{"embeddable":true,"href":"https:\/\/fatima2018.equipes-notre-dame.com\/es\/wp-json\/wp\/v2\/users\/1"}],"replies":[{"embeddable":true,"href":"https:\/\/fatima2018.equipes-notre-dame.com\/es\/wp-json\/wp\/v2\/comments?post=1139"}],"version-history":[{"count":1,"href":"https:\/\/fatima2018.equipes-notre-dame.com\/es\/wp-json\/wp\/v2\/pages\/1139\/revisions"}],"predecessor-version":[{"id":1140,"href":"https:\/\/fatima2018.equipes-notre-dame.com\/es\/wp-json\/wp\/v2\/pages\/1139\/revisions\/1140"}],"wp:attachment":[{"href":"https:\/\/fatima2018.equipes-notre-dame.com\/es\/wp-json\/wp\/v2\/media?parent=1139"}],"curies":[{"name":"wp","href":"https:\/\/api.w.org\/{rel}","templated":true}]}}