{"id":2290,"date":"2018-10-08T16:33:38","date_gmt":"2018-10-08T15:33:38","guid":{"rendered":"https:\/\/fatima2018.equipes-notre-dame.com\/?page_id=2290"},"modified":"2019-01-02T17:23:02","modified_gmt":"2019-01-02T17:23:02","slug":"dia-18","status":"publish","type":"page","link":"https:\/\/fatima2018.equipes-notre-dame.com\/es\/dia-18\/","title":{"rendered":"D\u00eda 18"},"content":{"rendered":"\n<table id=\"tablepress-17\" class=\"tablepress tablepress-id-17\">\n<thead>\n<tr class=\"row-1\">\n\t<th class=\"column-1\">D\u00eda\/Hora<\/th><th class=\"column-2\">Autor<\/th><th class=\"column-3\">Nombre del documento<\/th>\n<\/tr>\n<\/thead>\n<tbody class=\"row-hover\">\n<tr class=\"row-2\">\n\t<td class=\"column-1\">18 \/ 09h00<\/td><td class=\"column-2\">D. Jos\u00e9 Tolentino Mendon\u00e7a<\/td><td class=\"column-3\"><a href=\"https:\/\/fatima2018.equipes-notre-dame.com\/es\/wp-content\/uploads\/2018\/07\/ESP-Meditacion-2-20180718-1.pdf\" rel=\"noopener\" target=\"_blank\">El hijo se march\u00f3 a un pa\u00eds lejano y all\u00ed derroch\u00f3 su fortuna<\/a><\/td>\n<\/tr>\n<tr class=\"row-3\">\n\t<td class=\"column-1\">18 \/ 09h00<\/td><td class=\"column-2\">Helena e Paul McCloskey<\/td><td class=\"column-3\"><a href=\"https:\/\/fatima2018.equipes-notre-dame.com\/es\/wp-content\/uploads\/2018\/07\/ESP-15-Presentation-of-the-Day-18th-July_ESPrelu-JA_A.pdf\" rel=\"noopener\" target=\"_blank\">Introducci\u00f3n y Presentaci\u00f3n<\/a><\/td>\n<\/tr>\n<tr class=\"row-4\">\n\t<td class=\"column-1\">18 \/ 09h30<\/td><td class=\"column-2\">Fran\u00e7oise e R\u00e9mi Gaussel<\/td><td class=\"column-3\"><a href=\"https:\/\/fatima2018.equipes-notre-dame.com\/es\/wp-content\/uploads\/2018\/07\/ESP-18-INTRO-Introduccion-sobre-el-P.Caffarel.pdf\" rel=\"noopener\" target=\"_blank\">Introducci\u00f3n a la sesi\u00f3n sobre el Padre Caffarel<\/a><\/td>\n<\/tr>\n<tr class=\"row-5\">\n\t<td class=\"column-1\">18 \/ 09h30<\/td><td class=\"column-2\">T\u00f3 e Z\u00e9 Moura Soares<\/td><td class=\"column-3\"><a href=\"https:\/\/fatima2018.equipes-notre-dame.com\/es\/wp-content\/uploads\/2018\/07\/ESP-Actualidad-del-pensamiento-del-P.-Caffarel.pdf\" rel=\"noopener\" target=\"_blank\">Actualidad del Pensamiento del Padre Caffarel<\/a><\/td>\n<\/tr>\n<tr class=\"row-6\">\n\t<td class=\"column-1\">18 \/ 09h30<\/td><td class=\"column-2\">Padre Paul-Dominique Marcovits, o.p. e Jean Allemand<\/td><td class=\"column-3\"><a href=\"https:\/\/fatima2018.equipes-notre-dame.com\/es\/wp-content\/uploads\/2018\/07\/ESP-18-El-Padre-Caffarel-J.-Allemand-et-Paul-Dominique-Marcovits.pdf\" rel=\"noopener\" target=\"_blank\">El Padre Caffarel<\/a><\/td>\n<\/tr>\n<tr class=\"row-7\">\n\t<td class=\"column-1\">18 \/ 09h30<\/td><td class=\"column-2\">Marie d\u2019Amonville <\/td><td class=\"column-3\"><a href=\"https:\/\/fatima2018.equipes-notre-dame.com\/es\/wp-content\/uploads\/2018\/07\/ESP-18b-Intervencion-de-Marie-d\u00d4\u00c7\u00d6Amonville.pdf\" rel=\"noopener\" target=\"_blank\">Testimonio<\/a><\/td>\n<\/tr>\n<tr class=\"row-8\">\n\t<td class=\"column-1\">18 \/ 09h30<\/td><td class=\"column-2\">Padre Angelo Paleri<\/td><td class=\"column-3\"><a href=\"https:\/\/fatima2018.equipes-notre-dame.com\/es\/wp-content\/uploads\/2018\/07\/ESP-19-Causa-de-Canonizacion-P.-Angelo-Paleri.pdf\" rel=\"noopener\" target=\"_blank\">Comunicaci\u00f3n sobre el avance<br \/>\nde la causa de canonizaci\u00f3n del Padre Henri Caffarel<\/a><\/td>\n<\/tr>\n<tr class=\"row-9\">\n\t<td class=\"column-1\">18 \/ 12h30<\/td><td class=\"column-2\">Constanza e Alberto Alvarado<\/td><td class=\"column-3\"><a href=\"https:\/\/fatima2018.equipes-notre-dame.com\/es\/wp-content\/uploads\/2018\/07\/ESP-17-Desarrollo-e-Internacionalidad-de-los-ENS.pdf\" rel=\"noopener\" target=\"_blank\">Desarrollo e internacionalidad del Movimiento de los<br \/>\nEquipos de Nuestra Se\u00f1ora<\/a><\/td>\n<\/tr>\n<\/tbody>\n<\/table>\n<!-- #tablepress-17 from cache -->\n","protected":false},"excerpt":{"rendered":"","protected":false},"author":1,"featured_media":0,"parent":0,"menu_order":0,"comment_status":"closed","ping_status":"closed","template":"","meta":{"_monsterinsights_skip_tracking":false,"_monsterinsights_sitenote_active":false,"_monsterinsights_sitenote_note":"","_monsterinsights_sitenote_category":0,"footnotes":""},"_links":{"self":[{"href":"https:\/\/fatima2018.equipes-notre-dame.com\/es\/wp-json\/wp\/v2\/pages\/2290"}],"collection":[{"href":"https:\/\/fatima2018.equipes-notre-dame.com\/es\/wp-json\/wp\/v2\/pages"}],"about":[{"href":"https:\/\/fatima2018.equipes-notre-dame.com\/es\/wp-json\/wp\/v2\/types\/page"}],"author":[{"embeddable":true,"href":"https:\/\/fatima2018.equipes-notre-dame.com\/es\/wp-json\/wp\/v2\/users\/1"}],"replies":[{"embeddable":true,"href":"https:\/\/fatima2018.equipes-notre-dame.com\/es\/wp-json\/wp\/v2\/comments?post=2290"}],"version-history":[{"count":1,"href":"https:\/\/fatima2018.equipes-notre-dame.com\/es\/wp-json\/wp\/v2\/pages\/2290\/revisions"}],"predecessor-version":[{"id":2615,"href":"https:\/\/fatima2018.equipes-notre-dame.com\/es\/wp-json\/wp\/v2\/pages\/2290\/revisions\/2615"}],"wp:attachment":[{"href":"https:\/\/fatima2018.equipes-notre-dame.com\/es\/wp-json\/wp\/v2\/media?parent=2290"}],"curies":[{"name":"wp","href":"https:\/\/api.w.org\/{rel}","templated":true}]}}