{"id":491,"date":"2016-11-15T17:44:43","date_gmt":"2016-11-15T17:44:43","guid":{"rendered":"http:\/\/192.168.1.103\/creation\/?page_id=491"},"modified":"2018-05-11T10:21:56","modified_gmt":"2018-05-11T09:21:56","slug":"fatima","status":"publish","type":"page","link":"https:\/\/fatima2018.equipes-notre-dame.com\/es\/fatima\/","title":{"rendered":"F\u00e1tima"},"content":{"rendered":"<div id=\"pl-491\"  class=\"panel-layout\" ><div id=\"pg-491-0\"  class=\"panel-grid panel-no-style\" ><div id=\"pgc-491-0-0\"  class=\"panel-grid-cell\" ><div id=\"panel-491-0-0-0\" class=\"so-panel widget widget_black-studio-tinymce widget_black_studio_tinymce panel-first-child panel-last-child\" data-index=\"0\" ><div class=\"textwidget\"><p style=\"text-align: center;\"><span style=\"text-decoration: underline;\"><span style=\"color: #000000; font-size: 18pt;\"><strong>F\u00e1tima: Historia y Espacios<br \/>\n<\/strong><\/span><\/span><\/p>\n<\/div><\/div><\/div><\/div><div id=\"pg-491-1\"  class=\"panel-grid panel-no-style\" ><div id=\"pgc-491-1-0\"  class=\"panel-grid-cell\" ><div id=\"panel-491-1-0-0\" class=\"so-panel widget widget_black-studio-tinymce widget_black_studio_tinymce panel-first-child panel-last-child\" data-index=\"1\" ><div class=\"textwidget\"><p style=\"text-align: left;\">            <iframe loading=\"lazy\" style=\"border: 0;\" src=\"https:\/\/www.google.com\/maps\/embed?pb=!1m18!1m12!1m3!1d7308.459494935359!2d-8.676693196296085!3d39.63106079325906!2m3!1f0!2f0!3f0!3m2!1i1024!2i768!4f13.1!3m3!1m2!1s0x0%3A0x0!2zMznCsDM3JzUyLjciTiA4wrA0MCcyMy4xIlc!5e0!3m2!1spt-PT!2spt!4v1481909809095\" width=\"400\" height=\"250\" frameborder=\"0\" allowfullscreen=\"allowfullscreen\"><\/iframe><\/p>\n<\/div><\/div><\/div><div id=\"pgc-491-1-1\"  class=\"panel-grid-cell\" ><div id=\"panel-491-1-1-0\" class=\"so-panel widget widget_sow-editor panel-first-child panel-last-child\" data-index=\"2\" ><div class=\"Titulo panel-widget-style panel-widget-style-for-491-1-1-0\" ><div\n\t\t\t\n\t\t\tclass=\"so-widget-sow-editor so-widget-sow-editor-base\"\n\t\t\t\n\t\t>\n<div class=\"siteorigin-widget-tinymce textwidget\">\n\t<ul>\n<li><strong><span style=\"color: #000000;\"><a style=\"color: #000000;\" href=\"http:\/\/www.santuario-fatima.pt\/es\/pages\/narrativa-de-las-apariciones-de-fatima\"target=\"_blank\">Narrativa de las apariciones de F\u00e1tima<\/a><\/span><\/strong><\/li>\n<\/ul>\n<ul>\n<li><strong><span style=\"color: #000000;\">\u00a0<a style=\"color: #000000;\" href=\"http:\/\/www.fatima.pt\/es\/pages\/el-acontecimiento-de-fatima\"target=\"_blank\">Mensaje de Fatima - El acontecimento de Fatima<\/a><\/span><\/strong><\/li>\n<\/ul>\n<ul>\n<li><strong><span style=\"color: #000000;\"><a style=\"color: #000000;\" href=\"http:\/\/www.fatima.pt\/es\/pages\/palabras-clave\"target=\"_blank\">Palabras clave<\/a><\/span><\/strong><\/li>\n<\/ul>\n<ul>\n<li><strong><span style=\"color: #000000;\"><a style=\"color: #000000;\" href=\"http:\/\/www.fatima.pt\/es\/pages\/oraciones-de-fatima\"target=\"_blank\">Oraciones de Fatima<\/a><\/span><\/strong><\/li>\n<\/ul>\n<ul>\n<li><strong><span style=\"color: #000000;\"><a style=\"color: #000000;\" href=\"http:\/\/www.fatima.pt\/es\/pages\/vida-e-espiritualidade\"target=\"_blank\">Videntes de Fatima - Vida e espiritualidade<\/a><\/span><\/strong><\/li>\n<\/ul>\n<ul>\n<li><strong><span style=\"color: #000000;\"><a style=\"color: #000000;\" href=\"http:\/\/www.fatima.pt\/es\/pages\/cronologia\"target=\"_blank\">Cronologia<\/a><\/span><\/strong><\/li>\n<\/ul>\n<ul>\n<li><strong><span style=\"color: #000000;\"><a style=\"color: #000000;\" href=\"http:\/\/www.fatima.pt\/es\/pages\/letania-de-los-beatos-francisco-y-jacinta\"target=\"_blank\">Letan\u00eda de los beatos Francisco y Jacinta<\/a><\/span><\/strong><\/li>\n<\/ul>\n<ul>\n<li><strong><span style=\"color: #000000;\"><a style=\"color: #000000;\" href=\"http:\/\/www.santuario-fatima.pt\/es\/pages\/oracion-para-pedir-la-beatificacion-de-la-sierva-de-dios-sor-lucia\"target=\"_blank\">Oraci\u00f3n para pedir la beatificaci\u00f3n de la sierva de Dios sor Luc\u00eda<\/a><\/span><\/strong><\/li>\n<\/ul>\n<ul>\n<li><strong><span style=\"color: #000000;\"><a style=\"color: #000000;\" href=\"http:\/\/www.fatima.pt\/es\/pages\/lugares-de-las-apariciones\"target=\"_blank\">Lugares de las Apariones<\/a><\/span><\/strong><\/li>\n<\/ul>\n<ul>\n<li><strong><span style=\"color: #000000;\"><a style=\"color: #000000;\" href=\"http:\/\/www.fatima.pt\/es\/pages\/lugares-de-culto-y-oracion\"target=\"_blank\">Lugares de culto y oraci\u00f3n<\/a><\/span><\/strong><\/li>\n<\/ul>\n<ul>\n<li><strong><span style=\"color: #000000;\"><a style=\"color: #000000;\" href=\"http:\/\/www.fatima.pt\/es\/pages\/lugares-de-memoria-y-cultura\"target=\"_blank\">Lugares de memoria y cultura<\/a><\/span><\/strong><\/li>\n<\/ul>\n<p>&nbsp;<\/p>\n<\/div>\n<\/div><\/div><\/div><\/div><\/div><\/div>","protected":false},"excerpt":{"rendered":"<p>F\u00e1tima: Historia y Espacios Narrativa de las apariciones de F\u00e1tima \u00a0Mensaje de Fatima &#8211; El acontecimento de Fatima Palabras clave Oraciones de Fatima Videntes de Fatima &#8211; Vida e espiritualidade [&hellip;]<\/p>\n","protected":false},"author":1,"featured_media":0,"parent":0,"menu_order":0,"comment_status":"closed","ping_status":"closed","template":"home-panels.php","meta":{"_monsterinsights_skip_tracking":false,"_monsterinsights_sitenote_active":false,"_monsterinsights_sitenote_note":"","_monsterinsights_sitenote_category":0,"footnotes":""},"_links":{"self":[{"href":"https:\/\/fatima2018.equipes-notre-dame.com\/es\/wp-json\/wp\/v2\/pages\/491"}],"collection":[{"href":"https:\/\/fatima2018.equipes-notre-dame.com\/es\/wp-json\/wp\/v2\/pages"}],"about":[{"href":"https:\/\/fatima2018.equipes-notre-dame.com\/es\/wp-json\/wp\/v2\/types\/page"}],"author":[{"embeddable":true,"href":"https:\/\/fatima2018.equipes-notre-dame.com\/es\/wp-json\/wp\/v2\/users\/1"}],"replies":[{"embeddable":true,"href":"https:\/\/fatima2018.equipes-notre-dame.com\/es\/wp-json\/wp\/v2\/comments?post=491"}],"version-history":[{"count":63,"href":"https:\/\/fatima2018.equipes-notre-dame.com\/es\/wp-json\/wp\/v2\/pages\/491\/revisions"}],"predecessor-version":[{"id":1133,"href":"https:\/\/fatima2018.equipes-notre-dame.com\/es\/wp-json\/wp\/v2\/pages\/491\/revisions\/1133"}],"wp:attachment":[{"href":"https:\/\/fatima2018.equipes-notre-dame.com\/es\/wp-json\/wp\/v2\/media?parent=491"}],"curies":[{"name":"wp","href":"https:\/\/api.w.org\/{rel}","templated":true}]}}