{"id":1377,"date":"2018-04-03T16:36:07","date_gmt":"2018-04-03T15:36:07","guid":{"rendered":"https:\/\/fatima2018.equipes-notre-dame.com\/?page_id=1377"},"modified":"2018-05-11T17:28:29","modified_gmt":"2018-05-11T15:28:29","slug":"histoire-des-rassemblements-internationaux","status":"publish","type":"page","link":"https:\/\/fatima2018.equipes-notre-dame.com\/fr\/qui-sommes-nous\/histoire-des-rassemblements-internationaux\/","title":{"rendered":"Histoire des Rassemblements Internationaux"},"content":{"rendered":"<p><span style=\"font-size: 14pt;\">Conna\u00eetre la chronologie des Rassemblements Internationaux des \u00c9quipes de Notre-Dame!<\/span><\/p>\n\t\t\t<!-- Cool Timeline Free V2.9.2 -->\r\n\t\t\t<div class=\"ctl-wrapper\" role=\"region\" aria-label=\"Timeline\">\r\n\t\t\t\t<div class=\"ctl-before-content\"><div class=\"timeline-main-title\"><h1> <\/h1><\/div><\/div>\t\t\t\t<div id=\"cool_timeline_1\" class=\"cool-timeline-wrapper ctl-both-sided ctl-vertical-wrapper\" >\r\n\t\t\t\t\t<div class=\"ctl-start\"><\/div>\r\n\t\t\t\t\t<!-- Timeline Container -->\r\n\t\t\t\t\t<div class=\"ctl-timeline ctl-timeline-container\" data-animation=\"fadeInUp\">\r\n\t\t\t\t\t\t<!-- Center Line -->\r\n\t\t\t\t\t\t<div class=\"ctl-inner-line\" role=\"presentation\"><\/div>\r\n\t\t\t\t\t\t<!-- Timeline Content --><div  id=\"ctl-story-1594\" class=\"ctl-story ctl-story-icon odd ctl-story-right\" data-aos=\"fadeInUp\"   data-story-index=\"1\" role=\"article\"><!-- Story Date --><div class=\"ctl-labels\"><div class=\"ctl-label-big story-date\">2012<\/div><\/div><!-- Story Icon --><div class=\"ctl-icon\"><i class= \"fa fa-calendar-check-o\" aria-hidden =\"true\"><\/i><\/div> <!-- Story Arrow --><div class=\"ctl-arrow\"><\/div><!-- Story Content --><div class=\"ctl-content\"><!-- Story Title --><div class=\"ctl-title story-1594\" aria-label=\"2\">XI Rassemblement International Brasilia 2012<\/div><!-- Story Description --><div class=\"ctl-description\"><p>Th\u00e8me g\u00e9n\u00e9ral: \u00ab Oser l&#8217;\u00c9vangile\u00bb. 3500 couples et environ 500 conseillers spirituels ont particip\u00e9 \u00e0 ce rassemblement. Il fut le premier \u00e0 avoir lieu hors d&#8217;Europe, au Br\u00e9sil, dans l&#8217;esprit d&#8217;internationalit\u00e9 de notre Mouvement. L&#8217;orientation pour les prochaines ann\u00e9es 2012 \u2013 2018, bas\u00e9e sur le th\u00e8me de La Rencontre, s&#8217;appuie sur trois id\u00e9es: Couples: Oser un c\u0153ur immerg\u00e9 dans l&#8217;Amour du Christ; Oser accueillir et prendre soin des Hommes; Oser partir chaque jour dans le Monde au service d&#8217;\u00c9glise.<\/p>\n<\/div><\/div><\/div><!-- Timeline Content --><div  id=\"ctl-story-1593\" class=\"ctl-story ctl-story-icon even ctl-story-left\" data-aos=\"fadeInUp\"   data-story-index=\"2\" role=\"article\"><!-- Story Date --><div class=\"ctl-labels\"><div class=\"ctl-label-big story-date\">2006<\/div><\/div><!-- Story Icon --><div class=\"ctl-icon\"><i class= \"fa fa-calendar-check-o\" aria-hidden =\"true\"><\/i><\/div> <!-- Story Arrow --><div class=\"ctl-arrow\"><\/div><!-- Story Content --><div class=\"ctl-content\"><!-- Story Title --><div class=\"ctl-title story-1593\" aria-label=\"2\">X Rassemblement International Lourdes 2006<\/div><!-- Story Description --><div class=\"ctl-description\"><p>Th\u00e8me g\u00e9n\u00e9ral: \u00ab\u00c9quipes de Notre-Dame, communaut\u00e9s vivantes de couples, reflets de l&#8217;amour du Christ\u00bb. Environ 8100 membres des \u00c9quipes de Notre-Dame, de plus de cinquante pays de cinq continents, se sont r\u00e9unis au Sanctuaire de Lourdes. Ce rassemblement fut marqu\u00e9 par \u00abl&#8217;ouverture de la cause de canonisation du P\u00e8re Caffarel\u00bb.<\/p>\n<\/div><\/div><\/div><!-- Timeline Content --><div  id=\"ctl-story-1592\" class=\"ctl-story ctl-story-icon odd ctl-story-right\" data-aos=\"fadeInUp\"   data-story-index=\"3\" role=\"article\"><!-- Story Date --><div class=\"ctl-labels\"><div class=\"ctl-label-big story-date\">2000<\/div><\/div><!-- Story Icon --><div class=\"ctl-icon\"><i class= \"fa fa-calendar-check-o\" aria-hidden =\"true\"><\/i><\/div> <!-- Story Arrow --><div class=\"ctl-arrow\"><\/div><!-- Story Content --><div class=\"ctl-content\"><!-- Story Title --><div class=\"ctl-title story-1592\" aria-label=\"2\">IX Rassemblement International Saint Jacques de Compostelle 2000<\/div><!-- Story Description --><div class=\"ctl-description\"><p>Th\u00e8me g\u00e9n\u00e9ral : \u00ab Le couple, image de Dieu trinitaire\u00bb. 3400 couples et 300 pr\u00eates-conseillers spirituels, originaires de 57 pays des 5 continents, se sont r\u00e9unis \u00e0 Saint Jacques de Compostelle (Espagne). Le Pape Jean-Paul II rappela \u00e0 cette occasion que les Equipes Notre-Dame avaient: \u00abla mission de proposer une spiritualit\u00e9 conjugale et familiale enracin\u00e9e dans le sacrement de mariage\u00bb.<\/p>\n<\/div><\/div><\/div><!-- Timeline Content --><div  id=\"ctl-story-1591\" class=\"ctl-story ctl-story-icon even ctl-story-left\" data-aos=\"fadeInUp\"   data-story-index=\"4\" role=\"article\"><!-- Story Date --><div class=\"ctl-labels\"><div class=\"ctl-label-big story-date\">1994<\/div><\/div><!-- Story Icon --><div class=\"ctl-icon\"><i class= \"fa fa-calendar-check-o\" aria-hidden =\"true\"><\/i><\/div> <!-- Story Arrow --><div class=\"ctl-arrow\"><\/div><!-- Story Content --><div class=\"ctl-content\"><!-- Story Title --><div class=\"ctl-title story-1591\" aria-label=\"2\">VIII Rassemblement International Fatima 1994<\/div><!-- Story Description --><div class=\"ctl-description\"><p>Th\u00e8me g\u00e9n\u00e9ral : \u00ab\u00catre une famille dans l&#8217;\u00c9glise d&#8217;aujourd&#8217;hui et dans le monde\u00bb. Dans le cadre de l&#8217;Ann\u00e9e Internationale de la Famille, 5200 membres des Equipes Notre-Dame repr\u00e9sentant 49 pays, rassembl\u00e9s \u00e0 Fatima, sont invit\u00e9s aux &#8220;Noces de Cana&#8221;.<\/p>\n<\/div><\/div><\/div><!-- Timeline Content --><div  id=\"ctl-story-1590\" class=\"ctl-story ctl-story-icon odd ctl-story-right\" data-aos=\"fadeInUp\"   data-story-index=\"5\" role=\"article\"><!-- Story Date --><div class=\"ctl-labels\"><div class=\"ctl-label-big story-date\">1988<\/div><\/div><!-- Story Icon --><div class=\"ctl-icon\"><i class= \"fa fa-calendar-check-o\" aria-hidden =\"true\"><\/i><\/div> <!-- Story Arrow --><div class=\"ctl-arrow\"><\/div><!-- Story Content --><div class=\"ctl-content\"><!-- Story Title --><div class=\"ctl-title story-1590\" aria-label=\"2\">VII Rassemblement International Lourdes 1988<\/div><!-- Story Description --><div class=\"ctl-description\"><p>Th\u00e8me g\u00e9n\u00e9ral : \u00abLe Second Souffle\u00bb. Un point de d\u00e9part, un enjeu, un texte de r\u00e9f\u00e9rence, un appel \u00e0 la cr\u00e9ativit\u00e9, lanc\u00e9 \u00e0 toutes les \u00e9quipes du monde entier. C&#8217;est dans cet esprit que 3400 couples et 260 pr\u00eatres se r\u00e9unissent \u00e0 Lourdes pour confirmer la mission des Equipes Notre-Dame : assurer la diffusion de la spiritualit\u00e9 conjugale, en rappelant que le sacrement du mariage exige abn\u00e9gation et qu&#8217;il est chemin d&#8217;amour, de bonheur et de saintet\u00e9.<\/p>\n<\/div><\/div><\/div><!-- Timeline Content --><div  id=\"ctl-story-1589\" class=\"ctl-story ctl-story-icon even ctl-story-left\" data-aos=\"fadeInUp\"   data-story-index=\"6\" role=\"article\"><!-- Story Date --><div class=\"ctl-labels\"><div class=\"ctl-label-big story-date\">1982<\/div><\/div><!-- Story Icon --><div class=\"ctl-icon\"><i class= \"fa fa-calendar-check-o\" aria-hidden =\"true\"><\/i><\/div> <!-- Story Arrow --><div class=\"ctl-arrow\"><\/div><!-- Story Content --><div class=\"ctl-content\"><!-- Story Title --><div class=\"ctl-title story-1589\" aria-label=\"2\">VI Rassemblement International Rome 1982<\/div><!-- Story Description --><div class=\"ctl-description\"><p>Th\u00e8me g\u00e9n\u00e9ral : \u00abLe Christ marche avec nous\u00bb. 5000 p\u00e8lerins \u00e0 Rome sont accueillis par le Pape Jean Paul II : &#8220;Le mariage chr\u00e9tien est une P\u00e2que&#8221;.<\/p>\n<\/div><\/div><\/div><!-- Timeline Content --><div  id=\"ctl-story-1588\" class=\"ctl-story ctl-story-icon odd ctl-story-right\" data-aos=\"fadeInUp\"   data-story-index=\"7\" role=\"article\"><!-- Story Date --><div class=\"ctl-labels\"><div class=\"ctl-label-big story-date\">1976<\/div><\/div><!-- Story Icon --><div class=\"ctl-icon\"><i class= \"fa fa-calendar-check-o\" aria-hidden =\"true\"><\/i><\/div> <!-- Story Arrow --><div class=\"ctl-arrow\"><\/div><!-- Story Content --><div class=\"ctl-content\"><!-- Story Title --><div class=\"ctl-title story-1588\" aria-label=\"2\">V Rassemblement International Rome 1976<\/div><!-- Story Description --><div class=\"ctl-description\"><p>Th\u00e8me g\u00e9n\u00e9ral : \u00ab Les Equipes Notre-Dame au service de l&#8217;\u00c9vang\u00e9lisation\u00bb. Apr\u00e8s cette reconnaissance, l&#8217;\u00e9quipe responsable fournit un document actualis\u00e9 de la Charte : &#8220;Ce qu&#8217;est une \u00e9quipe Notre-Dame &#8211; compl\u00e9ment \u00e0 la Charte&#8221;. Paul VI, dans son discours, a d\u00e9clar\u00e9 aux \u00e9quipes : &#8220;Gardez ce que vous \u00e9tiez au premier jour &#8230;, v\u00e9ritable \u00e9cole de spiritualit\u00e9 pour les couples mari\u00e9s&#8221;. De cette rencontre sont n\u00e9es les &#8220;\u00c9quipes Notre-Dame Jeunes&#8221; (ENDJ).<\/p>\n<\/div><\/div><\/div><!-- Timeline Content --><div  id=\"ctl-story-1587\" class=\"ctl-story ctl-story-icon even ctl-story-left\" data-aos=\"fadeInUp\"   data-story-index=\"8\" role=\"article\"><!-- Story Date --><div class=\"ctl-labels\"><div class=\"ctl-label-big story-date\">1970<\/div><\/div><!-- Story Icon --><div class=\"ctl-icon\"><i class= \"fa fa-calendar-check-o\" aria-hidden =\"true\"><\/i><\/div> <!-- Story Arrow --><div class=\"ctl-arrow\"><\/div><!-- Story Content --><div class=\"ctl-content\"><!-- Story Title --><div class=\"ctl-title story-1587\" aria-label=\"2\">IV Rassemblement International Rome 1970<\/div><!-- Story Description --><div class=\"ctl-description\"><p>Th\u00e8me g\u00e9n\u00e9ral : \u00abL&#8217;amour humain est un chemin de la saintet\u00e9\u00bb. 2000 couples et 200 pr\u00eatres-conseillers spirituels venant de 23 pays, entendent le Pape Paul VI leur confirmer &#8221; la vocation propre du couple uni par le sacrement de mariage&#8221;. Les \u00c9quipes Notre-Dame prennent une dimension internationale.<\/p>\n<\/div><\/div><\/div><!-- Timeline Content --><div  id=\"ctl-story-1586\" class=\"ctl-story ctl-story-icon odd ctl-story-right\" data-aos=\"fadeInUp\"   data-story-index=\"9\" role=\"article\"><!-- Story Date --><div class=\"ctl-labels\"><div class=\"ctl-label-big story-date\">1965<\/div><\/div><!-- Story Icon --><div class=\"ctl-icon\"><i class= \"fa fa-calendar-check-o\" aria-hidden =\"true\"><\/i><\/div> <!-- Story Arrow --><div class=\"ctl-arrow\"><\/div><!-- Story Content --><div class=\"ctl-content\"><!-- Story Title --><div class=\"ctl-title story-1586\" aria-label=\"2\">III Rassemblement International Lourdes 1965<\/div><!-- Story Description --><div class=\"ctl-description\"><p>Th\u00e8me g\u00e9n\u00e9ral : \u00abLes Equipes Notre-Dame au service d&#8217;un commandement nouveau\u00bb. En pr\u00e9sence de 7000 membres des Equipes Notre-Dame, le P\u00e8re Caffarel revient \u00e0 la vocation du Mouvement : mystique du partage et de la mise en commun, charit\u00e9 fraternelle et service de l&#8217;\u00c9glise.<\/p>\n<\/div><\/div><\/div><!-- Timeline Content --><div  id=\"ctl-story-1585\" class=\"ctl-story ctl-story-icon even ctl-story-left\" data-aos=\"fadeInUp\"   data-story-index=\"10\" role=\"article\"><!-- Story Date --><div class=\"ctl-labels\"><div class=\"ctl-label-big story-date\">1959<\/div><\/div><!-- Story Icon --><div class=\"ctl-icon\"><i class= \"fa fa-calendar-check-o\" aria-hidden =\"true\"><\/i><\/div> <!-- Story Arrow --><div class=\"ctl-arrow\"><\/div><!-- Story Content --><div class=\"ctl-content\"><!-- Story Title --><div class=\"ctl-title story-1585\" aria-label=\"2\">II Rassemblement International Rome 1959<\/div><!-- Story Description --><div class=\"ctl-description\"><p>Th\u00e8me g\u00e9n\u00e9ral : \u00abVocation et itin\u00e9raire des Equipes Notre-Dame\u00bb. Environ 2050 membres des END sont re\u00e7us par le Pape Jean XXIII.<\/p>\n<\/div><\/div><\/div><!-- Timeline Content --><div  id=\"ctl-story-1583\" class=\"ctl-story ctl-story-icon odd ctl-story-right\" data-aos=\"fadeInUp\"   data-story-index=\"11\" role=\"article\"><!-- Story Date --><div class=\"ctl-labels\"><div class=\"ctl-label-big story-date\">1954<\/div><\/div><!-- Story Icon --><div class=\"ctl-icon\"><i class= \"fa fa-calendar-check-o\" aria-hidden =\"true\"><\/i><\/div> <!-- Story Arrow --><div class=\"ctl-arrow\"><\/div><!-- Story Content --><div class=\"ctl-content\"><!-- Story Title --><div class=\"ctl-title story-1583\" aria-label=\"2\">I Rassemblement International Lourdes 1954<\/div><!-- Story Description --><div class=\"ctl-description\"><p>Th\u00e8me g\u00e9n\u00e9ral : \u00abLes Equipes Notre-Dame, Mouvement International\u00bb. 900 membres des Equipes Notre-Dame consacrent le Mouvement \u00e0 Notre-Dame.<\/p>\n<\/div><\/div><\/div>\t\t\t\t\t<\/div>\r\n\t\t\t\t\t<div class=\"ctl-end\"><\/div>\r\n\t\t\t\t\t\t\t\t\t<\/div>\r\n\t\t\t<\/div>\r\n\t\t\t\n","protected":false},"excerpt":{"rendered":"<p>Conna\u00eetre la chronologie des Rassemblements Internationaux des \u00c9quipes de Notre-Dame!<\/p>\n","protected":false},"author":1,"featured_media":0,"parent":478,"menu_order":2,"comment_status":"closed","ping_status":"closed","template":"templates\/template-full.php","meta":{"_monsterinsights_skip_tracking":false,"_monsterinsights_sitenote_active":false,"_monsterinsights_sitenote_note":"","_monsterinsights_sitenote_category":0,"footnotes":""},"_links":{"self":[{"href":"https:\/\/fatima2018.equipes-notre-dame.com\/fr\/wp-json\/wp\/v2\/pages\/1377"}],"collection":[{"href":"https:\/\/fatima2018.equipes-notre-dame.com\/fr\/wp-json\/wp\/v2\/pages"}],"about":[{"href":"https:\/\/fatima2018.equipes-notre-dame.com\/fr\/wp-json\/wp\/v2\/types\/page"}],"author":[{"embeddable":true,"href":"https:\/\/fatima2018.equipes-notre-dame.com\/fr\/wp-json\/wp\/v2\/users\/1"}],"replies":[{"embeddable":true,"href":"https:\/\/fatima2018.equipes-notre-dame.com\/fr\/wp-json\/wp\/v2\/comments?post=1377"}],"version-history":[{"count":0,"href":"https:\/\/fatima2018.equipes-notre-dame.com\/fr\/wp-json\/wp\/v2\/pages\/1377\/revisions"}],"up":[{"embeddable":true,"href":"https:\/\/fatima2018.equipes-notre-dame.com\/fr\/wp-json\/wp\/v2\/pages\/478"}],"wp:attachment":[{"href":"https:\/\/fatima2018.equipes-notre-dame.com\/fr\/wp-json\/wp\/v2\/media?parent=1377"}],"curies":[{"name":"wp","href":"https:\/\/api.w.org\/{rel}","templated":true}]}}