{"id":1422,"date":"2018-04-05T18:02:40","date_gmt":"2018-04-05T17:02:40","guid":{"rendered":"https:\/\/fatima2018.equipes-notre-dame.com\/?page_id=1422"},"modified":"2018-07-11T02:09:22","modified_gmt":"2018-07-11T00:09:22","slug":"pe-henri","status":"publish","type":"page","link":"https:\/\/fatima2018.equipes-notre-dame.com\/fr\/pe-henri\/","title":{"rendered":"Le P\u00e8re Henri \u00e0 propos du Rassemblement."},"content":{"rendered":"<p><img loading=\"lazy\" decoding=\"async\" src=\"https:\/\/fatima2018.equipes-notre-dame.com\/fr\/wp-content\/uploads\/2018\/07\/BANNER-2-FR.jpg\" alt=\"\" width=\"5006\" height=\"785\" class=\"aligncenter size-full wp-image-1672\" srcset=\"https:\/\/fatima2018.equipes-notre-dame.com\/fr\/wp-content\/uploads\/2018\/07\/BANNER-2-FR.jpg 5006w, https:\/\/fatima2018.equipes-notre-dame.com\/fr\/wp-content\/uploads\/2018\/07\/BANNER-2-FR-300x47.jpg 300w, https:\/\/fatima2018.equipes-notre-dame.com\/fr\/wp-content\/uploads\/2018\/07\/BANNER-2-FR-768x120.jpg 768w, https:\/\/fatima2018.equipes-notre-dame.com\/fr\/wp-content\/uploads\/2018\/07\/BANNER-2-FR-1024x161.jpg 1024w\" sizes=\"(max-width: 5006px) 100vw, 5006px\" \/><\/p>\n<p><strong>&#8220;UN  GESTE  QUI  S\u2019IMPOSE&#8221;<\/strong><\/p>\n<p style=\"text-align: justify;\"C\u2019est une des joies, une des fiert\u00e9s de notre g\u00e9n\u00e9ration d\u2019avoir, sinon d\u00e9couvert, du moins pris conscience des grandeurs chr\u00e9tiennes du Mariage. Amour conjugal, paternit\u00e9, maternit\u00e9, procr\u00e9ation, mission du foyer, n\u2019\u00e9voquent plus seulement pour nous des r\u00e9alit\u00e9s de la terre, mais des r\u00e9alit\u00e9s sacramentelles, c\u2019est-\u00e0-dire des r\u00e9alit\u00e9s humaines transfigur\u00e9es par la gr\u00e2ce, porteuses de gr\u00e2ces, toutes parlantes des r\u00e9alit\u00e9s divines.<\/p>\n<p style=\"text-align: justify;\">Je viens de dire que c\u2019est l\u00e0 une des fiert\u00e9s de notre g\u00e9n\u00e9ration. Oui, et c\u2019est bien l\u00e9gitime en un sens : nous avons cherch\u00e9, nous avons trouv\u00e9, nous nous f\u00e9licitons d\u2019avoir trouv\u00e9. Mais il y a parfois une note de na\u00efvet\u00e9 et de suffisance dans notre fiert\u00e9. Nous avons trouv\u00e9, oui, mais parce que Dieu a donn\u00e9. Ce n\u2019est pas nous-m\u00eames qu\u2019il faut f\u00e9liciter, c\u2019est Dieu qu\u2019il faut remercier.Il y a longtemps que j\u2019avais r\u00eav\u00e9 d\u2019un grand geste des foyers chr\u00e9tiens, par quoi ils viendraient exprimer publiquement \u00e0 Dieu leur reconnaissance d\u2019\u00eatre de ce temps auquel ses lumi\u00e8res ont \u00e9t\u00e9 accord\u00e9es. <\/p>\n<p style=\"text-align: justify;\">Ce geste, ce sera notre p\u00e8lerinage \u00e0 Lourdes des 5, 6 et 7 Juin..<\/p>\n<p style=\"text-align: justify;\">Geste de reconnaissance envers Dieu \u00ab auteur de tout don \u00bb. Mais aussi geste de reconnaissance envers l\u2019\u00c9glise. <\/p>\n<p style=\"text-align: justify;\">Trop influenc\u00e9s par une \u00e9ducation individualiste, nous avons parfois du mal \u00e0 nous convaincre que les dons de Dieu ne nous parviennent que dans l\u2019\u00c9glise et par l\u2019\u00c9glise \u2013 ce que St Cyprien traduisait : Nul n\u2019a Dieu pour p\u00e8re, qui ne veut pas de l\u2019\u00c9glise pour m\u00e8re. Ces richesses du mariage, il faut bien le comprendre, ce n\u2019est pas en des terres \u00e9trang\u00e8res que nous les sommes all\u00e9s qu\u00e9rir, mais bien dans l\u2019in\u00e9puisable tr\u00e9sor de notre m\u00e8re, l\u2019\u00c9glise. Nous les avons re\u00e7ues de ses mains.<\/p>\n<p style=\"text-align: justify;\">Nous n\u2019avons pas le droit de les garder en avares, en profiteurs. Puisque nous les avons re\u00e7ues de l\u2019\u00c9glise, il faut que l\u2019\u00c9glise en soit la premi\u00e8re b\u00e9n\u00e9ficiaire. Notre reconnaissance ne doit pas \u00eatre seulement un mot des l\u00e8vres, mais un don de soi.<\/p>\n<p style=\"text-align: justify;\">Don de soi, volont\u00e9 ardente et d\u00e9lib\u00e9r\u00e9e de mettre nos foyers au service de l\u2019\u00c9glise:<\/p>\n<ul style=\"list-style-type: circle;\">\n<li style=\"text-align: justify;\">de faire de nos enfants ses enfants<\/li>\n<li style=\"text-align: justify;\">de lui offrir avec empressement ceux que Dieu appellerait pour le \u201cplus haut service\u201d<\/li>\n<li style=\"text-align: justify;\">de travailler de toutes nos forces \u00e0 transmettre ce que nous avons compris du mariage \u00e0 tant de foyers qui l\u2019ignorent et qui l\u2019attendent<\/li>\n<li style=\"text-align: justify;\">de collaborer \u00e0 sa t\u00e2che missionnaire, \u00e0 commencer par nos paroisses.<\/li>\n<\/ul>\n<p style=\"text-align: justify;\">Me demanderez-vous pourquoi Lourdes ? Parce que c\u2019est l\u2019Ann\u00e9e Mariale. Parce que nos \u00c9quipes sont sous le patronage de Marie et tiennent \u00e0 la prendre pour t\u00e9moin et garant de leur reconnaissance et de leur promesse.<\/p>\n<p style=\"text-align: justify;\"><em>In<\/em> Henri Caffarel, L&#8217;\u00e9ditorial publi\u00e9 dans la &#8220;LETTRE MENSUELLE DES \u00c9QUIPES NOTRE-DAME&#8221; en janvier 1954.<\/\n<\/p>\n","protected":false},"excerpt":{"rendered":"<p>&#8220;UN GESTE QUI S\u2019IMPOSE&#8221;<\/p>\n","protected":false},"author":1,"featured_media":0,"parent":0,"menu_order":0,"comment_status":"closed","ping_status":"closed","template":"","meta":{"_monsterinsights_skip_tracking":false,"_monsterinsights_sitenote_active":false,"_monsterinsights_sitenote_note":"","_monsterinsights_sitenote_category":0,"footnotes":""},"_links":{"self":[{"href":"https:\/\/fatima2018.equipes-notre-dame.com\/fr\/wp-json\/wp\/v2\/pages\/1422"}],"collection":[{"href":"https:\/\/fatima2018.equipes-notre-dame.com\/fr\/wp-json\/wp\/v2\/pages"}],"about":[{"href":"https:\/\/fatima2018.equipes-notre-dame.com\/fr\/wp-json\/wp\/v2\/types\/page"}],"author":[{"embeddable":true,"href":"https:\/\/fatima2018.equipes-notre-dame.com\/fr\/wp-json\/wp\/v2\/users\/1"}],"replies":[{"embeddable":true,"href":"https:\/\/fatima2018.equipes-notre-dame.com\/fr\/wp-json\/wp\/v2\/comments?post=1422"}],"version-history":[{"count":0,"href":"https:\/\/fatima2018.equipes-notre-dame.com\/fr\/wp-json\/wp\/v2\/pages\/1422\/revisions"}],"wp:attachment":[{"href":"https:\/\/fatima2018.equipes-notre-dame.com\/fr\/wp-json\/wp\/v2\/media?parent=1422"}],"curies":[{"name":"wp","href":"https:\/\/api.w.org\/{rel}","templated":true}]}}