{"id":1427,"date":"2018-04-06T12:54:10","date_gmt":"2018-04-06T11:54:10","guid":{"rendered":"https:\/\/fatima2018.equipes-notre-dame.com\/?page_id=1427"},"modified":"2018-04-21T02:06:24","modified_gmt":"2018-04-21T00:06:24","slug":"pb","status":"publish","type":"page","link":"https:\/\/fatima2018.equipes-notre-dame.com\/fr\/pb\/","title":{"rendered":"R\u00e9f\u00e9rence Biblique &#8211; Lc 15, 11-32"},"content":{"rendered":"<p><img loading=\"lazy\" decoding=\"async\" class=\"aligncenter size-full wp-image-1023\" src=\"https:\/\/fatima2018.equipes-notre-dame.com\/fr\/wp-content\/uploads\/2017\/02\/IMAGEM-FR.jpg\" alt=\"\" width=\"4941\" height=\"1107\" srcset=\"https:\/\/fatima2018.equipes-notre-dame.com\/fr\/wp-content\/uploads\/2017\/02\/IMAGEM-FR.jpg 4941w, https:\/\/fatima2018.equipes-notre-dame.com\/fr\/wp-content\/uploads\/2017\/02\/IMAGEM-FR-300x67.jpg 300w, https:\/\/fatima2018.equipes-notre-dame.com\/fr\/wp-content\/uploads\/2017\/02\/IMAGEM-FR-768x172.jpg 768w, https:\/\/fatima2018.equipes-notre-dame.com\/fr\/wp-content\/uploads\/2017\/02\/IMAGEM-FR-1024x229.jpg 1024w\" sizes=\"(max-width: 4941px) 100vw, 4941px\" \/><\/p>\n<p><strong>Evangile de J\u00e9sus-Christ selon Saint Luc<\/strong><\/p>\n<p style=\"text-align: justify;\">J\u00e9sus dit encore : \u00ab Un homme avait deux fils. Le plus jeune dit \u00e0 son p\u00e8re : \u201cP\u00e8re, donne-moi la part de fortune qui me revient.\u201d Et le p\u00e8re leur partagea ses biens. Peu de jours apr\u00e8s, le plus jeune rassembla tout ce qu\u2019il avait, et partit pour un pays lointain o\u00f9 il dilapida sa fortune en menant une vie de d\u00e9sordre. Il avait tout d\u00e9pens\u00e9, quand une grande famine survint dans ce pays, et il commen\u00e7a \u00e0 se trouver dans le besoin. Il alla s\u2019engager aupr\u00e8s d\u2019un habitant de ce pays, qui l\u2019envoya dans ses champs garder les porcs. Il aurait bien voulu se remplir le ventre avec les gousses que mangeaient les porcs, mais personne ne lui donnait rien. Alors il rentra en lui-m\u00eame et se dit : \u201cCombien d\u2019ouvriers de mon p\u00e8re ont du pain en abondance, et moi, ici, je meurs de faim ! Je me l\u00e8verai, j\u2019irai vers mon p\u00e8re, et je lui dirai : P\u00e8re, j\u2019ai p\u00e9ch\u00e9 contre le ciel et envers toi. Je ne suis plus digne d\u2019\u00eatre appel\u00e9 ton fils. Traite-moi comme l\u2019un de tes ouvriers.\u201d Il se leva et s\u2019en alla vers son p\u00e8re. Comme il \u00e9tait encore loin, son p\u00e8re l\u2019aper\u00e7ut et fut saisi de compassion ; il courut se jeter \u00e0 son cou et le couvrit de baisers. Le fils lui dit : \u201cP\u00e8re, j\u2019ai p\u00e9ch\u00e9 contre le ciel et envers toi. Je ne suis plus digne d\u2019\u00eatre appel\u00e9 ton fils.\u201d Mais le p\u00e8re dit \u00e0 ses serviteurs : \u201cVite, apportez le plus beau v\u00eatement pour l\u2019habiller, mettez-lui une bague au doigt et des sandales aux pieds, allez chercher le veau gras, tuez-le, mangeons et festoyons, car mon fils que voil\u00e0 \u00e9tait mort, et il est revenu \u00e0 la vie ; il \u00e9tait perdu, et il est retrouv\u00e9.\u201d Et ils commenc\u00e8rent \u00e0 festoyer. Or le fils a\u00een\u00e9 \u00e9tait aux champs. Quand il revint et fut pr\u00e8s de la maison, il entendit la musique et les danses. Appelant un des serviteurs, il s\u2019informa de ce qui se passait. Celui-ci r\u00e9pondit : \u201cTon fr\u00e8re est arriv\u00e9, et ton p\u00e8re a tu\u00e9 le veau gras, parce qu\u2019il a retrouv\u00e9 ton fr\u00e8re en bonne sant\u00e9.\u201d Alors le fils a\u00een\u00e9 se mit en col\u00e8re, et il refusait d\u2019entrer. Son p\u00e8re sortit le supplier. Mais il r\u00e9pliqua \u00e0 son p\u00e8re : \u201cIl y a tant d\u2019ann\u00e9es que je suis \u00e0 ton service sans avoir jamais transgress\u00e9 tes ordres, et jamais tu ne m\u2019as donn\u00e9 un chevreau pour festoyer avec mes amis. Mais, quand ton fils que voil\u00e0 est revenu apr\u00e8s avoir d\u00e9vor\u00e9 ton bien avec des prostitu\u00e9es, tu as fait tuer pour lui le veau gras !\u201d Le p\u00e8re r\u00e9pondit : \u201cToi, mon enfant, tu es toujours avec moi, et tout ce qui est \u00e0 moi est \u00e0 toi. Il fallait festoyer et se r\u00e9jouir ; car ton fr\u00e8re que voil\u00e0 \u00e9tait mort, et il est revenu \u00e0 la vie ; il \u00e9tait perdu, et il est retrouv\u00e9!\u201d\u00bb<\/p>\n","protected":false},"excerpt":{"rendered":"<p>Evangile de J\u00e9sus-Christ selon Saint Luc J\u00e9sus dit encore : \u00ab Un homme avait deux fils. Le plus jeune dit \u00e0 son p\u00e8re : \u201cP\u00e8re, donne-moi la part de fortune [&hellip;]<\/p>\n","protected":false},"author":1,"featured_media":0,"parent":0,"menu_order":0,"comment_status":"closed","ping_status":"closed","template":"","meta":{"_monsterinsights_skip_tracking":false,"_monsterinsights_sitenote_active":false,"_monsterinsights_sitenote_note":"","_monsterinsights_sitenote_category":0,"footnotes":""},"_links":{"self":[{"href":"https:\/\/fatima2018.equipes-notre-dame.com\/fr\/wp-json\/wp\/v2\/pages\/1427"}],"collection":[{"href":"https:\/\/fatima2018.equipes-notre-dame.com\/fr\/wp-json\/wp\/v2\/pages"}],"about":[{"href":"https:\/\/fatima2018.equipes-notre-dame.com\/fr\/wp-json\/wp\/v2\/types\/page"}],"author":[{"embeddable":true,"href":"https:\/\/fatima2018.equipes-notre-dame.com\/fr\/wp-json\/wp\/v2\/users\/1"}],"replies":[{"embeddable":true,"href":"https:\/\/fatima2018.equipes-notre-dame.com\/fr\/wp-json\/wp\/v2\/comments?post=1427"}],"version-history":[{"count":0,"href":"https:\/\/fatima2018.equipes-notre-dame.com\/fr\/wp-json\/wp\/v2\/pages\/1427\/revisions"}],"wp:attachment":[{"href":"https:\/\/fatima2018.equipes-notre-dame.com\/fr\/wp-json\/wp\/v2\/media?parent=1427"}],"curies":[{"name":"wp","href":"https:\/\/api.w.org\/{rel}","templated":true}]}}