{"id":1535,"date":"2018-04-17T21:37:39","date_gmt":"2018-04-17T20:37:39","guid":{"rendered":"https:\/\/fatima2018.equipes-notre-dame.com\/?page_id=1535"},"modified":"2018-07-10T12:13:03","modified_gmt":"2018-07-10T10:13:03","slug":"videos-2","status":"publish","type":"page","link":"https:\/\/fatima2018.equipes-notre-dame.com\/fr\/videos-2\/","title":{"rendered":"Vid\u00e9o"},"content":{"rendered":"\t\t\t<div \n\t\t\tclass=\"yotu-playlist yotuwp yotu-limit-min   yotu-thumb-169  yotu-template-grid\" \n\t\t\tdata-page=\"1\"\n\t\t\tid=\"yotuwp-69e1e0eaf05b1\"\n\t\t\tdata-yotu=\"69e1e0eb50f1f\"\n\t\t\tdata-total=\"2\"\n\t\t\tdata-settings=\"eyJ0eXBlIjoicGxheWxpc3QiLCJpZCI6IlBMcHlZM1BWZEN4UEF2VDd1akFRbVBPeFVmN2wzUndicGwiLCJwYWdpbmF0aW9uIjoib24iLCJwYWdpdHlwZSI6ImxvYWRtb3JlIiwiY29sdW1uIjoiMyIsInBlcl9wYWdlIjoiMzAiLCJ0ZW1wbGF0ZSI6ImdyaWQiLCJ0aXRsZSI6Im9uIiwiZGVzY3JpcHRpb24iOiJvZmYiLCJ0aHVtYnJhdGlvIjoiMTY5IiwibWV0YSI6Im9mZiIsIm1ldGFfZGF0YSI6Im9mZiIsIm1ldGFfcG9zaXRpb24iOiJvZmYiLCJkYXRlX2Zvcm1hdCI6Im9mZiIsIm1ldGFfYWxpZ24iOiJvZmYiLCJzdWJzY3JpYmUiOiJvZmYiLCJkdXJhdGlvbiI6Im9mZiIsIm1ldGFfaWNvbiI6Im9mZiIsIm5leHR0ZXh0IjoiIiwicHJldnRleHQiOiIiLCJsb2FkbW9yZXRleHQiOiIiLCJwbGF5ZXIiOnsibW9kZSI6ImxhcmdlIiwid2lkdGgiOiI2MDAiLCJzY3JvbGxpbmciOiIxMDAiLCJhdXRvcGxheSI6MCwiY29udHJvbHMiOjEsIm1vZGVzdGJyYW5kaW5nIjoxLCJsb29wIjowLCJhdXRvbmV4dCI6MSwic2hvd2luZm8iOjEsInJlbCI6MSwicGxheWluZyI6MCwicGxheWluZ19kZXNjcmlwdGlvbiI6MCwidGh1bWJuYWlscyI6MCwiY2NfbG9hZF9wb2xpY3kiOjAsImNjX2xhbmdfcHJlZiI6MCwiaGwiOjAsIml2X2xvYWRfcG9saWN5IjowfSwibGFzdF90YWIiOiJzZXR0aW5ncyIsInVzZV9hc19tb2RhbCI6Im9mZiIsIm1vZGFsX2lkIjoib2ZmIiwibGFzdF91cGRhdGUiOiIiLCJzdHlsaW5nIjp7InBhZ2VyX2xheW91dCI6ImRlZmF1bHQiLCJidXR0b24iOiIxIiwiYnV0dG9uX2NvbG9yIjoiIiwiYnV0dG9uX2JnX2NvbG9yIjoiIzAwNTA3NSIsImJ1dHRvbl9jb2xvcl9ob3ZlciI6IiIsImJ1dHRvbl9iZ19jb2xvcl9ob3ZlciI6IiM4MmNmZTciLCJ2aWRlb19zdHlsZSI6IiIsInBsYXlpY29uX2NvbG9yIjoiIiwiaG92ZXJfaWNvbiI6IiIsImdhbGxlcnlfYmciOiIifSwiZWZmZWN0cyI6eyJ2aWRlb19ib3giOiIiLCJmbGlwX2VmZmVjdCI6IiJ9LCJnYWxsZXJ5X2lkIjoiNjllMWUwZWFmMDViMSIsIm5leHQiOiJFQUFhSGxCVU9rTkNOR2xGUkZVeVVXcFJNRkpxV2tWTlZFRXhUbFJrUkZGNldRIiwicHJldiI6IiJ9\"\n\t\t\tdata-player=\"large\"\n\t\t\tdata-showdesc=\"off\" >\n\t\t\t\t<div>\n\t\t\t\t\t\t\t\t\t\t<div class=\"yotu-wrapper-player\" style=\"width:600px\">\n\t\t\t\t\t\t\t\t\t\t\t\t<div class=\"yotu-player\">\n\t\t\t\t\t\t\t<div class=\"yotu-video-placeholder\" id=\"yotu-player-69e1e0eb50f1f\"><\/div>\n\t\t\t\t\t\t<\/div>\n\t\t\t\t\t\t<div class=\"yotu-playing-status\"><\/div>\n\t\t\t\t\t\t\t\t\t\t\t<\/div>\n\n\t\t\t\t\t<div class=\"yotu-videos yotu-mode-grid yotu-column-3 yotu-player-mode-large\">\n\t<ul>\n\t\t\t\t\t<li class=\" yotu-first\">\n\t\t\t\t\t\t\t\t<a href=\"#HaYU27mTbEg\" class=\"yotu-video\" data-videoid=\"HaYU27mTbEg\" data-title=\"VIDEO FINAL EI FATIMA 2018\" title=\"VIDEO FINAL EI FATIMA 2018\">\n\t\t\t\t\t<div class=\"yotu-video-thumb-wrp\">\n\t\t\t\t\t\t<div>\n\t\t\t\t\t\t\t\t\t\t\t\t\t\t<img decoding=\"async\" class=\"yotu-video-thumb\" src=\"https:\/\/i.ytimg.com\/vi\/HaYU27mTbEg\/sddefault.jpg\" alt=\"VIDEO FINAL EI FATIMA 2018\">\t\n\t\t\t\t\t\t\t\t\t\t\t\t\t<\/div>\n\t\t\t\t\t<\/div>\n\t\t\t\t\t\t\t\t\t\t\t<h3 class=\"yotu-video-title\">VIDEO FINAL EI FATIMA 2018<\/h3>\n\t\t\t\t\t\t\t\t\t\t\t\t\t\t\t\t\t\t\t<\/a>\n\t\t\t\t\t\t\t<\/li>\n\t\t\t\t\n\t\t\t\t\t\t<li class=\"\">\n\t\t\t\t\t\t\t\t<a href=\"#8O9Bjjf2XU4\" class=\"yotu-video\" data-videoid=\"8O9Bjjf2XU4\" data-title=\"050 FATIMA 2018   FINALE FR\" title=\"050 FATIMA 2018   FINALE FR\">\n\t\t\t\t\t<div class=\"yotu-video-thumb-wrp\">\n\t\t\t\t\t\t<div>\n\t\t\t\t\t\t\t\t\t\t\t\t\t\t<img decoding=\"async\" class=\"yotu-video-thumb\" src=\"https:\/\/i.ytimg.com\/vi\/8O9Bjjf2XU4\/hqdefault.jpg\" alt=\"050 FATIMA 2018   FINALE FR\">\t\n\t\t\t\t\t\t\t\t\t\t\t\t\t<\/div>\n\t\t\t\t\t<\/div>\n\t\t\t\t\t\t\t\t\t\t\t<h3 class=\"yotu-video-title\">050 FATIMA 2018   FINALE FR<\/h3>\n\t\t\t\t\t\t\t\t\t\t\t\t\t\t\t\t\t\t\t<\/a>\n\t\t\t\t\t\t\t<\/li>\n\t\t\t\t\n\t\t\t\t\t\t<li class=\"\">\n\t\t\t\t\t\t\t\t<a href=\"#ItuLF6FboBk\" class=\"yotu-video\" data-videoid=\"ItuLF6FboBk\" data-title=\"036 RESUMO DIA 21\" title=\"036 RESUMO DIA 21\">\n\t\t\t\t\t<div class=\"yotu-video-thumb-wrp\">\n\t\t\t\t\t\t<div>\n\t\t\t\t\t\t\t\t\t\t\t\t\t\t<img decoding=\"async\" class=\"yotu-video-thumb\" src=\"https:\/\/i.ytimg.com\/vi\/ItuLF6FboBk\/sddefault.jpg\" alt=\"036 RESUMO DIA 21\">\t\n\t\t\t\t\t\t\t\t\t\t\t\t\t<\/div>\n\t\t\t\t\t<\/div>\n\t\t\t\t\t\t\t\t\t\t\t<h3 class=\"yotu-video-title\">036 RESUMO DIA 21<\/h3>\n\t\t\t\t\t\t\t\t\t\t\t\t\t\t\t\t\t\t\t<\/a>\n\t\t\t\t\t\t\t<\/li>\n\t\t\t\t\n\t\t\t\t\t\t<li class=\"\">\n\t\t\t\t\t\t\t\t<a href=\"#W46WIG8oliY\" class=\"yotu-video\" data-videoid=\"W46WIG8oliY\" data-title=\"035 RESUMO DIA 20\" title=\"035 RESUMO DIA 20\">\n\t\t\t\t\t<div class=\"yotu-video-thumb-wrp\">\n\t\t\t\t\t\t<div>\n\t\t\t\t\t\t\t\t\t\t\t\t\t\t<img decoding=\"async\" class=\"yotu-video-thumb\" src=\"https:\/\/i.ytimg.com\/vi\/W46WIG8oliY\/sddefault.jpg\" alt=\"035 RESUMO DIA 20\">\t\n\t\t\t\t\t\t\t\t\t\t\t\t\t<\/div>\n\t\t\t\t\t<\/div>\n\t\t\t\t\t\t\t\t\t\t\t<h3 class=\"yotu-video-title\">035 RESUMO DIA 20<\/h3>\n\t\t\t\t\t\t\t\t\t\t\t\t\t\t\t\t\t\t\t<\/a>\n\t\t\t\t\t\t\t<\/li>\n\t\t\t\t\n\t\t\t\t\t\t<li class=\"\">\n\t\t\t\t\t\t\t\t<a href=\"#p3Uisq3UBuc\" class=\"yotu-video\" data-videoid=\"p3Uisq3UBuc\" data-title=\"033 RESUMO DIA 19\" title=\"033 RESUMO DIA 19\">\n\t\t\t\t\t<div class=\"yotu-video-thumb-wrp\">\n\t\t\t\t\t\t<div>\n\t\t\t\t\t\t\t\t\t\t\t\t\t\t<img decoding=\"async\" class=\"yotu-video-thumb\" src=\"https:\/\/i.ytimg.com\/vi\/p3Uisq3UBuc\/sddefault.jpg\" alt=\"033 RESUMO DIA 19\">\t\n\t\t\t\t\t\t\t\t\t\t\t\t\t<\/div>\n\t\t\t\t\t<\/div>\n\t\t\t\t\t\t\t\t\t\t\t<h3 class=\"yotu-video-title\">033 RESUMO DIA 19<\/h3>\n\t\t\t\t\t\t\t\t\t\t\t\t\t\t\t\t\t\t\t<\/a>\n\t\t\t\t\t\t\t<\/li>\n\t\t\t\t\n\t\t\t\t\t\t<li class=\"\">\n\t\t\t\t\t\t\t\t<a href=\"#7ZzkV3OV2vM\" class=\"yotu-video\" data-videoid=\"7ZzkV3OV2vM\" data-title=\"028 RESUMO DIA 18\" title=\"028 RESUMO DIA 18\">\n\t\t\t\t\t<div class=\"yotu-video-thumb-wrp\">\n\t\t\t\t\t\t<div>\n\t\t\t\t\t\t\t\t\t\t\t\t\t\t<img decoding=\"async\" class=\"yotu-video-thumb\" src=\"https:\/\/i.ytimg.com\/vi\/7ZzkV3OV2vM\/sddefault.jpg\" alt=\"028 RESUMO DIA 18\">\t\n\t\t\t\t\t\t\t\t\t\t\t\t\t<\/div>\n\t\t\t\t\t<\/div>\n\t\t\t\t\t\t\t\t\t\t\t<h3 class=\"yotu-video-title\">028 RESUMO DIA 18<\/h3>\n\t\t\t\t\t\t\t\t\t\t\t\t\t\t\t\t\t\t\t<\/a>\n\t\t\t\t\t\t\t<\/li>\n\t\t\t\t\n\t\t\t\t\t\t<li class=\"\">\n\t\t\t\t\t\t\t\t<a href=\"#9edDZ57fT88\" class=\"yotu-video\" data-videoid=\"9edDZ57fT88\" data-title=\"024 RESUMO DIA 17\" title=\"024 RESUMO DIA 17\">\n\t\t\t\t\t<div class=\"yotu-video-thumb-wrp\">\n\t\t\t\t\t\t<div>\n\t\t\t\t\t\t\t\t\t\t\t\t\t\t<img decoding=\"async\" class=\"yotu-video-thumb\" src=\"https:\/\/i.ytimg.com\/vi\/9edDZ57fT88\/sddefault.jpg\" alt=\"024 RESUMO DIA 17\">\t\n\t\t\t\t\t\t\t\t\t\t\t\t\t<\/div>\n\t\t\t\t\t<\/div>\n\t\t\t\t\t\t\t\t\t\t\t<h3 class=\"yotu-video-title\">024 RESUMO DIA 17<\/h3>\n\t\t\t\t\t\t\t\t\t\t\t\t\t\t\t\t\t\t\t<\/a>\n\t\t\t\t\t\t\t<\/li>\n\t\t\t\t\n\t\t\t\t\t\t<li class=\"\">\n\t\t\t\t\t\t\t\t<a href=\"#f_g9Iiu_fkc\" class=\"yotu-video\" data-videoid=\"f_g9Iiu_fkc\" data-title=\"023 RESUMO DIA 16\" title=\"023 RESUMO DIA 16\">\n\t\t\t\t\t<div class=\"yotu-video-thumb-wrp\">\n\t\t\t\t\t\t<div>\n\t\t\t\t\t\t\t\t\t\t\t\t\t\t<img decoding=\"async\" class=\"yotu-video-thumb\" src=\"https:\/\/i.ytimg.com\/vi\/f_g9Iiu_fkc\/sddefault.jpg\" alt=\"023 RESUMO DIA 16\">\t\n\t\t\t\t\t\t\t\t\t\t\t\t\t<\/div>\n\t\t\t\t\t<\/div>\n\t\t\t\t\t\t\t\t\t\t\t<h3 class=\"yotu-video-title\">023 RESUMO DIA 16<\/h3>\n\t\t\t\t\t\t\t\t\t\t\t\t\t\t\t\t\t\t\t<\/a>\n\t\t\t\t\t\t\t<\/li>\n\t\t\t\t\n\t\t\t\t\t\t<li class=\"\">\n\t\t\t\t\t\t\t\t<a href=\"#whaX0OOBWwI\" class=\"yotu-video\" data-videoid=\"whaX0OOBWwI\" data-title=\"039 MISSA DE ENCERRAMENTO DIA 21\" title=\"039 MISSA DE ENCERRAMENTO DIA 21\">\n\t\t\t\t\t<div class=\"yotu-video-thumb-wrp\">\n\t\t\t\t\t\t<div>\n\t\t\t\t\t\t\t\t\t\t\t\t\t\t<img decoding=\"async\" class=\"yotu-video-thumb\" src=\"https:\/\/i.ytimg.com\/vi\/whaX0OOBWwI\/sddefault.jpg\" alt=\"039 MISSA DE ENCERRAMENTO DIA 21\">\t\n\t\t\t\t\t\t\t\t\t\t\t\t\t<\/div>\n\t\t\t\t\t<\/div>\n\t\t\t\t\t\t\t\t\t\t\t<h3 class=\"yotu-video-title\">039 MISSA DE ENCERRAMENTO DIA 21<\/h3>\n\t\t\t\t\t\t\t\t\t\t\t\t\t\t\t\t\t\t\t<\/a>\n\t\t\t\t\t\t\t<\/li>\n\t\t\t\t\n\t\t\t\t\t\t<li class=\"\">\n\t\t\t\t\t\t\t\t<a href=\"#-ys_58Bhllc\" class=\"yotu-video\" data-videoid=\"-ys_58Bhllc\" data-title=\"048 TRANSMISSION MATINALE \u00c0 PARTIR DU JOUR 21_FR\" title=\"048 TRANSMISSION MATINALE \u00c0 PARTIR DU JOUR 21_FR\">\n\t\t\t\t\t<div class=\"yotu-video-thumb-wrp\">\n\t\t\t\t\t\t<div>\n\t\t\t\t\t\t\t\t\t\t\t\t\t\t<img decoding=\"async\" class=\"yotu-video-thumb\" src=\"https:\/\/i.ytimg.com\/vi\/-ys_58Bhllc\/sddefault.jpg\" alt=\"048 TRANSMISSION MATINALE \u00c0 PARTIR DU JOUR 21_FR\">\t\n\t\t\t\t\t\t\t\t\t\t\t\t\t<\/div>\n\t\t\t\t\t<\/div>\n\t\t\t\t\t\t\t\t\t\t\t<h3 class=\"yotu-video-title\">048 TRANSMISSION MATINALE \u00c0 PARTIR DU JOUR 21_FR<\/h3>\n\t\t\t\t\t\t\t\t\t\t\t\t\t\t\t\t\t\t\t<\/a>\n\t\t\t\t\t\t\t<\/li>\n\t\t\t\t\n\t\t\t\t\t\t<li class=\"\">\n\t\t\t\t\t\t\t\t<a href=\"#uqmBlbqdOOg\" class=\"yotu-video\" data-videoid=\"uqmBlbqdOOg\" data-title=\"041 FESTA DIA 20 ZONA EUROASIA\" title=\"041 FESTA DIA 20 ZONA EUROASIA\">\n\t\t\t\t\t<div class=\"yotu-video-thumb-wrp\">\n\t\t\t\t\t\t<div>\n\t\t\t\t\t\t\t\t\t\t\t\t\t\t<img decoding=\"async\" class=\"yotu-video-thumb\" src=\"https:\/\/i.ytimg.com\/vi\/uqmBlbqdOOg\/sddefault.jpg\" alt=\"041 FESTA DIA 20 ZONA EUROASIA\">\t\n\t\t\t\t\t\t\t\t\t\t\t\t\t<\/div>\n\t\t\t\t\t<\/div>\n\t\t\t\t\t\t\t\t\t\t\t<h3 class=\"yotu-video-title\">041 FESTA DIA 20 ZONA EUROASIA<\/h3>\n\t\t\t\t\t\t\t\t\t\t\t\t\t\t\t\t\t\t\t<\/a>\n\t\t\t\t\t\t\t<\/li>\n\t\t\t\t\n\t\t\t\t\t\t<li class=\"\">\n\t\t\t\t\t\t\t\t<a href=\"#fxE9cPGSZMo\" class=\"yotu-video\" data-videoid=\"fxE9cPGSZMo\" data-title=\"040 FESTA DIA 20 ZONA EUROAFRICA\" title=\"040 FESTA DIA 20 ZONA EUROAFRICA\">\n\t\t\t\t\t<div class=\"yotu-video-thumb-wrp\">\n\t\t\t\t\t\t<div>\n\t\t\t\t\t\t\t\t\t\t\t\t\t\t<img decoding=\"async\" class=\"yotu-video-thumb\" src=\"https:\/\/i.ytimg.com\/vi\/fxE9cPGSZMo\/sddefault.jpg\" alt=\"040 FESTA DIA 20 ZONA EUROAFRICA\">\t\n\t\t\t\t\t\t\t\t\t\t\t\t\t<\/div>\n\t\t\t\t\t<\/div>\n\t\t\t\t\t\t\t\t\t\t\t<h3 class=\"yotu-video-title\">040 FESTA DIA 20 ZONA EUROAFRICA<\/h3>\n\t\t\t\t\t\t\t\t\t\t\t\t\t\t\t\t\t\t\t<\/a>\n\t\t\t\t\t\t\t<\/li>\n\t\t\t\t\n\t\t\t\t\t\t<li class=\"\">\n\t\t\t\t\t\t\t\t<a href=\"#TNXk6awvmb8\" class=\"yotu-video\" data-videoid=\"TNXk6awvmb8\" data-title=\"042 FESTA DIA 20 ZONA EUROPA CENTRAL\" title=\"042 FESTA DIA 20 ZONA EUROPA CENTRAL\">\n\t\t\t\t\t<div class=\"yotu-video-thumb-wrp\">\n\t\t\t\t\t\t<div>\n\t\t\t\t\t\t\t\t\t\t\t\t\t\t<img decoding=\"async\" class=\"yotu-video-thumb\" src=\"https:\/\/i.ytimg.com\/vi\/TNXk6awvmb8\/sddefault.jpg\" alt=\"042 FESTA DIA 20 ZONA EUROPA CENTRAL\">\t\n\t\t\t\t\t\t\t\t\t\t\t\t\t<\/div>\n\t\t\t\t\t<\/div>\n\t\t\t\t\t\t\t\t\t\t\t<h3 class=\"yotu-video-title\">042 FESTA DIA 20 ZONA EUROPA CENTRAL<\/h3>\n\t\t\t\t\t\t\t\t\t\t\t\t\t\t\t\t\t\t\t<\/a>\n\t\t\t\t\t\t\t<\/li>\n\t\t\t\t\n\t\t\t\t\t\t<li class=\"\">\n\t\t\t\t\t\t\t\t<a href=\"#1hYWRiFUO-Y\" class=\"yotu-video\" data-videoid=\"1hYWRiFUO-Y\" data-title=\"047 FESTA DIA 20 FADO LISBOA\" title=\"047 FESTA DIA 20 FADO LISBOA\">\n\t\t\t\t\t<div class=\"yotu-video-thumb-wrp\">\n\t\t\t\t\t\t<div>\n\t\t\t\t\t\t\t\t\t\t\t\t\t\t<img decoding=\"async\" class=\"yotu-video-thumb\" src=\"https:\/\/i.ytimg.com\/vi\/1hYWRiFUO-Y\/sddefault.jpg\" alt=\"047 FESTA DIA 20 FADO LISBOA\">\t\n\t\t\t\t\t\t\t\t\t\t\t\t\t<\/div>\n\t\t\t\t\t<\/div>\n\t\t\t\t\t\t\t\t\t\t\t<h3 class=\"yotu-video-title\">047 FESTA DIA 20 FADO LISBOA<\/h3>\n\t\t\t\t\t\t\t\t\t\t\t\t\t\t\t\t\t\t\t<\/a>\n\t\t\t\t\t\t\t<\/li>\n\t\t\t\t\n\t\t\t\t\t\t<li class=\"\">\n\t\t\t\t\t\t\t\t<a href=\"#m9Gpj-65Lv8\" class=\"yotu-video\" data-videoid=\"m9Gpj-65Lv8\" data-title=\"046 FESTA DIA 20 FADO COIMBRA\" title=\"046 FESTA DIA 20 FADO COIMBRA\">\n\t\t\t\t\t<div class=\"yotu-video-thumb-wrp\">\n\t\t\t\t\t\t<div>\n\t\t\t\t\t\t\t\t\t\t\t\t\t\t<img decoding=\"async\" class=\"yotu-video-thumb\" src=\"https:\/\/i.ytimg.com\/vi\/m9Gpj-65Lv8\/sddefault.jpg\" alt=\"046 FESTA DIA 20 FADO COIMBRA\">\t\n\t\t\t\t\t\t\t\t\t\t\t\t\t<\/div>\n\t\t\t\t\t<\/div>\n\t\t\t\t\t\t\t\t\t\t\t<h3 class=\"yotu-video-title\">046 FESTA DIA 20 FADO COIMBRA<\/h3>\n\t\t\t\t\t\t\t\t\t\t\t\t\t\t\t\t\t\t\t<\/a>\n\t\t\t\t\t\t\t<\/li>\n\t\t\t\t\n\t\t\t\t\t\t<li class=\"\">\n\t\t\t\t\t\t\t\t<a href=\"#dkUH6NY-S08\" class=\"yotu-video\" data-videoid=\"dkUH6NY-S08\" data-title=\"038 NOITE DE FESTA DIA 20\" title=\"038 NOITE DE FESTA DIA 20\">\n\t\t\t\t\t<div class=\"yotu-video-thumb-wrp\">\n\t\t\t\t\t\t<div>\n\t\t\t\t\t\t\t\t\t\t\t\t\t\t<img decoding=\"async\" class=\"yotu-video-thumb\" src=\"https:\/\/i.ytimg.com\/vi\/dkUH6NY-S08\/sddefault.jpg\" alt=\"038 NOITE DE FESTA DIA 20\">\t\n\t\t\t\t\t\t\t\t\t\t\t\t\t<\/div>\n\t\t\t\t\t<\/div>\n\t\t\t\t\t\t\t\t\t\t\t<h3 class=\"yotu-video-title\">038 NOITE DE FESTA DIA 20<\/h3>\n\t\t\t\t\t\t\t\t\t\t\t\t\t\t\t\t\t\t\t<\/a>\n\t\t\t\t\t\t\t<\/li>\n\t\t\t\t\n\t\t\t\t\t\t<li class=\"\">\n\t\t\t\t\t\t\t\t<a href=\"#Li_WjgIss98\" class=\"yotu-video\" data-videoid=\"Li_WjgIss98\" data-title=\"034 TRANSMISSION DE L\\&#039; APR\u00c9S MIDI LE JOUR 20 _FR\" title=\"034 TRANSMISSION DE L&#039; APR\u00c9S MIDI LE JOUR 20 _FR\">\n\t\t\t\t\t<div class=\"yotu-video-thumb-wrp\">\n\t\t\t\t\t\t<div>\n\t\t\t\t\t\t\t\t\t\t\t\t\t\t<img decoding=\"async\" class=\"yotu-video-thumb\" src=\"https:\/\/i.ytimg.com\/vi\/Li_WjgIss98\/sddefault.jpg\" alt=\"034 TRANSMISSION DE L&#039; APR\u00c9S MIDI LE JOUR 20 _FR\">\t\n\t\t\t\t\t\t\t\t\t\t\t\t\t<\/div>\n\t\t\t\t\t<\/div>\n\t\t\t\t\t\t\t\t\t\t\t<h3 class=\"yotu-video-title\">034 TRANSMISSION DE L' APR\u00c9S MIDI LE JOUR 20 _FR<\/h3>\n\t\t\t\t\t\t\t\t\t\t\t\t\t\t\t\t\t\t\t<\/a>\n\t\t\t\t\t\t\t<\/li>\n\t\t\t\t\n\t\t\t\t\t\t<li class=\"\">\n\t\t\t\t\t\t\t\t<a href=\"#jSOImT6HTOc\" class=\"yotu-video\" data-videoid=\"jSOImT6HTOc\" data-title=\"045_2 TRANSMISSION Matinale \u00c0 PARTIR DU JOUR 20 Partie 2_FR\" title=\"045_2 TRANSMISSION Matinale \u00c0 PARTIR DU JOUR 20 Partie 2_FR\">\n\t\t\t\t\t<div class=\"yotu-video-thumb-wrp\">\n\t\t\t\t\t\t<div>\n\t\t\t\t\t\t\t\t\t\t\t\t\t\t<img decoding=\"async\" class=\"yotu-video-thumb\" src=\"https:\/\/i.ytimg.com\/vi\/jSOImT6HTOc\/hqdefault.jpg\" alt=\"045_2 TRANSMISSION Matinale \u00c0 PARTIR DU JOUR 20 Partie 2_FR\">\t\n\t\t\t\t\t\t\t\t\t\t\t\t\t<\/div>\n\t\t\t\t\t<\/div>\n\t\t\t\t\t\t\t\t\t\t\t<h3 class=\"yotu-video-title\">045_2 TRANSMISSION Matinale \u00c0 PARTIR DU JOUR 20 Partie 2_FR<\/h3>\n\t\t\t\t\t\t\t\t\t\t\t\t\t\t\t\t\t\t\t<\/a>\n\t\t\t\t\t\t\t<\/li>\n\t\t\t\t\n\t\t\t\t\t\t<li class=\"\">\n\t\t\t\t\t\t\t\t<a href=\"#IEq6f4YlSSI\" class=\"yotu-video\" data-videoid=\"IEq6f4YlSSI\" data-title=\"044_1 TRANSMISSION MATINALE \u00c0 PARTIR DU JOUR 20 Partie 1_FR\" title=\"044_1 TRANSMISSION MATINALE \u00c0 PARTIR DU JOUR 20 Partie 1_FR\">\n\t\t\t\t\t<div class=\"yotu-video-thumb-wrp\">\n\t\t\t\t\t\t<div>\n\t\t\t\t\t\t\t\t\t\t\t\t\t\t<img decoding=\"async\" class=\"yotu-video-thumb\" src=\"https:\/\/i.ytimg.com\/vi\/IEq6f4YlSSI\/sddefault.jpg\" alt=\"044_1 TRANSMISSION MATINALE \u00c0 PARTIR DU JOUR 20 Partie 1_FR\">\t\n\t\t\t\t\t\t\t\t\t\t\t\t\t<\/div>\n\t\t\t\t\t<\/div>\n\t\t\t\t\t\t\t\t\t\t\t<h3 class=\"yotu-video-title\">044_1 TRANSMISSION MATINALE \u00c0 PARTIR DU JOUR 20 Partie 1_FR<\/h3>\n\t\t\t\t\t\t\t\t\t\t\t\t\t\t\t\t\t\t\t<\/a>\n\t\t\t\t\t\t\t<\/li>\n\t\t\t\t\n\t\t\t\t\t\t<li class=\"\">\n\t\t\t\t\t\t\t\t<a href=\"#IHEqYGKQ7ZM\" class=\"yotu-video\" data-videoid=\"IHEqYGKQ7ZM\" data-title=\"032 CONFER\u00caNCIA IRM\u00c3 \u00c2NGELA_PT\" title=\"032 CONFER\u00caNCIA IRM\u00c3 \u00c2NGELA_PT\">\n\t\t\t\t\t<div class=\"yotu-video-thumb-wrp\">\n\t\t\t\t\t\t<div>\n\t\t\t\t\t\t\t\t\t\t\t\t\t\t<img decoding=\"async\" class=\"yotu-video-thumb\" src=\"https:\/\/i.ytimg.com\/vi\/IHEqYGKQ7ZM\/sddefault.jpg\" alt=\"032 CONFER\u00caNCIA IRM\u00c3 \u00c2NGELA_PT\">\t\n\t\t\t\t\t\t\t\t\t\t\t\t\t<\/div>\n\t\t\t\t\t<\/div>\n\t\t\t\t\t\t\t\t\t\t\t<h3 class=\"yotu-video-title\">032 CONFER\u00caNCIA IRM\u00c3 \u00c2NGELA_PT<\/h3>\n\t\t\t\t\t\t\t\t\t\t\t\t\t\t\t\t\t\t\t<\/a>\n\t\t\t\t\t\t\t<\/li>\n\t\t\t\t\n\t\t\t\t\t\t<li class=\"\">\n\t\t\t\t\t\t\t\t<a href=\"#NfcoYuRvI0c\" class=\"yotu-video\" data-videoid=\"NfcoYuRvI0c\" data-title=\"031 TRANSMISSION MATINALE \u00c0 PARTIR DU JOUR 19 _FR\" title=\"031 TRANSMISSION MATINALE \u00c0 PARTIR DU JOUR 19 _FR\">\n\t\t\t\t\t<div class=\"yotu-video-thumb-wrp\">\n\t\t\t\t\t\t<div>\n\t\t\t\t\t\t\t\t\t\t\t\t\t\t<img decoding=\"async\" class=\"yotu-video-thumb\" src=\"https:\/\/i.ytimg.com\/vi\/NfcoYuRvI0c\/sddefault.jpg\" alt=\"031 TRANSMISSION MATINALE \u00c0 PARTIR DU JOUR 19 _FR\">\t\n\t\t\t\t\t\t\t\t\t\t\t\t\t<\/div>\n\t\t\t\t\t<\/div>\n\t\t\t\t\t\t\t\t\t\t\t<h3 class=\"yotu-video-title\">031 TRANSMISSION MATINALE \u00c0 PARTIR DU JOUR 19 _FR<\/h3>\n\t\t\t\t\t\t\t\t\t\t\t\t\t\t\t\t\t\t\t<\/a>\n\t\t\t\t\t\t\t<\/li>\n\t\t\t\t\n\t\t\t\t\t\t<li class=\"\">\n\t\t\t\t\t\t\t\t<a href=\"#2kLCLfbuQaw\" class=\"yotu-video\" data-videoid=\"2kLCLfbuQaw\" data-title=\"027 TRANSMISSION DE L\\&#039; APR\u00c9S MIDI LE JOUR 18 _FR\" title=\"027 TRANSMISSION DE L&#039; APR\u00c9S MIDI LE JOUR 18 _FR\">\n\t\t\t\t\t<div class=\"yotu-video-thumb-wrp\">\n\t\t\t\t\t\t<div>\n\t\t\t\t\t\t\t\t\t\t\t\t\t\t<img decoding=\"async\" class=\"yotu-video-thumb\" src=\"https:\/\/i.ytimg.com\/vi\/2kLCLfbuQaw\/sddefault.jpg\" alt=\"027 TRANSMISSION DE L&#039; APR\u00c9S MIDI LE JOUR 18 _FR\">\t\n\t\t\t\t\t\t\t\t\t\t\t\t\t<\/div>\n\t\t\t\t\t<\/div>\n\t\t\t\t\t\t\t\t\t\t\t<h3 class=\"yotu-video-title\">027 TRANSMISSION DE L' APR\u00c9S MIDI LE JOUR 18 _FR<\/h3>\n\t\t\t\t\t\t\t\t\t\t\t\t\t\t\t\t\t\t\t<\/a>\n\t\t\t\t\t\t\t<\/li>\n\t\t\t\t\n\t\t\t\t\t\t<li class=\"\">\n\t\t\t\t\t\t\t\t<a href=\"#TvzkFv-z688\" class=\"yotu-video\" data-videoid=\"TvzkFv-z688\" data-title=\"026 TRANSMISSION MATINALE \u00c0 PARTIR DU JOUR 18_FR\" title=\"026 TRANSMISSION MATINALE \u00c0 PARTIR DU JOUR 18_FR\">\n\t\t\t\t\t<div class=\"yotu-video-thumb-wrp\">\n\t\t\t\t\t\t<div>\n\t\t\t\t\t\t\t\t\t\t\t\t\t\t<img decoding=\"async\" class=\"yotu-video-thumb\" src=\"https:\/\/i.ytimg.com\/vi\/TvzkFv-z688\/sddefault.jpg\" alt=\"026 TRANSMISSION MATINALE \u00c0 PARTIR DU JOUR 18_FR\">\t\n\t\t\t\t\t\t\t\t\t\t\t\t\t<\/div>\n\t\t\t\t\t<\/div>\n\t\t\t\t\t\t\t\t\t\t\t<h3 class=\"yotu-video-title\">026 TRANSMISSION MATINALE \u00c0 PARTIR DU JOUR 18_FR<\/h3>\n\t\t\t\t\t\t\t\t\t\t\t\t\t\t\t\t\t\t\t<\/a>\n\t\t\t\t\t\t\t<\/li>\n\t\t\t\t\n\t\t\t\t\t\t<li class=\"\">\n\t\t\t\t\t\t\t\t<a href=\"#mQHaF3vIy3Y\" class=\"yotu-video\" data-videoid=\"mQHaF3vIy3Y\" data-title=\"025 TER\u00c7O E PROCISS\u00c3O NA CAPELINHA DAS APARI\u00c7\u00d5ES\" title=\"025 TER\u00c7O E PROCISS\u00c3O NA CAPELINHA DAS APARI\u00c7\u00d5ES\">\n\t\t\t\t\t<div class=\"yotu-video-thumb-wrp\">\n\t\t\t\t\t\t<div>\n\t\t\t\t\t\t\t\t\t\t\t\t\t\t<img decoding=\"async\" class=\"yotu-video-thumb\" src=\"https:\/\/i.ytimg.com\/vi\/mQHaF3vIy3Y\/sddefault.jpg\" alt=\"025 TER\u00c7O E PROCISS\u00c3O NA CAPELINHA DAS APARI\u00c7\u00d5ES\">\t\n\t\t\t\t\t\t\t\t\t\t\t\t\t<\/div>\n\t\t\t\t\t<\/div>\n\t\t\t\t\t\t\t\t\t\t\t<h3 class=\"yotu-video-title\">025 TER\u00c7O E PROCISS\u00c3O NA CAPELINHA DAS APARI\u00c7\u00d5ES<\/h3>\n\t\t\t\t\t\t\t\t\t\t\t\t\t\t\t\t\t\t\t<\/a>\n\t\t\t\t\t\t\t<\/li>\n\t\t\t\t\n\t\t\t\t\t\t<li class=\"\">\n\t\t\t\t\t\t\t\t<a href=\"#AswY4LXB0F4\" class=\"yotu-video\" data-videoid=\"AswY4LXB0F4\" data-title=\"023_2 C\u00c9LEBRATION EUCHARISTIQUE MATINALE \u00c0 PARTIR DU JOUR 17 _FR\" title=\"023_2 C\u00c9LEBRATION EUCHARISTIQUE MATINALE \u00c0 PARTIR DU JOUR 17 _FR\">\n\t\t\t\t\t<div class=\"yotu-video-thumb-wrp\">\n\t\t\t\t\t\t<div>\n\t\t\t\t\t\t\t\t\t\t\t\t\t\t<img decoding=\"async\" class=\"yotu-video-thumb\" src=\"https:\/\/i.ytimg.com\/vi\/AswY4LXB0F4\/sddefault.jpg\" alt=\"023_2 C\u00c9LEBRATION EUCHARISTIQUE MATINALE \u00c0 PARTIR DU JOUR 17 _FR\">\t\n\t\t\t\t\t\t\t\t\t\t\t\t\t<\/div>\n\t\t\t\t\t<\/div>\n\t\t\t\t\t\t\t\t\t\t\t<h3 class=\"yotu-video-title\">023_2 C\u00c9LEBRATION EUCHARISTIQUE MATINALE \u00c0 PARTIR DU JOUR 17 _FR<\/h3>\n\t\t\t\t\t\t\t\t\t\t\t\t\t\t\t\t\t\t\t<\/a>\n\t\t\t\t\t\t\t<\/li>\n\t\t\t\t\n\t\t\t\t\t\t<li class=\"\">\n\t\t\t\t\t\t\t\t<a href=\"#TsjFpDKxaJY\" class=\"yotu-video\" data-videoid=\"TsjFpDKxaJY\" data-title=\"029 HINO DO ENCONTRO INTERNACIONAL F\u00c1TIMA 2018_PT\" title=\"029 HINO DO ENCONTRO INTERNACIONAL F\u00c1TIMA 2018_PT\">\n\t\t\t\t\t<div class=\"yotu-video-thumb-wrp\">\n\t\t\t\t\t\t<div>\n\t\t\t\t\t\t\t\t\t\t\t\t\t\t<img decoding=\"async\" class=\"yotu-video-thumb\" src=\"https:\/\/i.ytimg.com\/vi\/TsjFpDKxaJY\/sddefault.jpg\" alt=\"029 HINO DO ENCONTRO INTERNACIONAL F\u00c1TIMA 2018_PT\">\t\n\t\t\t\t\t\t\t\t\t\t\t\t\t<\/div>\n\t\t\t\t\t<\/div>\n\t\t\t\t\t\t\t\t\t\t\t<h3 class=\"yotu-video-title\">029 HINO DO ENCONTRO INTERNACIONAL F\u00c1TIMA 2018_PT<\/h3>\n\t\t\t\t\t\t\t\t\t\t\t\t\t\t\t\t\t\t\t<\/a>\n\t\t\t\t\t\t\t<\/li>\n\t\t\t\t\n\t\t\t\t\t\t<li class=\"\">\n\t\t\t\t\t\t\t\t<a href=\"#OBKl90WTkzQ\" class=\"yotu-video\" data-videoid=\"OBKl90WTkzQ\" data-title=\"030 MENSAGEM DO PAPA FRANCISCO_PT\" title=\"030 MENSAGEM DO PAPA FRANCISCO_PT\">\n\t\t\t\t\t<div class=\"yotu-video-thumb-wrp\">\n\t\t\t\t\t\t<div>\n\t\t\t\t\t\t\t\t\t\t\t\t\t\t<img decoding=\"async\" class=\"yotu-video-thumb\" src=\"https:\/\/i.ytimg.com\/vi\/OBKl90WTkzQ\/sddefault.jpg\" alt=\"030 MENSAGEM DO PAPA FRANCISCO_PT\">\t\n\t\t\t\t\t\t\t\t\t\t\t\t\t<\/div>\n\t\t\t\t\t<\/div>\n\t\t\t\t\t\t\t\t\t\t\t<h3 class=\"yotu-video-title\">030 MENSAGEM DO PAPA FRANCISCO_PT<\/h3>\n\t\t\t\t\t\t\t\t\t\t\t\t\t\t\t\t\t\t\t<\/a>\n\t\t\t\t\t\t\t<\/li>\n\t\t\t\t\n\t\t\t\t\t\t<li class=\"\">\n\t\t\t\t\t\t\t\t<a href=\"#56lX4VG2C4Y\" class=\"yotu-video\" data-videoid=\"56lX4VG2C4Y\" data-title=\"022 C\u00c9R\u00c9MONIE d\\&#039;OVERTURE DU RASSEMBLEMENT JOURN\u00c9E 16_FR\" title=\"022 C\u00c9R\u00c9MONIE d&#039;OVERTURE DU RASSEMBLEMENT JOURN\u00c9E 16_FR\">\n\t\t\t\t\t<div class=\"yotu-video-thumb-wrp\">\n\t\t\t\t\t\t<div>\n\t\t\t\t\t\t\t\t\t\t\t\t\t\t<img decoding=\"async\" class=\"yotu-video-thumb\" src=\"https:\/\/i.ytimg.com\/vi\/56lX4VG2C4Y\/sddefault.jpg\" alt=\"022 C\u00c9R\u00c9MONIE d&#039;OVERTURE DU RASSEMBLEMENT JOURN\u00c9E 16_FR\">\t\n\t\t\t\t\t\t\t\t\t\t\t\t\t<\/div>\n\t\t\t\t\t<\/div>\n\t\t\t\t\t\t\t\t\t\t\t<h3 class=\"yotu-video-title\">022 C\u00c9R\u00c9MONIE d'OVERTURE DU RASSEMBLEMENT JOURN\u00c9E 16_FR<\/h3>\n\t\t\t\t\t\t\t\t\t\t\t\t\t\t\t\t\t\t\t<\/a>\n\t\t\t\t\t\t\t<\/li>\n\t\t\t\t\n\t\t\t\t\t\t<li class=\"\">\n\t\t\t\t\t\t\t\t<a href=\"#f1w57o0ZQ1E\" class=\"yotu-video\" data-videoid=\"f1w57o0ZQ1E\" data-title=\"021 PARLER AVEC JOANA &amp; SAMUEL SANCHES &amp; Pe. ROBSON_FR\" title=\"021 PARLER AVEC JOANA &amp; SAMUEL SANCHES &amp; Pe. ROBSON_FR\">\n\t\t\t\t\t<div class=\"yotu-video-thumb-wrp\">\n\t\t\t\t\t\t<div>\n\t\t\t\t\t\t\t\t\t\t\t\t\t\t<img decoding=\"async\" class=\"yotu-video-thumb\" src=\"https:\/\/i.ytimg.com\/vi\/f1w57o0ZQ1E\/hqdefault.jpg\" alt=\"021 PARLER AVEC JOANA &amp; SAMUEL SANCHES &amp; Pe. ROBSON_FR\">\t\n\t\t\t\t\t\t\t\t\t\t\t\t\t<\/div>\n\t\t\t\t\t<\/div>\n\t\t\t\t\t\t\t\t\t\t\t<h3 class=\"yotu-video-title\">021 PARLER AVEC JOANA &amp; SAMUEL SANCHES &amp; Pe. ROBSON_FR<\/h3>\n\t\t\t\t\t\t\t\t\t\t\t\t\t\t\t\t\t\t\t<\/a>\n\t\t\t\t\t\t\t<\/li>\n\t\t\t\t\n\t\t\t\t\t\t<li class=\" yotu-last\">\n\t\t\t\t\t\t\t\t<a href=\"#EY5zsrsZE18\" class=\"yotu-video\" data-videoid=\"EY5zsrsZE18\" data-title=\"020 PARLER AVEC Pe. JACINTO FARIAS_FR\" title=\"020 PARLER AVEC Pe. JACINTO FARIAS_FR\">\n\t\t\t\t\t<div class=\"yotu-video-thumb-wrp\">\n\t\t\t\t\t\t<div>\n\t\t\t\t\t\t\t\t\t\t\t\t\t\t<img decoding=\"async\" class=\"yotu-video-thumb\" src=\"https:\/\/i.ytimg.com\/vi\/EY5zsrsZE18\/hqdefault.jpg\" alt=\"020 PARLER AVEC Pe. JACINTO FARIAS_FR\">\t\n\t\t\t\t\t\t\t\t\t\t\t\t\t<\/div>\n\t\t\t\t\t<\/div>\n\t\t\t\t\t\t\t\t\t\t\t<h3 class=\"yotu-video-title\">020 PARLER AVEC Pe. JACINTO FARIAS_FR<\/h3>\n\t\t\t\t\t\t\t\t\t\t\t\t\t\t\t\t\t\t\t<\/a>\n\t\t\t\t\t\t\t<\/li>\n\t\t\t\t\n\t\t\t\t<\/ul>\n<\/div><div class=\"yotu-pagination\">\n\t<a href=\"#\" class=\"yotu-pagination-more yotu-button-prs yotu-button-prs-1\" data-page=\"more\">Load more<\/a>\n<\/div>\n\t\t\t\t<\/div>\n\t\t\t<\/div>\n\t\t\t\n","protected":false},"excerpt":{"rendered":"","protected":false},"author":1,"featured_media":0,"parent":0,"menu_order":0,"comment_status":"closed","ping_status":"closed","template":"","meta":{"_monsterinsights_skip_tracking":false,"_monsterinsights_sitenote_active":false,"_monsterinsights_sitenote_note":"","_monsterinsights_sitenote_category":0,"footnotes":""},"_links":{"self":[{"href":"https:\/\/fatima2018.equipes-notre-dame.com\/fr\/wp-json\/wp\/v2\/pages\/1535"}],"collection":[{"href":"https:\/\/fatima2018.equipes-notre-dame.com\/fr\/wp-json\/wp\/v2\/pages"}],"about":[{"href":"https:\/\/fatima2018.equipes-notre-dame.com\/fr\/wp-json\/wp\/v2\/types\/page"}],"author":[{"embeddable":true,"href":"https:\/\/fatima2018.equipes-notre-dame.com\/fr\/wp-json\/wp\/v2\/users\/1"}],"replies":[{"embeddable":true,"href":"https:\/\/fatima2018.equipes-notre-dame.com\/fr\/wp-json\/wp\/v2\/comments?post=1535"}],"version-history":[{"count":0,"href":"https:\/\/fatima2018.equipes-notre-dame.com\/fr\/wp-json\/wp\/v2\/pages\/1535\/revisions"}],"wp:attachment":[{"href":"https:\/\/fatima2018.equipes-notre-dame.com\/fr\/wp-json\/wp\/v2\/media?parent=1535"}],"curies":[{"name":"wp","href":"https:\/\/api.w.org\/{rel}","templated":true}]}}