{"id":1597,"date":"2018-05-11T14:09:52","date_gmt":"2018-05-11T12:09:52","guid":{"rendered":"https:\/\/fatima2018.equipes-notre-dame.com\/fr\/?page_id=1597"},"modified":"2018-05-12T17:24:30","modified_gmt":"2018-05-12T15:24:30","slug":"tema","status":"publish","type":"page","link":"https:\/\/fatima2018.equipes-notre-dame.com\/fr\/tema\/","title":{"rendered":"Th\u00e8me g\u00e9n\u00e9ral du Rassemblement Fatima 2018: La R\u00e9conciliation, Signe d&#8217;Amour"},"content":{"rendered":"<p style=\"text-align: justify;\"><img loading=\"lazy\" decoding=\"async\" class=\"size-medium wp-image-1561 alignleft\" src=\"https:\/\/fatima2018.equipes-notre-dame.com\/fr\/wp-content\/uploads\/2018\/04\/2a48ff_10ef9096a98641d69681f56ca93c3dd6-300x200.jpg\" alt=\"\" width=\"300\" height=\"200\" srcset=\"https:\/\/fatima2018.equipes-notre-dame.com\/fr\/wp-content\/uploads\/2018\/04\/2a48ff_10ef9096a98641d69681f56ca93c3dd6.jpg 300w, https:\/\/fatima2018.equipes-notre-dame.com\/fr\/wp-content\/uploads\/2018\/04\/2a48ff_10ef9096a98641d69681f56ca93c3dd6-272x182.jpg 272w\" sizes=\"(max-width: 300px) 100vw, 300px\" \/>Lorsque nous faisons l&#8217;exp\u00e9rience de la rencontre, dans notre famille, dans notre milieu et dans notre travail, en accord avec notre vocation, nous construisons en m\u00eame temps avec LUI, Son Royaume d&#8217;Amour.<br \/>\nNous souhaitons \u00e0 tous, que ce Rassemblement de Fatima soit le lieu, o\u00f9 s&#8217;exp\u00e9rimente la v\u00e9ritable Rencontre en permettant de soit r\u00e9alis\u00e9 en nous l&#8217;Action de Dieu.<br \/>\n\u00c0 notre arriv\u00e9e, la tendresse affectueuse de Dieu le P\u00e8re, nous donne la certitude d&#8217;\u00eatre entendus, accueillis comme des fils \u00e0 travers Son Amour.<br \/>\nL&#8217;amour qui jaillie du C\u0153ur Paternel de Dieu, nous remplis de mis\u00e9ricorde, afin que dans notre condition de p\u00e9cheurs, nous reconnaissions que Dieu &#8220;se jette \u00e0 notre cou et nous couvre de baisers&#8221; (Lc 15, 11-32) et que Sa mis\u00e9ricorde emplit nos c\u0153ur.<br \/>\nQue l&#8217;\u00e9loignement soit vaincu par la proximit\u00e9 d&#8217;un P\u00e8re et d&#8217;un fils, que la peur fasse place au courage, que la joie prenne place sur la tristesse et que nos limitations se transforment en force de fils de Dieu.<br \/>\nL&#8217;Amour pardonne tout, comprends tout et fait de nous des personnes nouvelles pour une vie nouvelle.<br \/>\nMarie qui nous ouvre la porte de Sa Maison, sera toujours avec nous, comme au Commencement, lorsqu&#8217;elle con\u00e7oit et nous offre J\u00e9sus, et au final quand elle nous donne son Fils Ressuscit\u00e9.<br \/>\nCherchons \u00e0 l&#8217;imiter et laissons que la gr\u00e2ce de Son Fils nous transforme durant ce Rassemblement parce que la R\u00e9conciliation est toujours Signe d&#8217;Amour.<\/p>\n<p style=\"text-align: justify;\">&#8220;Laissons-nous encourager par les signes de saintet\u00e9 que le Seigneur nous offre \u00e0 travers les membres les plus humbles de ce peuple&#8221; <em>Gaudete et Exultate,\u00a0<\/em>8<\/p>\n<p style=\"text-align: justify;\">To et Z\u00e9 Moura Soares<br \/>\nCouple Responsable de l&#8217;ERI<\/p>\n","protected":false},"excerpt":{"rendered":"<p>Lorsque nous faisons l&#8217;exp\u00e9rience de la rencontre, dans notre famille, dans notre milieu et dans notre travail, en accord avec notre vocation, nous construisons en m\u00eame temps avec LUI, Son [&hellip;]<\/p>\n","protected":false},"author":1,"featured_media":0,"parent":0,"menu_order":0,"comment_status":"closed","ping_status":"closed","template":"","meta":{"_monsterinsights_skip_tracking":false,"_monsterinsights_sitenote_active":false,"_monsterinsights_sitenote_note":"","_monsterinsights_sitenote_category":0,"footnotes":""},"_links":{"self":[{"href":"https:\/\/fatima2018.equipes-notre-dame.com\/fr\/wp-json\/wp\/v2\/pages\/1597"}],"collection":[{"href":"https:\/\/fatima2018.equipes-notre-dame.com\/fr\/wp-json\/wp\/v2\/pages"}],"about":[{"href":"https:\/\/fatima2018.equipes-notre-dame.com\/fr\/wp-json\/wp\/v2\/types\/page"}],"author":[{"embeddable":true,"href":"https:\/\/fatima2018.equipes-notre-dame.com\/fr\/wp-json\/wp\/v2\/users\/1"}],"replies":[{"embeddable":true,"href":"https:\/\/fatima2018.equipes-notre-dame.com\/fr\/wp-json\/wp\/v2\/comments?post=1597"}],"version-history":[{"count":0,"href":"https:\/\/fatima2018.equipes-notre-dame.com\/fr\/wp-json\/wp\/v2\/pages\/1597\/revisions"}],"wp:attachment":[{"href":"https:\/\/fatima2018.equipes-notre-dame.com\/fr\/wp-json\/wp\/v2\/media?parent=1597"}],"curies":[{"name":"wp","href":"https:\/\/api.w.org\/{rel}","templated":true}]}}