{"id":2289,"date":"2018-10-08T16:31:47","date_gmt":"2018-10-08T15:31:47","guid":{"rendered":"https:\/\/fatima2018.equipes-notre-dame.com\/?page_id=2289"},"modified":"2018-11-20T01:06:00","modified_gmt":"2018-11-20T00:06:00","slug":"dia-17","status":"publish","type":"page","link":"https:\/\/fatima2018.equipes-notre-dame.com\/fr\/documents\/dia-17\/","title":{"rendered":"Jornu\u00e9e 17"},"content":{"rendered":"\n<table id=\"tablepress-16\" class=\"tablepress tablepress-id-16\">\n<thead>\n<tr class=\"row-1\">\n\t<th class=\"column-1\">Jour\/Heure<\/th><th class=\"column-2\">Auteur<\/th><th class=\"column-3\">Nom du Document<\/th>\n<\/tr>\n<\/thead>\n<tbody class=\"row-hover\">\n<tr class=\"row-2\">\n\t<td class=\"column-1\">17 \/ 09h00<\/td><td class=\"column-2\">D. Jos\u00e9 Tolentino Mendon\u00e7a<\/td><td class=\"column-3\"><a href=\"https:\/\/fatima2018.equipes-notre-dame.com\/fr\/wp-content\/uploads\/2018\/07\/FRA-Meditation-1-20180717.pdf\" rel=\"noopener\" target=\"_blank\">P\u00e8re, donne-moi la part de fortune qui me revient<\/a><\/td>\n<\/tr>\n<tr class=\"row-3\">\n\t<td class=\"column-1\">17 \/ 09h30<\/td><td class=\"column-2\">Cardinal D. Ricardo Bl\u00e1zquez<\/td><td class=\"column-3\"><a href=https:\/\/fatima2018.equipes-notre-dame.com\/fr\/wp-content\/uploads\/2018\/07\/FRA-06-Le-sens-chretien-de-la-liberte-Ricardo-Blazquez-Perez.pdf rel=\"noopener\" target=\"_blank\">Le sens cr\u00e9tien de la libert\u00e9, D. Ricardo Bl\u00e1zquez<\/a><\/td>\n<\/tr>\n<tr class=\"row-4\">\n\t<td class=\"column-1\">17 \/ 10h20<\/td><td class=\"column-2\">Wal\u00easka e Luiz Santos<\/td><td class=\"column-3\"><a href=https:\/\/fatima2018.equipes-notre-dame.com\/fr\/wp-content\/uploads\/2018\/07\/FRA-07-Le-bonheur-une-reponse-a-la-liberte-Waleska-Luiz-Santos.pdf rel=\"noopener\" target=\"_blank\">Le bonheur :une r\u00e9ponse \u00e0 la libert\u00e9<\/a><\/td>\n<\/tr>\n<tr class=\"row-5\">\n\t<td class=\"column-1\">17 \/ 10h20<\/td><td class=\"column-2\">Dwight e Christine Gonsalves<\/td><td class=\"column-3\"><a href=https:\/\/fatima2018.equipes-notre-dame.com\/fr\/wp-content\/uploads\/2018\/07\/FRA-08-Liberte-et-Engagement-Dwight-Christine-Gonsalves.pdf rel=\"noopener\" target=\"_blank\">Libert\u00e9 et Engagement<\/a><\/td>\n<\/tr>\n<tr class=\"row-6\">\n\t<td class=\"column-1\">17 \/ 11h30<\/td><td class=\"column-2\">Cardinal D. Ricardo Bl\u00e1zquez<\/td><td class=\"column-3\"><a href=https:\/\/fatima2018.equipes-notre-dame.com\/fr\/wp-content\/uploads\/2018\/07\/FRA-10-Homelie-Cardinal-Blazquez-Fatima_FR-Relu-Gaussel.pdf rel=\"noopener\" target=\"_blank\">Hom\u00e9lie pour la Messe<\/a><\/td>\n<\/tr>\n<\/tbody>\n<\/table>\n<!-- #tablepress-16 from cache -->\n","protected":false},"excerpt":{"rendered":"","protected":false},"author":1,"featured_media":0,"parent":1683,"menu_order":0,"comment_status":"closed","ping_status":"closed","template":"","meta":{"_monsterinsights_skip_tracking":false,"_monsterinsights_sitenote_active":false,"_monsterinsights_sitenote_note":"","_monsterinsights_sitenote_category":0,"footnotes":""},"_links":{"self":[{"href":"https:\/\/fatima2018.equipes-notre-dame.com\/fr\/wp-json\/wp\/v2\/pages\/2289"}],"collection":[{"href":"https:\/\/fatima2018.equipes-notre-dame.com\/fr\/wp-json\/wp\/v2\/pages"}],"about":[{"href":"https:\/\/fatima2018.equipes-notre-dame.com\/fr\/wp-json\/wp\/v2\/types\/page"}],"author":[{"embeddable":true,"href":"https:\/\/fatima2018.equipes-notre-dame.com\/fr\/wp-json\/wp\/v2\/users\/1"}],"replies":[{"embeddable":true,"href":"https:\/\/fatima2018.equipes-notre-dame.com\/fr\/wp-json\/wp\/v2\/comments?post=2289"}],"version-history":[{"count":0,"href":"https:\/\/fatima2018.equipes-notre-dame.com\/fr\/wp-json\/wp\/v2\/pages\/2289\/revisions"}],"up":[{"embeddable":true,"href":"https:\/\/fatima2018.equipes-notre-dame.com\/fr\/wp-json\/wp\/v2\/pages\/1683"}],"wp:attachment":[{"href":"https:\/\/fatima2018.equipes-notre-dame.com\/fr\/wp-json\/wp\/v2\/media?parent=2289"}],"curies":[{"name":"wp","href":"https:\/\/api.w.org\/{rel}","templated":true}]}}