{"id":2290,"date":"2018-10-08T16:33:38","date_gmt":"2018-10-08T15:33:38","guid":{"rendered":"https:\/\/fatima2018.equipes-notre-dame.com\/?page_id=2290"},"modified":"2018-11-20T01:22:21","modified_gmt":"2018-11-20T00:22:21","slug":"dia-18","status":"publish","type":"page","link":"https:\/\/fatima2018.equipes-notre-dame.com\/fr\/documents\/dia-18\/","title":{"rendered":"Journ\u00e9e 18"},"content":{"rendered":"\n<table id=\"tablepress-17\" class=\"tablepress tablepress-id-17\">\n<thead>\n<tr class=\"row-1\">\n\t<th class=\"column-1\">Jour\/Heure<\/th><th class=\"column-2\">Auteur<\/th><th class=\"column-3\">Nom du Document<\/th>\n<\/tr>\n<\/thead>\n<tbody class=\"row-hover\">\n<tr class=\"row-2\">\n\t<td class=\"column-1\">18 \/ 09h00<\/td><td class=\"column-2\">D. Jos\u00e9 Tolentino Mendon\u00e7a<\/td><td class=\"column-3\"><a href=\"https:\/\/fatima2018.equipes-notre-dame.com\/fr\/wp-content\/uploads\/2018\/07\/FRA-Meditation-2-20180718.pdf\" rel=\"noopener\" target=\"_blank\">Le fils partit pour un pays lointain et y dissipa son bien<\/a><\/td>\n<\/tr>\n<tr class=\"row-3\">\n\t<td class=\"column-1\">18 \/ 09h00<\/td><td class=\"column-2\">Helena e Paul McCloskey<\/td><td class=\"column-3\"><a href=\"https:\/\/fatima2018.equipes-notre-dame.com\/fr\/wp-content\/uploads\/2018\/07\/FRA-15-Presentation-of-the-Day-18th-July_FR.pdf\" rel=\"noopener\" target=\"_blank\">Introduction et Pr\u00e9sentation<\/a><\/td>\n<\/tr>\n<tr class=\"row-4\">\n\t<td class=\"column-1\">18 \/ 09h30<\/td><td class=\"column-2\">Fran\u00e7oise e R\u00e9mi Gaussel<\/td><td class=\"column-3\"><a href=\"https:\/\/fatima2018.equipes-notre-dame.com\/fr\/wp-content\/uploads\/2018\/07\/FRA-18-INTRO-Introduction-sur-le-P.Caffarel.pdf\" rel=\"noopener\" target=\"_blank\">Introduction \u00e0 la session sur le P\u00e8re Caffarel <\/a><\/td>\n<\/tr>\n<tr class=\"row-5\">\n\t<td class=\"column-1\">18 \/ 09h30<\/td><td class=\"column-2\">T\u00f3 e Z\u00e9 Moura Soares<\/td><td class=\"column-3\"><a href=\"https:\/\/fatima2018.equipes-notre-dame.com\/fr\/wp-content\/uploads\/2018\/07\/FRA-Actualite-de-la-pensee-du-P.-Caffarel.pdf\" rel=\"noopener\" target=\"_blank\">Actualit\u00e9 de la Pens\u00e9e du P\u00e8re Caffarel<\/a><\/td>\n<\/tr>\n<tr class=\"row-6\">\n\t<td class=\"column-1\">18 \/ 09h30<\/td><td class=\"column-2\">P\u00e8re Paul-Dominique Marcovits, o.p. e Jean Allemand<\/td><td class=\"column-3\"><a href=\"https:\/\/fatima2018.equipes-notre-dame.com\/fr\/wp-content\/uploads\/2018\/07\/FRA-18-Le-Pere-Caffarel-J.-Allemand-et-Paul-Dominique-Marcovits.pdf\" rel=\"noopener\" target=\"_blank\">Le P\u00e8re Caffarel<\/a><\/td>\n<\/tr>\n<tr class=\"row-7\">\n\t<td class=\"column-1\">18 \/ 09h30<\/td><td class=\"column-2\">Marie d\u2019Amonville <\/td><td class=\"column-3\"><a href=\"https:\/\/fatima2018.equipes-notre-dame.com\/fr\/wp-content\/uploads\/2018\/07\/FRA-18b-Intervention-de-Marie-d\u00d4\u00c7\u00d6Amonville.pdf\" rel=\"noopener\" target=\"_blank\">T\u00e9moignage<\/a><\/td>\n<\/tr>\n<tr class=\"row-8\">\n\t<td class=\"column-1\">18 \/ 09h30<\/td><td class=\"column-2\">P\u00e8re Angelo Paleri<\/td><td class=\"column-3\"><a href=\"https:\/\/fatima2018.equipes-notre-dame.com\/fr\/wp-content\/uploads\/2018\/07\/FRA-19-Cause-de-Canonisation-P.-Angelo-Paleri.pdf\" rel=\"noopener\" target=\"_blank\">Communication sur l\u2019\u00e9tat d\u2019avancement de la cause de canonisation du P\u00e8re Henri Caffarel<\/a><\/td>\n<\/tr>\n<tr class=\"row-9\">\n\t<td class=\"column-1\">18 \/ 12h30<\/td><td class=\"column-2\">Constanza e Alberto Alvarado<\/td><td class=\"column-3\"><a href=\"https:\/\/fatima2018.equipes-notre-dame.com\/fr\/wp-content\/uploads\/2018\/07\/FRA-17-Developpement-et-Internationalite-des-END.pdf\" rel=\"noopener\" target=\"_blank\">D\u00e9veloppement et Internationalit\u00e9 du Mouvement<br \/>\ndes \u00c9quipes Notre-Dame<\/a><\/td>\n<\/tr>\n<\/tbody>\n<\/table>\n<!-- #tablepress-17 from cache -->\n","protected":false},"excerpt":{"rendered":"","protected":false},"author":1,"featured_media":0,"parent":1683,"menu_order":0,"comment_status":"closed","ping_status":"closed","template":"","meta":{"_monsterinsights_skip_tracking":false,"_monsterinsights_sitenote_active":false,"_monsterinsights_sitenote_note":"","_monsterinsights_sitenote_category":0,"footnotes":""},"_links":{"self":[{"href":"https:\/\/fatima2018.equipes-notre-dame.com\/fr\/wp-json\/wp\/v2\/pages\/2290"}],"collection":[{"href":"https:\/\/fatima2018.equipes-notre-dame.com\/fr\/wp-json\/wp\/v2\/pages"}],"about":[{"href":"https:\/\/fatima2018.equipes-notre-dame.com\/fr\/wp-json\/wp\/v2\/types\/page"}],"author":[{"embeddable":true,"href":"https:\/\/fatima2018.equipes-notre-dame.com\/fr\/wp-json\/wp\/v2\/users\/1"}],"replies":[{"embeddable":true,"href":"https:\/\/fatima2018.equipes-notre-dame.com\/fr\/wp-json\/wp\/v2\/comments?post=2290"}],"version-history":[{"count":0,"href":"https:\/\/fatima2018.equipes-notre-dame.com\/fr\/wp-json\/wp\/v2\/pages\/2290\/revisions"}],"up":[{"embeddable":true,"href":"https:\/\/fatima2018.equipes-notre-dame.com\/fr\/wp-json\/wp\/v2\/pages\/1683"}],"wp:attachment":[{"href":"https:\/\/fatima2018.equipes-notre-dame.com\/fr\/wp-json\/wp\/v2\/media?parent=2290"}],"curies":[{"name":"wp","href":"https:\/\/api.w.org\/{rel}","templated":true}]}}