{"id":2292,"date":"2018-09-25T12:33:47","date_gmt":"2018-09-25T10:33:47","guid":{"rendered":"https:\/\/fatima2018.equipes-notre-dame.com\/?page_id=2292"},"modified":"2018-11-20T01:04:27","modified_gmt":"2018-11-20T00:04:27","slug":"dia16","status":"publish","type":"page","link":"https:\/\/fatima2018.equipes-notre-dame.com\/fr\/videos-2\/dia16\/","title":{"rendered":"Journ\u00e9e 16"},"content":{"rendered":"<div id=\"pl-2292\"  class=\"panel-layout\" ><div id=\"pg-2292-0\"  class=\"panel-grid panel-no-style\" ><div id=\"pgc-2292-0-0\"  class=\"panel-grid-cell\" ><div id=\"panel-2292-0-0-0\" class=\"so-panel widget widget_sow-video panel-first-child\" data-index=\"0\" ><div\n\t\t\t\n\t\t\tclass=\"so-widget-sow-video so-widget-sow-video-default-f379b959fc93-2292\"\n\t\t\t\n\t\t>\n<div class=\"sow-video-wrapper no-controls\">\n\t\t\t<iframe loading=\"lazy\" title=\"023 RESUMO DIA 16\" width=\"720\" height=\"405\" src=\"https:\/\/www.youtube.com\/embed\/f_g9Iiu_fkc?feature=oembed&autoplay=1&mute=1&enablejsapi=1\" frameborder=\"0\" allow=\"accelerometer; autoplay; clipboard-write; encrypted-media; gyroscope; picture-in-picture; web-share\" referrerpolicy=\"strict-origin-when-cross-origin\" allowfullscreen><\/iframe>\t<\/div>\n<\/div><\/div><div id=\"panel-2292-0-0-1\" class=\"so-panel widget widget_sow-video panel-last-child\" data-index=\"1\" ><div\n\t\t\t\n\t\t\tclass=\"so-widget-sow-video so-widget-sow-video-default-f379b959fc93-2292\"\n\t\t\t\n\t\t>\n<div class=\"sow-video-wrapper no-controls\">\n\t\t\t<iframe loading=\"lazy\" title=\"030 MENSAGEM DO PAPA FRANCISCO_PT\" width=\"720\" height=\"405\" src=\"https:\/\/www.youtube.com\/embed\/OBKl90WTkzQ?feature=oembed&enablejsapi=1\" frameborder=\"0\" allow=\"accelerometer; autoplay; clipboard-write; encrypted-media; gyroscope; picture-in-picture; web-share\" referrerpolicy=\"strict-origin-when-cross-origin\" allowfullscreen><\/iframe>\t<\/div>\n<\/div><\/div><\/div><div id=\"pgc-2292-0-1\"  class=\"panel-grid-cell\" ><div id=\"panel-2292-0-1-0\" class=\"so-panel widget widget_sow-video panel-first-child panel-last-child\" data-index=\"2\" ><div\n\t\t\t\n\t\t\tclass=\"so-widget-sow-video so-widget-sow-video-default-f379b959fc93-2292\"\n\t\t\t\n\t\t>\n<div class=\"sow-video-wrapper no-controls\">\n\t\t\t<iframe loading=\"lazy\" title=\"022 C\u00c9R\u00c9MONIE d&#039;OVERTURE DU RASSEMBLEMENT JOURN\u00c9E 16_FR\" width=\"720\" height=\"405\" src=\"https:\/\/www.youtube.com\/embed\/56lX4VG2C4Y?feature=oembed&enablejsapi=1\" frameborder=\"0\" allow=\"accelerometer; autoplay; clipboard-write; encrypted-media; gyroscope; picture-in-picture; web-share\" referrerpolicy=\"strict-origin-when-cross-origin\" allowfullscreen><\/iframe>\t<\/div>\n<\/div><\/div><\/div><div id=\"pgc-2292-0-2\"  class=\"panel-grid-cell\" ><div id=\"panel-2292-0-2-0\" class=\"so-panel widget widget_sow-video panel-first-child panel-last-child\" data-index=\"3\" ><div\n\t\t\t\n\t\t\tclass=\"so-widget-sow-video so-widget-sow-video-default-f379b959fc93-2292\"\n\t\t\t\n\t\t>\n<div class=\"sow-video-wrapper no-controls\">\n\t\t\t<iframe loading=\"lazy\" title=\"029 HINO DO ENCONTRO INTERNACIONAL F\u00c1TIMA 2018_PT\" width=\"720\" height=\"405\" src=\"https:\/\/www.youtube.com\/embed\/TsjFpDKxaJY?feature=oembed&enablejsapi=1\" frameborder=\"0\" allow=\"accelerometer; autoplay; clipboard-write; encrypted-media; gyroscope; picture-in-picture; web-share\" referrerpolicy=\"strict-origin-when-cross-origin\" allowfullscreen><\/iframe>\t<\/div>\n<\/div><\/div><\/div><\/div><\/div>","protected":false},"excerpt":{"rendered":"","protected":false},"author":1,"featured_media":0,"parent":1535,"menu_order":0,"comment_status":"closed","ping_status":"closed","template":"","meta":{"_monsterinsights_skip_tracking":false,"_monsterinsights_sitenote_active":false,"_monsterinsights_sitenote_note":"","_monsterinsights_sitenote_category":0,"footnotes":""},"_links":{"self":[{"href":"https:\/\/fatima2018.equipes-notre-dame.com\/fr\/wp-json\/wp\/v2\/pages\/2292"}],"collection":[{"href":"https:\/\/fatima2018.equipes-notre-dame.com\/fr\/wp-json\/wp\/v2\/pages"}],"about":[{"href":"https:\/\/fatima2018.equipes-notre-dame.com\/fr\/wp-json\/wp\/v2\/types\/page"}],"author":[{"embeddable":true,"href":"https:\/\/fatima2018.equipes-notre-dame.com\/fr\/wp-json\/wp\/v2\/users\/1"}],"replies":[{"embeddable":true,"href":"https:\/\/fatima2018.equipes-notre-dame.com\/fr\/wp-json\/wp\/v2\/comments?post=2292"}],"version-history":[{"count":0,"href":"https:\/\/fatima2018.equipes-notre-dame.com\/fr\/wp-json\/wp\/v2\/pages\/2292\/revisions"}],"up":[{"embeddable":true,"href":"https:\/\/fatima2018.equipes-notre-dame.com\/fr\/wp-json\/wp\/v2\/pages\/1535"}],"wp:attachment":[{"href":"https:\/\/fatima2018.equipes-notre-dame.com\/fr\/wp-json\/wp\/v2\/media?parent=2292"}],"curies":[{"name":"wp","href":"https:\/\/api.w.org\/{rel}","templated":true}]}}