{"id":2319,"date":"2018-10-08T16:38:31","date_gmt":"2018-10-08T15:38:31","guid":{"rendered":"https:\/\/fatima2018.equipes-notre-dame.com\/?page_id=2319"},"modified":"2018-11-20T01:52:32","modified_gmt":"2018-11-20T00:52:32","slug":"dia-20","status":"publish","type":"page","link":"https:\/\/fatima2018.equipes-notre-dame.com\/fr\/documents\/dia-20\/","title":{"rendered":"Journ\u00e9e 20"},"content":{"rendered":"\n<table id=\"tablepress-19\" class=\"tablepress tablepress-id-19\">\n<thead>\n<tr class=\"row-1\">\n\t<th class=\"column-1\">Jour\/Heure<\/th><th class=\"column-2\">Auteur<\/th><th class=\"column-3\">Nom du Document<\/th>\n<\/tr>\n<\/thead>\n<tbody class=\"row-hover\">\n<tr class=\"row-2\">\n\t<td class=\"column-1\">20 \/ 09h00<\/td><td class=\"column-2\">D. Jos\u00e9 Tolentino Mendon\u00e7a<\/td><td class=\"column-3\"><a href=\"https:\/\/fatima2018.equipes-notre-dame.com\/fr\/wp-content\/uploads\/2018\/07\/FRA-Meditation-4-20180720.pdf\" rel=\"noopener\" target=\"_blank\">Son p\u00e8re l\u2019aper\u00e7ut et fut touch\u00e9 de compassion<\/a><\/td>\n<\/tr>\n<tr class=\"row-3\">\n\t<td class=\"column-1\">20 \/ 09h00<\/td><td class=\"column-2\">Gra\u00e7a e Roberto Rocha<\/td><td class=\"column-3\"><a href=\"https:\/\/fatima2018.equipes-notre-dame.com\/fr\/wp-content\/uploads\/2018\/07\/FRA-36-APRESENTA%C3%A7%C3%A2O-DO-DIA-20-DE-JULHO-DE-2018_FR-r%C2%AEmi-gaussel.pdf\" rel=\"noopener\" target=\"_blank\">Pr\u00e9sentation du Jour <\/a><\/td>\n<\/tr>\n<tr class=\"row-4\">\n\t<td class=\"column-1\">20 \/ 09h30<\/td><td class=\"column-2\">P\u00e8re Jos\u00e9 Jacinto Farias, scj<\/td><td class=\"column-3\"><a href=\"https:\/\/fatima2018.equipes-notre-dame.com\/fr\/wp-content\/uploads\/2018\/07\/FRA-37-Vivre-la-justice-misericordieuse-de-Dieu-P.-Jose-Jacinto-Farias.pdf\" rel=\"noopener\" target=\"_blank\">Vivre la justice mis\u00e9ricordieuse de Dieu<\/a><\/td>\n<\/tr>\n<tr class=\"row-5\">\n\t<td class=\"column-1\">20 \/ 10h20<\/td><td class=\"column-2\">Vincenzo Ventricelli, Irene e Diego<br \/>\nMartimucci e P\u00e8re Francesco Saverio Colonna (Equipe Altamura 1 \u2013 SR It\u00e1lia)<\/td><td class=\"column-3\"><a href=\"https:\/\/fatima2018.equipes-notre-dame.com\/fr\/wp-content\/uploads\/2018\/07\/FRA-38-La-misericorde-dans-l_Equipe.pdf\" rel=\"noopener\" target=\"_blank\">La mis\u00e9ricorde dans l\u2019\u00e9quipe<\/a><\/td>\n<\/tr>\n<tr class=\"row-6\">\n\t<td class=\"column-1\">20 \/ 10h20<\/td><td class=\"column-2\">Anal\u00eda e Diego Velasco<\/td><td class=\"column-3\"><a href=\"https:\/\/fatima2018.equipes-notre-dame.com\/fr\/wp-content\/uploads\/2018\/07\/FRA-39-La-misericorde-dans-le-monde-FULL.pdf\" rel=\"noopener\" target=\"_blank\">La mis\u00e9ricorde dans le monde<\/a><\/td>\n<\/tr>\n<tr class=\"row-7\">\n\t<td class=\"column-1\">20 \/ 11h40<\/td><td class=\"column-2\">T\u00f3 e Jos\u00e9 Moura Soares<\/td><td class=\"column-3\"><a href=\"https:\/\/fatima2018.equipes-notre-dame.com\/fr\/wp-content\/uploads\/2018\/07\/FRA-41-Mission-d\u00d4\u00c7\u00d6Amour-Amour-en-Mission.pdf\" rel=\"noopener\" target=\"_blank\">Mission d'Amour,<br \/>\nAmour en Mission<\/a><\/td>\n<\/tr>\n<tr class=\"row-8\">\n\t<td class=\"column-1\">20 \/ 12h20<\/td><td class=\"column-2\">Ant\u00f3nio Brand\u00e3o (Responsable des ENDJ)<\/td><td class=\"column-3\"><a href=\"https:\/\/fatima2018.equipes-notre-dame.com\/fr\/wp-content\/uploads\/2018\/07\/FRA-40b-Presentation-des-ENDJ.pdf\" rel=\"noopener\" target=\"_blank\">Pr\u00e9sentation des Equipes Notre-Dame Jeunes<\/a><\/td>\n<\/tr>\n<tr class=\"row-9\">\n\t<td class=\"column-1\">20 \/ 12h20<\/td><td class=\"column-2\">Aude e Olivier de la Motte<\/td><td class=\"column-3\"><a href=\"https:\/\/fatima2018.equipes-notre-dame.com\/fr\/wp-content\/uploads\/2018\/07\/FRA-40-Topo-Intercesseurs-Fatima-2018.pdf\" rel=\"noopener\" target=\"_blank\">Intercesseurs<\/a><\/td>\n<\/tr>\n<tr class=\"row-10\">\n\t<td class=\"column-1\">20 \/ 17h30<\/td><td class=\"column-2\">Cardinal D. S\u00e9rgio da Rocha<\/td><td class=\"column-3\"><a href=\"https:\/\/fatima2018.equipes-notre-dame.com\/fr\/wp-content\/uploads\/2018\/07\/FRA-43-hom\u00aelie-du-Cardinal-Sergio-da-Rocha_FR-r\u00aemi-gaussel.pdf\" rel=\"noopener\" target=\"_blank\">Hom\u00e9lie pour la Messe<\/a><\/td>\n<\/tr>\n<\/tbody>\n<\/table>\n<!-- #tablepress-19 from cache -->\n","protected":false},"excerpt":{"rendered":"","protected":false},"author":1,"featured_media":0,"parent":1683,"menu_order":0,"comment_status":"closed","ping_status":"closed","template":"","meta":{"_monsterinsights_skip_tracking":false,"_monsterinsights_sitenote_active":false,"_monsterinsights_sitenote_note":"","_monsterinsights_sitenote_category":0,"footnotes":""},"_links":{"self":[{"href":"https:\/\/fatima2018.equipes-notre-dame.com\/fr\/wp-json\/wp\/v2\/pages\/2319"}],"collection":[{"href":"https:\/\/fatima2018.equipes-notre-dame.com\/fr\/wp-json\/wp\/v2\/pages"}],"about":[{"href":"https:\/\/fatima2018.equipes-notre-dame.com\/fr\/wp-json\/wp\/v2\/types\/page"}],"author":[{"embeddable":true,"href":"https:\/\/fatima2018.equipes-notre-dame.com\/fr\/wp-json\/wp\/v2\/users\/1"}],"replies":[{"embeddable":true,"href":"https:\/\/fatima2018.equipes-notre-dame.com\/fr\/wp-json\/wp\/v2\/comments?post=2319"}],"version-history":[{"count":0,"href":"https:\/\/fatima2018.equipes-notre-dame.com\/fr\/wp-json\/wp\/v2\/pages\/2319\/revisions"}],"up":[{"embeddable":true,"href":"https:\/\/fatima2018.equipes-notre-dame.com\/fr\/wp-json\/wp\/v2\/pages\/1683"}],"wp:attachment":[{"href":"https:\/\/fatima2018.equipes-notre-dame.com\/fr\/wp-json\/wp\/v2\/media?parent=2319"}],"curies":[{"name":"wp","href":"https:\/\/api.w.org\/{rel}","templated":true}]}}