{"id":2320,"date":"2018-10-08T16:40:02","date_gmt":"2018-10-08T15:40:02","guid":{"rendered":"https:\/\/fatima2018.equipes-notre-dame.com\/?page_id=2320"},"modified":"2018-11-20T02:12:06","modified_gmt":"2018-11-20T01:12:06","slug":"dia-21","status":"publish","type":"page","link":"https:\/\/fatima2018.equipes-notre-dame.com\/fr\/documents\/dia-21\/","title":{"rendered":"Journ\u00e9e 21"},"content":{"rendered":"\n<table id=\"tablepress-20\" class=\"tablepress tablepress-id-20\">\n<thead>\n<tr class=\"row-1\">\n\t<th class=\"column-1\">Jour\/Heure<\/th><th class=\"column-2\">Auteur<\/th><th class=\"column-3\">Nom du Document<\/th>\n<\/tr>\n<\/thead>\n<tbody class=\"row-hover\">\n<tr class=\"row-2\">\n\t<td class=\"column-1\">21 \/ 09h00<\/td><td class=\"column-2\">D. Jos\u00e9 Tolentino Mendon\u00e7a<\/td><td class=\"column-3\"><a href=\"https:\/\/fatima2018.equipes-notre-dame.com\/fr\/wp-content\/uploads\/2018\/07\/FRA-Meditation-5-20180721.pdf\" rel=\"noopener\" target=\"_blank\">Mon fils \u00e9tait mort et il est revenu \u00e0 la vie<\/a><\/td>\n<\/tr>\n<tr class=\"row-3\">\n\t<td class=\"column-1\">20 \/ 09h30<\/td><td class=\"column-2\">Cardinal-Patriarche D. Manuel Clemente<\/td><td class=\"column-3\"><a href=\"https:\/\/fatima2018.equipes-notre-dame.com\/fr\/wp-content\/uploads\/2018\/07\/FRA-47-La-joie-des-retrouvailles.pdf\" rel=\"noopener\" target=\"_blank\">La joie des retrouvailles<\/a><\/td>\n<\/tr>\n<tr class=\"row-4\">\n\t<td class=\"column-1\">20 \/ 11h30<\/td><td class=\"column-2\">Cardinal-Patriarche D. Manuel Clemente<\/td><td class=\"column-3\"><a href=\"https:\/\/fatima2018.equipes-notre-dame.com\/fr\/wp-content\/uploads\/2018\/07\/FRA-49-Homelie-Messe-Cloture-D.-Manuel-Clemente.pdf\" rel=\"noopener\" target=\"_blank\">Hom\u00e9lie de la Messe de cl\u00f4ture du Rassemblement International des \u00c9quipes Notre-Dame<\/a><\/td>\n<\/tr>\n<tr class=\"row-5\">\n\t<td class=\"column-1\">20 \/ 12h30<\/td><td class=\"column-2\">Clarita e Edgardo Bernal<\/td><td class=\"column-3\"><a href=\"https:\/\/fatima2018.equipes-notre-dame.com\/fr\/wp-content\/uploads\/2018\/07\/FRA-50-Discurso-de-envio.pdf\" rel=\"noopener\" target=\"_blank\">Envoi de livraison<\/a><\/td>\n<\/tr>\n<\/tbody>\n<\/table>\n<!-- #tablepress-20 from cache -->\n","protected":false},"excerpt":{"rendered":"","protected":false},"author":1,"featured_media":0,"parent":1683,"menu_order":0,"comment_status":"closed","ping_status":"closed","template":"","meta":{"_monsterinsights_skip_tracking":false,"_monsterinsights_sitenote_active":false,"_monsterinsights_sitenote_note":"","_monsterinsights_sitenote_category":0,"footnotes":""},"_links":{"self":[{"href":"https:\/\/fatima2018.equipes-notre-dame.com\/fr\/wp-json\/wp\/v2\/pages\/2320"}],"collection":[{"href":"https:\/\/fatima2018.equipes-notre-dame.com\/fr\/wp-json\/wp\/v2\/pages"}],"about":[{"href":"https:\/\/fatima2018.equipes-notre-dame.com\/fr\/wp-json\/wp\/v2\/types\/page"}],"author":[{"embeddable":true,"href":"https:\/\/fatima2018.equipes-notre-dame.com\/fr\/wp-json\/wp\/v2\/users\/1"}],"replies":[{"embeddable":true,"href":"https:\/\/fatima2018.equipes-notre-dame.com\/fr\/wp-json\/wp\/v2\/comments?post=2320"}],"version-history":[{"count":0,"href":"https:\/\/fatima2018.equipes-notre-dame.com\/fr\/wp-json\/wp\/v2\/pages\/2320\/revisions"}],"up":[{"embeddable":true,"href":"https:\/\/fatima2018.equipes-notre-dame.com\/fr\/wp-json\/wp\/v2\/pages\/1683"}],"wp:attachment":[{"href":"https:\/\/fatima2018.equipes-notre-dame.com\/fr\/wp-json\/wp\/v2\/media?parent=2320"}],"curies":[{"name":"wp","href":"https:\/\/api.w.org\/{rel}","templated":true}]}}