{"id":2328,"date":"2018-10-08T16:55:10","date_gmt":"2018-10-08T15:55:10","guid":{"rendered":"https:\/\/fatima2018.equipes-notre-dame.com\/?page_id=2328"},"modified":"2018-11-20T01:43:59","modified_gmt":"2018-11-20T00:43:59","slug":"dia-19-2","status":"publish","type":"page","link":"https:\/\/fatima2018.equipes-notre-dame.com\/fr\/videos-2\/dia-19-2\/","title":{"rendered":"Journ\u00e9e 19"},"content":{"rendered":"<div id=\"pl-2328\"  class=\"panel-layout\" ><div id=\"pg-2328-0\"  class=\"panel-grid panel-no-style\" ><div id=\"pgc-2328-0-0\"  class=\"panel-grid-cell\" ><div id=\"panel-2328-0-0-0\" class=\"so-panel widget widget_sow-video panel-first-child panel-last-child\" data-index=\"0\" ><div\n\t\t\t\n\t\t\tclass=\"so-widget-sow-video so-widget-sow-video-default-f379b959fc93-2328\"\n\t\t\t\n\t\t>\n<div class=\"sow-video-wrapper no-controls\">\n\t\t\t<iframe loading=\"lazy\" title=\"033 RESUMO DIA 19\" width=\"720\" height=\"405\" src=\"https:\/\/www.youtube.com\/embed\/p3Uisq3UBuc?feature=oembed&autoplay=1&mute=1&enablejsapi=1\" frameborder=\"0\" allow=\"accelerometer; autoplay; clipboard-write; encrypted-media; gyroscope; picture-in-picture; web-share\" referrerpolicy=\"strict-origin-when-cross-origin\" allowfullscreen><\/iframe>\t<\/div>\n<\/div><\/div><\/div><div id=\"pgc-2328-0-1\"  class=\"panel-grid-cell\" ><div id=\"panel-2328-0-1-0\" class=\"so-panel widget widget_sow-video panel-first-child panel-last-child\" data-index=\"1\" ><div\n\t\t\t\n\t\t\tclass=\"so-widget-sow-video so-widget-sow-video-default-f379b959fc93-2328\"\n\t\t\t\n\t\t>\n<div class=\"sow-video-wrapper no-controls\">\n\t\t\t<iframe loading=\"lazy\" title=\"031 TRANSMISSION MATINALE \u00c0 PARTIR DU JOUR 19 _FR\" width=\"720\" height=\"405\" src=\"https:\/\/www.youtube.com\/embed\/NfcoYuRvI0c?feature=oembed&enablejsapi=1\" frameborder=\"0\" allow=\"accelerometer; autoplay; clipboard-write; encrypted-media; gyroscope; picture-in-picture; web-share\" referrerpolicy=\"strict-origin-when-cross-origin\" allowfullscreen><\/iframe>\t<\/div>\n<\/div><\/div><\/div><div id=\"pgc-2328-0-2\"  class=\"panel-grid-cell\" ><div id=\"panel-2328-0-2-0\" class=\"so-panel widget widget_sow-video panel-first-child panel-last-child\" data-index=\"2\" ><div\n\t\t\t\n\t\t\tclass=\"so-widget-sow-video so-widget-sow-video-default-f379b959fc93-2328\"\n\t\t\t\n\t\t>\n<div class=\"sow-video-wrapper no-controls\">\n\t\t\t<iframe loading=\"lazy\" title=\"032 CONFER\u00caNCIA IRM\u00c3 \u00c2NGELA_PT\" width=\"720\" height=\"405\" src=\"https:\/\/www.youtube.com\/embed\/IHEqYGKQ7ZM?feature=oembed&enablejsapi=1\" frameborder=\"0\" allow=\"accelerometer; autoplay; clipboard-write; encrypted-media; gyroscope; picture-in-picture; web-share\" referrerpolicy=\"strict-origin-when-cross-origin\" allowfullscreen><\/iframe>\t<\/div>\n<\/div><\/div><\/div><\/div><\/div>","protected":false},"excerpt":{"rendered":"","protected":false},"author":1,"featured_media":0,"parent":1535,"menu_order":0,"comment_status":"closed","ping_status":"closed","template":"","meta":{"_monsterinsights_skip_tracking":false,"_monsterinsights_sitenote_active":false,"_monsterinsights_sitenote_note":"","_monsterinsights_sitenote_category":0,"footnotes":""},"_links":{"self":[{"href":"https:\/\/fatima2018.equipes-notre-dame.com\/fr\/wp-json\/wp\/v2\/pages\/2328"}],"collection":[{"href":"https:\/\/fatima2018.equipes-notre-dame.com\/fr\/wp-json\/wp\/v2\/pages"}],"about":[{"href":"https:\/\/fatima2018.equipes-notre-dame.com\/fr\/wp-json\/wp\/v2\/types\/page"}],"author":[{"embeddable":true,"href":"https:\/\/fatima2018.equipes-notre-dame.com\/fr\/wp-json\/wp\/v2\/users\/1"}],"replies":[{"embeddable":true,"href":"https:\/\/fatima2018.equipes-notre-dame.com\/fr\/wp-json\/wp\/v2\/comments?post=2328"}],"version-history":[{"count":0,"href":"https:\/\/fatima2018.equipes-notre-dame.com\/fr\/wp-json\/wp\/v2\/pages\/2328\/revisions"}],"up":[{"embeddable":true,"href":"https:\/\/fatima2018.equipes-notre-dame.com\/fr\/wp-json\/wp\/v2\/pages\/1535"}],"wp:attachment":[{"href":"https:\/\/fatima2018.equipes-notre-dame.com\/fr\/wp-json\/wp\/v2\/media?parent=2328"}],"curies":[{"name":"wp","href":"https:\/\/api.w.org\/{rel}","templated":true}]}}