{"id":491,"date":"2016-11-15T17:44:43","date_gmt":"2016-11-15T17:44:43","guid":{"rendered":"http:\/\/192.168.1.103\/creation\/?page_id=491"},"modified":"2018-05-11T17:25:51","modified_gmt":"2018-05-11T15:25:51","slug":"fatima","status":"publish","type":"page","link":"https:\/\/fatima2018.equipes-notre-dame.com\/fr\/fatima\/","title":{"rendered":"F\u00e1tima"},"content":{"rendered":"<div id=\"pl-491\"  class=\"panel-layout\" ><div id=\"pg-491-0\"  class=\"panel-grid panel-no-style\" ><div id=\"pgc-491-0-0\"  class=\"panel-grid-cell\" ><div id=\"panel-491-0-0-0\" class=\"so-panel widget widget_black-studio-tinymce widget_black_studio_tinymce panel-first-child panel-last-child\" data-index=\"0\" ><div class=\"textwidget\"><p style=\"text-align: center;\"><span style=\"text-decoration: underline;\"><span style=\"color: #000000; font-size: 18pt;\"><strong>F\u00e1tima: Histoire et Locals<br \/><\/strong><\/span><\/span><\/p>\n<\/div><\/div><\/div><\/div><div id=\"pg-491-1\"  class=\"panel-grid panel-no-style\" ><div id=\"pgc-491-1-0\"  class=\"panel-grid-cell\" ><div id=\"panel-491-1-0-0\" class=\"so-panel widget widget_black-studio-tinymce widget_black_studio_tinymce panel-first-child panel-last-child\" data-index=\"1\" ><div class=\"textwidget\"><p style=\"text-align: left;\">            <iframe loading=\"lazy\" style=\"border: 0;\" src=\"https:\/\/www.google.com\/maps\/embed?pb=!1m18!1m12!1m3!1d7308.459494935359!2d-8.676693196296085!3d39.63106079325906!2m3!1f0!2f0!3f0!3m2!1i1024!2i768!4f13.1!3m3!1m2!1s0x0%3A0x0!2zMznCsDM3JzUyLjciTiA4wrA0MCcyMy4xIlc!5e0!3m2!1spt-PT!2spt!4v1481909809095\" width=\"400\" height=\"250\" frameborder=\"0\" allowfullscreen=\"allowfullscreen\"><\/iframe><\/p>\n<\/div><\/div><\/div><div id=\"pgc-491-1-1\"  class=\"panel-grid-cell\" ><div id=\"panel-491-1-1-0\" class=\"so-panel widget widget_sow-editor panel-first-child panel-last-child\" data-index=\"2\" ><div class=\"titulo panel-widget-style panel-widget-style-for-491-1-1-0\" ><div\n\t\t\t\n\t\t\tclass=\"so-widget-sow-editor so-widget-sow-editor-base\"\n\t\t\t\n\t\t>\n<div class=\"siteorigin-widget-tinymce textwidget\">\n\t<ul>\n<li><span style=\"color: #000000;\"><a style=\"color: #000000;\" href=\"http:\/\/www.fatima.pt\/fr\/pages\/le-recit-des-apparitions-de-fatima\" target=\"_blank\">Le r\u00e9cit des apparitions de Fatima<\/a><\/span><\/li>\n<\/ul>\n<ul>\n<li><span style=\"color: #000000;\"><a style=\"color: #000000;\" href=\"http:\/\/www.fatima.pt\/fr\/pages\/levenement-de-fatima\" target=\"_blank\">Message de Fatima - L\u00b4\u00e9v\u00e9nement de Fatima<\/a><\/span><\/li>\n<\/ul>\n<ul>\n<li><span style=\"color: #000000;\"><a style=\"color: #000000;\" href=\"http:\/\/www.fatima.pt\/fr\/pages\/mots-cles\" target=\"_blank\">Mots-cl\u00e9s<\/a><\/span><\/li>\n<\/ul>\n<ul>\n<li><span style=\"color: #000000;\"><a style=\"color: #000000;\" href=\"http:\/\/www.fatima.pt\/fr\/pages\/prieres-de-fatima\" target=\"_blank\">Pri\u00e8res de Fatima<\/a><\/span><\/li>\n<\/ul>\n<ul>\n<li><span style=\"color: #000000;\"><a style=\"color: #000000;\" href=\"http:\/\/www.fatima.pt\/fr\/pages\/vie-et-spiritualite\" target=\"_blank\">Vouants de Fatima - Vie et spiritualit\u00e9<\/a><\/span><\/li>\n<\/ul>\n<ul>\n<li><span style=\"color: #000000;\"><a style=\"color: #000000;\" href=\"http:\/\/www.fatima.pt\/fr\/pages\/chronologie\" target=\"_blank\">Chronologie<\/a><\/span><\/li>\n<\/ul>\n<ul>\n<li><span style=\"color: #000000;\"><a style=\"color: #000000;\" href=\"http:\/\/www.fatima.pt\/fr\/pages\/litanie-des-bienheureux-francois-et-jacinthe\" target=\"_blank\">Litanie des bienheureux Fran\u00e7ois et Jacinthe<\/a><\/span><\/li>\n<\/ul>\n<ul>\n<li><span style=\"color: #000000;\"><a style=\"color: #000000;\" href=\"http:\/\/www.santuario-fatima.pt\/fr\/pages\/priere-pour-la-beatification-de-lucie\" target=\"_blank\">Pri\u00e8re pour la b\u00e9atification de Lucie<\/a><\/span><\/li>\n<\/ul>\n<ul>\n<li><span style=\"color: #000000;\"><a style=\"color: #000000;\" href=\"http:\/\/www.fatima.pt\/fr\/pages\/lieux-des-apparitions\" target=\"_blank\">Lieux des apparitions<\/a><\/span><\/li>\n<\/ul>\n<ul>\n<li><span style=\"color: #000000;\"><a style=\"color: #000000;\" href=\"http:\/\/www.fatima.pt\/fr\/pages\/lieux-de-culte-et-de-priere\" target=\"_blank\">Lieux de culte et de pri\u00e8re<\/a><\/span><\/li>\n<\/ul>\n<ul>\n<li><span style=\"color: #000000;\"><a style=\"color: #000000;\" href=\"http:\/\/www.fatima.pt\/fr\/pages\/lieux-de-memoire-et-culture\" target=\"_blank\">Lieux de m\u00e9moire et culture<\/a><\/span><\/li>\n<\/ul>\n<\/div>\n<\/div><\/div><\/div><\/div><\/div><\/div>","protected":false},"excerpt":{"rendered":"<p>F\u00e1tima: Histoire et Locals Le r\u00e9cit des apparitions de FatimaMessage de Fatima &#8211; L\u00b4\u00e9v\u00e9nement de FatimaMots-cl\u00e9sPri\u00e8res de FatimaVouants de Fatima &#8211; Vie et spiritualit\u00e9ChronologieLitanie des bienheureux Fran\u00e7ois et JacinthePri\u00e8re pour [&hellip;]<\/p>\n","protected":false},"author":1,"featured_media":0,"parent":0,"menu_order":0,"comment_status":"closed","ping_status":"closed","template":"home-panels.php","meta":{"_monsterinsights_skip_tracking":false,"_monsterinsights_sitenote_active":false,"_monsterinsights_sitenote_note":"","_monsterinsights_sitenote_category":0,"footnotes":""},"_links":{"self":[{"href":"https:\/\/fatima2018.equipes-notre-dame.com\/fr\/wp-json\/wp\/v2\/pages\/491"}],"collection":[{"href":"https:\/\/fatima2018.equipes-notre-dame.com\/fr\/wp-json\/wp\/v2\/pages"}],"about":[{"href":"https:\/\/fatima2018.equipes-notre-dame.com\/fr\/wp-json\/wp\/v2\/types\/page"}],"author":[{"embeddable":true,"href":"https:\/\/fatima2018.equipes-notre-dame.com\/fr\/wp-json\/wp\/v2\/users\/1"}],"replies":[{"embeddable":true,"href":"https:\/\/fatima2018.equipes-notre-dame.com\/fr\/wp-json\/wp\/v2\/comments?post=491"}],"version-history":[{"count":0,"href":"https:\/\/fatima2018.equipes-notre-dame.com\/fr\/wp-json\/wp\/v2\/pages\/491\/revisions"}],"wp:attachment":[{"href":"https:\/\/fatima2018.equipes-notre-dame.com\/fr\/wp-json\/wp\/v2\/media?parent=491"}],"curies":[{"name":"wp","href":"https:\/\/api.w.org\/{rel}","templated":true}]}}