{"id":1377,"date":"2018-04-03T16:36:07","date_gmt":"2018-04-03T15:36:07","guid":{"rendered":"https:\/\/fatima2018.equipes-notre-dame.com\/?page_id=1377"},"modified":"2019-01-03T00:30:47","modified_gmt":"2019-01-03T00:30:47","slug":"storia","status":"publish","type":"page","link":"https:\/\/fatima2018.equipes-notre-dame.com\/it\/chi_siamo\/storia\/","title":{"rendered":"Storia degli incontri internazionali"},"content":{"rendered":"<p><span style=\"font-size: 14pt;\">Scopri la cronologia degli incontri internazionali delle Equipes Notre-Dame!<\/span><\/p>\n\t\t\t<!-- Cool Timeline Free V2.9.2 -->\r\n\t\t\t<div class=\"ctl-wrapper\" role=\"region\" aria-label=\"Timeline\">\r\n\t\t\t\t\t\t\t\t<div id=\"cool_timeline_1\" class=\"cool-timeline-wrapper ctl-both-sided ctl-vertical-wrapper\" >\r\n\t\t\t\t\t<div class=\"ctl-start\"><\/div>\r\n\t\t\t\t\t<!-- Timeline Container -->\r\n\t\t\t\t\t<div class=\"ctl-timeline ctl-timeline-container\" data-animation=\"fadeInUp\">\r\n\t\t\t\t\t\t<!-- Center Line -->\r\n\t\t\t\t\t\t<div class=\"ctl-inner-line\" role=\"presentation\"><\/div>\r\n\t\t\t\t\t\t<!-- Timeline Content --><div  id=\"ctl-story-1396\" class=\"ctl-story ctl-story-icon odd ctl-story-right\" data-aos=\"fadeInUp\"   data-story-index=\"1\" role=\"article\"><!-- Story Date --><div class=\"ctl-labels\"><div class=\"ctl-label-big story-date\">2012<\/div><\/div><!-- Story Icon --><div class=\"ctl-icon\"><i class= \"fa fa-calendar-check-o\" aria-hidden =\"true\"><\/i><\/div> <!-- Story Arrow --><div class=\"ctl-arrow\"><\/div><!-- Story Content --><div class=\"ctl-content\"><!-- Story Title --><div class=\"ctl-title story-1396\" aria-label=\"2\"><a target=\"_self\" title=\"XI Raduno Internazionale Brasilia 2012\" href=\"https:\/\/fatima2018.equipes-notre-dame.com\/it\/cool_timeline\/xi\/\" class=\"story-link\">XI Raduno Internazionale Brasilia 2012<\/a><\/div><!-- Story Description --><div class=\"ctl-description\"><p>Tema generale: &#8220;Osare il Vangelo&#8221;. 3500 coppie e circa 500 CS hanno partecipato a questo raduno, il primo fuori Europa, in Brasile, nello spirito internazionale del movimento. L&#8217;orientamento per i prossimi anni 2012-2018 sul tema dell&#8217;Incontro, si base su 3 idee: Coppie &#8211; Osare un cuore immerso nell&#8217;Amore di Cristo;&hellip;<a class=\"read_more ctl_read_more\" target=\"_self\" href=\"https:\/\/fatima2018.equipes-notre-dame.com\/it\/cool_timeline\/xi\/\" role=\"link\">Read More<\/a><\/p>\n<\/div><\/div><\/div><!-- Timeline Content --><div  id=\"ctl-story-1395\" class=\"ctl-story ctl-story-icon even ctl-story-left\" data-aos=\"fadeInUp\"   data-story-index=\"2\" role=\"article\"><!-- Story Date --><div class=\"ctl-labels\"><div class=\"ctl-label-big story-date\">2006<\/div><\/div><!-- Story Icon --><div class=\"ctl-icon\"><i class= \"fa fa-calendar-check-o\" aria-hidden =\"true\"><\/i><\/div> <!-- Story Arrow --><div class=\"ctl-arrow\"><\/div><!-- Story Content --><div class=\"ctl-content\"><!-- Story Title --><div class=\"ctl-title story-1395\" aria-label=\"2\"><a target=\"_self\" title=\"X Raduno Internazionale Lourdes 2006\" href=\"https:\/\/fatima2018.equipes-notre-dame.com\/it\/cool_timeline\/x\/\" class=\"story-link\">X Raduno Internazionale Lourdes 2006<\/a><\/div><!-- Story Description --><div class=\"ctl-description\"><p>Tema generale: &#8220;Equipes Notre-Dame, comunit\u00e0 viva di coppie, riflesso di Cristo&#8221;. Circa 8100 membri di Equipes Notre-Dame, dei cinque continenti si riuniscono al santuario di Lourdes. Questo incontro fu marcato da \u201cl&#8217;apertura della causa di canonizzazione di Padre Caffarel\u201d.<\/p>\n<\/div><\/div><\/div><!-- Timeline Content --><div  id=\"ctl-story-1394\" class=\"ctl-story ctl-story-icon odd ctl-story-right\" data-aos=\"fadeInUp\"   data-story-index=\"3\" role=\"article\"><!-- Story Date --><div class=\"ctl-labels\"><div class=\"ctl-label-big story-date\">2000<\/div><\/div><!-- Story Icon --><div class=\"ctl-icon\"><i class= \"fa fa-calendar-check-o\" aria-hidden =\"true\"><\/i><\/div> <!-- Story Arrow --><div class=\"ctl-arrow\"><\/div><!-- Story Content --><div class=\"ctl-content\"><!-- Story Title --><div class=\"ctl-title story-1394\" aria-label=\"2\"><a target=\"_self\" title=\"IX Raduno Internazionale San Giacomo da Compostelle 2000\" href=\"https:\/\/fatima2018.equipes-notre-dame.com\/it\/cool_timeline\/ix\/\" class=\"story-link\">IX Raduno Internazionale San Giacomo da Compostelle 2000<\/a><\/div><!-- Story Description --><div class=\"ctl-description\"><p>Tema generale: &#8220;La coppia, immagine di Dio Trinit\u00e0&#8221;. 3400 coppie e 30 preti consiglieri spirituale, di 57 paesi dei 5 continenti si radunano a San Giacomo da Compostelle (Spagna). Papa Paolo Giovanni II ricordo che: &#8220;La missione di proporre una spiritualit\u00e0 coniugale e familiare radicato nel sacramento del matrimonio&#8221;.<\/p>\n<\/div><\/div><\/div><!-- Timeline Content --><div  id=\"ctl-story-1393\" class=\"ctl-story ctl-story-icon even ctl-story-left\" data-aos=\"fadeInUp\"   data-story-index=\"4\" role=\"article\"><!-- Story Date --><div class=\"ctl-labels\"><div class=\"ctl-label-big story-date\">1994<\/div><\/div><!-- Story Icon --><div class=\"ctl-icon\"><i class= \"fa fa-calendar-check-o\" aria-hidden =\"true\"><\/i><\/div> <!-- Story Arrow --><div class=\"ctl-arrow\"><\/div><!-- Story Content --><div class=\"ctl-content\"><!-- Story Title --><div class=\"ctl-title story-1393\" aria-label=\"2\"><a target=\"_self\" title=\"VIII Raduno Internazionale Fatima 1994\" href=\"https:\/\/fatima2018.equipes-notre-dame.com\/it\/cool_timeline\/viii\/\" class=\"story-link\">VIII Raduno Internazionale Fatima 1994<\/a><\/div><!-- Story Description --><div class=\"ctl-description\"><p>Tema generale: &#8220;Essere famiglia oggi nella Chiesa e nel mondo&#8221;. Nel quadro dell&#8217;anno internazionale della famiglia, 5.200 membri delle END di 49 nazioni, a Fatima, sono invitati alle \u201cNozze di Cana\u201d.<\/p>\n<\/div><\/div><\/div><!-- Timeline Content --><div  id=\"ctl-story-1392\" class=\"ctl-story ctl-story-icon odd ctl-story-right\" data-aos=\"fadeInUp\"   data-story-index=\"5\" role=\"article\"><!-- Story Date --><div class=\"ctl-labels\"><div class=\"ctl-label-big story-date\">1988<\/div><\/div><!-- Story Icon --><div class=\"ctl-icon\"><i class= \"fa fa-calendar-check-o\" aria-hidden =\"true\"><\/i><\/div> <!-- Story Arrow --><div class=\"ctl-arrow\"><\/div><!-- Story Content --><div class=\"ctl-content\"><!-- Story Title --><div class=\"ctl-title story-1392\" aria-label=\"2\"><a target=\"_self\" title=\"VII Raduno Internazionale Lourdes 1988\" href=\"https:\/\/fatima2018.equipes-notre-dame.com\/it\/cool_timeline\/vii\/\" class=\"story-link\">VII Raduno Internazionale Lourdes 1988<\/a><\/div><!-- Story Description --><div class=\"ctl-description\"><p>Tema generale: &#8220;Il secondo soffio&#8221;.\u00a0 Il secondo soffio\u201d \u00e8 un punto d&#8217;inizio, un testo di riferimento, una chiamata alla creativit\u00e0 indirizzato a tutte le \u00e9quipes del mondo intero. \u00c8 in questo spirito che 3.400 coppie e 260 preti si radunano a Lourdes per affermare la missione delle END: assicurare la&hellip;<a class=\"read_more ctl_read_more\" target=\"_self\" href=\"https:\/\/fatima2018.equipes-notre-dame.com\/it\/cool_timeline\/vii\/\" role=\"link\">Read More<\/a><\/p>\n<\/div><\/div><\/div><!-- Timeline Content --><div  id=\"ctl-story-1390\" class=\"ctl-story ctl-story-icon even ctl-story-left\" data-aos=\"fadeInUp\"   data-story-index=\"6\" role=\"article\"><!-- Story Date --><div class=\"ctl-labels\"><div class=\"ctl-label-big story-date\">1982<\/div><\/div><!-- Story Icon --><div class=\"ctl-icon\"><i class= \"fa fa-calendar-check-o\" aria-hidden =\"true\"><\/i><\/div> <!-- Story Arrow --><div class=\"ctl-arrow\"><\/div><!-- Story Content --><div class=\"ctl-content\"><!-- Story Title --><div class=\"ctl-title story-1390\" aria-label=\"2\"><a target=\"_self\" title=\"VI Raduno Internazionale Roma 1982\" href=\"https:\/\/fatima2018.equipes-notre-dame.com\/it\/cool_timeline\/vi\/\" class=\"story-link\">VI Raduno Internazionale Roma 1982<\/a><\/div><!-- Story Description --><div class=\"ctl-description\"><p>Tema generale: &#8220;Cristo cammina con noi&#8221;.\u00a0 5000 pellegrini a Roma vengono accolte. Papa Giovanni Paolo II: &#8220;Il matrimonio cristiano \u00e8 una Pasqua.&#8221;<\/p>\n<\/div><\/div><\/div><!-- Timeline Content --><div  id=\"ctl-story-1383\" class=\"ctl-story ctl-story-icon odd ctl-story-right\" data-aos=\"fadeInUp\"   data-story-index=\"7\" role=\"article\"><!-- Story Date --><div class=\"ctl-labels\"><div class=\"ctl-label-big story-date\">1976<\/div><\/div><!-- Story Icon --><div class=\"ctl-icon\"><i class= \"fa fa-calendar-check-o\" aria-hidden =\"true\"><\/i><\/div> <!-- Story Arrow --><div class=\"ctl-arrow\"><\/div><!-- Story Content --><div class=\"ctl-content\"><!-- Story Title --><div class=\"ctl-title story-1383\" aria-label=\"2\"><a target=\"_self\" title=\"V Raduno Internazionale Roma 1976\" href=\"https:\/\/fatima2018.equipes-notre-dame.com\/it\/cool_timeline\/v\/\" class=\"story-link\">V Raduno Internazionale Roma 1976<\/a><\/div><!-- Story Description --><div class=\"ctl-description\"><p>Tema generale: &#8220;Le END al servizio dell&#8217;evangelizzazione&#8221;. Dopo questo riconoscimento, l&#8217;\u00e9quipe responsabile fornisce un documento aggiornato della Carta: &#8220;che cosa \u00e8 un Equipe Notre-Dame \u2013 complemento della Carta&#8221;, Paolo VI, nel suo discorso, dichiar\u00f2 alle \u00e9quipe: &#8220;Rimanete ci\u00f2 che avete voluto essere dal primo giorno&#8230; vera scuola di spiritualit\u00e0 per&hellip;<a class=\"read_more ctl_read_more\" target=\"_self\" href=\"https:\/\/fatima2018.equipes-notre-dame.com\/it\/cool_timeline\/v\/\" role=\"link\">Read More<\/a><\/p>\n<\/div><\/div><\/div><!-- Timeline Content --><div  id=\"ctl-story-1382\" class=\"ctl-story ctl-story-icon even ctl-story-left\" data-aos=\"fadeInUp\"   data-story-index=\"8\" role=\"article\"><!-- Story Date --><div class=\"ctl-labels\"><div class=\"ctl-label-big story-date\">1970<\/div><\/div><!-- Story Icon --><div class=\"ctl-icon\"><i class= \"fa fa-calendar-check-o\" aria-hidden =\"true\"><\/i><\/div> <!-- Story Arrow --><div class=\"ctl-arrow\"><\/div><!-- Story Content --><div class=\"ctl-content\"><!-- Story Title --><div class=\"ctl-title story-1382\" aria-label=\"2\"><a target=\"_self\" title=\"IV Raduno Internazionale Roma 1970\" href=\"https:\/\/fatima2018.equipes-notre-dame.com\/it\/cool_timeline\/iv\/\" class=\"story-link\">IV Raduno Internazionale Roma 1970<\/a><\/div><!-- Story Description --><div class=\"ctl-description\"><p>Tema generale: &#8220;L&#8217;amore umano \u00e8 un camino di santit\u00e0&#8221;.\u00a0 2000 coppie e 200 preti consiglieri spirituale di 23 paesi, ascoltano il Papa Paolo VI annunciare \u201cla propria vocazione di una coppia unita dal sacramento del matrimonio\u201d. Le Equipe Notre-Dame assumono una dimensione internazionale.<\/p>\n<\/div><\/div><\/div><!-- Timeline Content --><div  id=\"ctl-story-1376\" class=\"ctl-story ctl-story-icon odd ctl-story-right\" data-aos=\"fadeInUp\"   data-story-index=\"9\" role=\"article\"><!-- Story Date --><div class=\"ctl-labels\"><div class=\"ctl-label-big story-date\">1959<\/div><\/div><!-- Story Icon --><div class=\"ctl-icon\"><i class= \"fa fa-calendar-check-o\" aria-hidden =\"true\"><\/i><\/div> <!-- Story Arrow --><div class=\"ctl-arrow\"><\/div><!-- Story Content --><div class=\"ctl-content\"><!-- Story Title --><div class=\"ctl-title story-1376\" aria-label=\"2\"><a target=\"_self\" title=\"II Raduno Internazionale Roma 1959\" href=\"https:\/\/fatima2018.equipes-notre-dame.com\/it\/cool_timeline\/ii\/\" class=\"story-link\">II Raduno Internazionale Roma 1959<\/a><\/div><!-- Story Description --><div class=\"ctl-description\"><p>Tema generale: &#8220;Vocazione e itinerario delle END&#8221;.\u00a0 Circa 2050 membri END vengono ricevuti da Papa Giovanni XXIII.\u00a0<\/p>\n<\/div><\/div><\/div><!-- Timeline Content --><div  id=\"ctl-story-1375\" class=\"ctl-story ctl-story-icon even ctl-story-left\" data-aos=\"fadeInUp\"   data-story-index=\"10\" role=\"article\"><!-- Story Date --><div class=\"ctl-labels\"><div class=\"ctl-label-big story-date\">1954<\/div><\/div><!-- Story Icon --><div class=\"ctl-icon\"><i class= \"fa fa-calendar-check-o\" aria-hidden =\"true\"><\/i><\/div> <!-- Story Arrow --><div class=\"ctl-arrow\"><\/div><!-- Story Content --><div class=\"ctl-content\"><!-- Story Title --><div class=\"ctl-title story-1375\" aria-label=\"2\"><a target=\"_self\" title=\"I Raduno Internazionale Lourdes 1954\" href=\"https:\/\/fatima2018.equipes-notre-dame.com\/it\/cool_timeline\/i\/\" class=\"story-link\">I Raduno Internazionale Lourdes 1954<\/a><\/div><!-- Story Description --><div class=\"ctl-description\"><p>Tema generale: &#8220;Le END,Movimento Internazionale&#8221;.\u00a0 900 membri END consacrano il Movimento Notre-Dame.<\/p>\n<\/div><\/div><\/div>\t\t\t\t\t<\/div>\r\n\t\t\t\t\t<div class=\"ctl-end\"><\/div>\r\n\t\t\t\t\t\t\t\t\t<\/div>\r\n\t\t\t<\/div>\r\n\t\t\t\n","protected":false},"excerpt":{"rendered":"<p>Scopri la cronologia degli incontri internazionali delle Equipes Notre-Dame!<\/p>\n","protected":false},"author":1,"featured_media":0,"parent":478,"menu_order":2,"comment_status":"closed","ping_status":"closed","template":"templates\/template-full.php","meta":{"_monsterinsights_skip_tracking":false,"_monsterinsights_sitenote_active":false,"_monsterinsights_sitenote_note":"","_monsterinsights_sitenote_category":0,"footnotes":""},"_links":{"self":[{"href":"https:\/\/fatima2018.equipes-notre-dame.com\/it\/wp-json\/wp\/v2\/pages\/1377"}],"collection":[{"href":"https:\/\/fatima2018.equipes-notre-dame.com\/it\/wp-json\/wp\/v2\/pages"}],"about":[{"href":"https:\/\/fatima2018.equipes-notre-dame.com\/it\/wp-json\/wp\/v2\/types\/page"}],"author":[{"embeddable":true,"href":"https:\/\/fatima2018.equipes-notre-dame.com\/it\/wp-json\/wp\/v2\/users\/1"}],"replies":[{"embeddable":true,"href":"https:\/\/fatima2018.equipes-notre-dame.com\/it\/wp-json\/wp\/v2\/comments?post=1377"}],"version-history":[{"count":3,"href":"https:\/\/fatima2018.equipes-notre-dame.com\/it\/wp-json\/wp\/v2\/pages\/1377\/revisions"}],"predecessor-version":[{"id":2584,"href":"https:\/\/fatima2018.equipes-notre-dame.com\/it\/wp-json\/wp\/v2\/pages\/1377\/revisions\/2584"}],"up":[{"embeddable":true,"href":"https:\/\/fatima2018.equipes-notre-dame.com\/it\/wp-json\/wp\/v2\/pages\/478"}],"wp:attachment":[{"href":"https:\/\/fatima2018.equipes-notre-dame.com\/it\/wp-json\/wp\/v2\/media?parent=1377"}],"curies":[{"name":"wp","href":"https:\/\/api.w.org\/{rel}","templated":true}]}}