{"id":1422,"date":"2018-04-05T18:02:40","date_gmt":"2018-04-05T17:02:40","guid":{"rendered":"https:\/\/fatima2018.equipes-notre-dame.com\/?page_id=1422"},"modified":"2018-07-11T01:13:54","modified_gmt":"2018-07-11T00:13:54","slug":"pe-henri","status":"publish","type":"page","link":"https:\/\/fatima2018.equipes-notre-dame.com\/it\/pe-henri\/","title":{"rendered":"Padre Henri Caffarel riguardo all&#8217;incontro internazionale"},"content":{"rendered":"<p><img loading=\"lazy\" decoding=\"async\" src=\"https:\/\/fatima2018.equipes-notre-dame.com\/it\/wp-content\/uploads\/2018\/07\/BANNER-2-IT.jpg\" alt=\"\" width=\"5001\" height=\"777\" class=\"aligncenter size-full wp-image-1713\" srcset=\"https:\/\/fatima2018.equipes-notre-dame.com\/it\/wp-content\/uploads\/2018\/07\/BANNER-2-IT.jpg 5001w, https:\/\/fatima2018.equipes-notre-dame.com\/it\/wp-content\/uploads\/2018\/07\/BANNER-2-IT-300x47.jpg 300w, https:\/\/fatima2018.equipes-notre-dame.com\/it\/wp-content\/uploads\/2018\/07\/BANNER-2-IT-768x119.jpg 768w, https:\/\/fatima2018.equipes-notre-dame.com\/it\/wp-content\/uploads\/2018\/07\/BANNER-2-IT-1024x159.jpg 1024w\" sizes=\"(max-width: 5001px) 100vw, 5001px\" \/><\/p>\n<p>&nbsp;<\/p>\n<p><strong>&#8220;UN\u00a0 GESTO CHE SI IMPONE&#8221;<\/strong><\/p>\n<p style=\"text-align: justify;\">\u00c8 una delle gioie, una delle fierezze della nostra generazione avere, se non scoperto, almeno aver preso coscienza delle grandezze cristiane del Matrimonio. Amore coniugale, paternit\u00e0, maternit\u00e0, procreazione, missione della coppia, non evocano solamente per noi delle realt\u00e0 della terra, ma delle realt\u00e0 umane trasfigurate dalla grazia, apportatrici di grazie, tutte espressive delle realt\u00e0 divine.<br \/>\nVi sto per dire che l\u00e0 c\u2019\u00e8 una delle fierezze della nostra generazione. S\u00ec, ed \u00e8 ben legittimo in un senso: noi abbiamo cercato, noi abbiamo trovato, noi ci rallegriamo di aver trovato. Ma c\u2019\u00e8 spesso una nota di ingenuit\u00e0 e di vanagloria nella nostra fierezza. Noi abbiamo trovato, s\u00ec, ma perch\u00e9 Dio ha donato. Non \u00e8 con noi stessi che dobbiamo rallegrarci, \u00e8 Dio che bisogna ringraziare.<br \/>\n\u00c8 da tanto tempo che avevo sognato un grande gesto delle coppie cristiane, attraverso il quale venissero ad esprimere pubblicamente a Dio la loro riconoscenza di essere di questo tempo al quale sono state accordate le sue luci.<br \/>\nQuesto gesto sar\u00e0 il nostro pellegrinaggio a Lourdes del 5,6 e 7 luglio.<br \/>\nGesto di riconoscenza verso Dio \u201cautore di ogni dono\u201d. Ma anche gesto di riconoscenza verso la Chiesa.<br \/>\nTroppo influenzati da una educazione individualista, noi abbiamo spesso stentato a convincerci che i doni di Dio non ci vengono che nella Chiesa e dalla Chiesa &#8211; ci\u00f2 che San Cipriano traduceva:nessuno ha Dio per Padre, se non vuole la Chiesa per madre. Queste ricchezze del matrimonio, bisogna comprenderlo bene, non sono in terre straniere che noi siamo andati a cercare, ma bens\u00ec nel tesoro inesauribile della nostra madre Chiesa. Noi le abbiamo ricevute dalle sua mani.<br \/>\nNoi non abbiamo il diritto di conservarle da avari, da profittatori. Poich\u00e9 noi le abbiamo ricevute dalla Chiesa, bisogna che la Chiesa ne sia la prima beneficiaria. La nostra riconoscenza non deve essere solamente una parola delle labbra, ma un dono di s\u00e9.<\/p>\n<p style=\"text-align: justify;\">Dono di s\u00e9, volont\u00e0 ardente e deliberata di mettere le nostre coppie al servizio della Chiesa:<\/p>\n<ul style=\"list-style-type: circle;\">\n<li style=\"text-align: justify;\">di fare dei nostri figli i suoi figli<\/li>\n<li style=\"text-align: justify;\">di offrirle con sollecitudine quelli che Dio chiamer\u00e0 per il \u201cpi\u00f9 alto servizio\u201d<\/li>\n<li style=\"text-align: justify;\">di lavorare con tutte le nostre forze per trasmettere ci\u00f2 che noi abbiamo compreso del matrimonio a tante coppie che lo ignorano e che lo attendono<\/li>\n<li style=\"text-align: justify;\">di collaborare al suo compito missionario, a cominciare dalle nostre parrocchie.<\/li>\n<\/ul>\n<p style=\"text-align: justify;\">Mi domanderete perch\u00e9 Lourdes? Perch\u00e9 \u00e8 l\u2019Anno Mariano. Perch\u00e9 le nostre Equipes sono sotto il patrocinio di Maria e tengono a prenderla per testimone e garante della loro riconoscenza e delle loro promesse.<\/p>\n<p style=\"text-align: justify;\"><em>In<\/em> Henri Caffarel, L\u2019editoriale pubblicato nella \u00abLETTRE MENSUELLE DES \u00c9QUIPES NOTRE-DAME\u00bb nel gennaio 1954.<\/p>\n","protected":false},"excerpt":{"rendered":"<p>&nbsp; &#8220;UN\u00a0 GESTO CHE SI IMPONE&#8221; \u00c8 una delle gioie, una delle fierezze della nostra generazione avere, se non scoperto, almeno aver preso coscienza delle grandezze cristiane del Matrimonio. Amore [&hellip;]<\/p>\n","protected":false},"author":1,"featured_media":0,"parent":0,"menu_order":0,"comment_status":"closed","ping_status":"closed","template":"","meta":{"_monsterinsights_skip_tracking":false,"_monsterinsights_sitenote_active":false,"_monsterinsights_sitenote_note":"","_monsterinsights_sitenote_category":0,"footnotes":""},"_links":{"self":[{"href":"https:\/\/fatima2018.equipes-notre-dame.com\/it\/wp-json\/wp\/v2\/pages\/1422"}],"collection":[{"href":"https:\/\/fatima2018.equipes-notre-dame.com\/it\/wp-json\/wp\/v2\/pages"}],"about":[{"href":"https:\/\/fatima2018.equipes-notre-dame.com\/it\/wp-json\/wp\/v2\/types\/page"}],"author":[{"embeddable":true,"href":"https:\/\/fatima2018.equipes-notre-dame.com\/it\/wp-json\/wp\/v2\/users\/1"}],"replies":[{"embeddable":true,"href":"https:\/\/fatima2018.equipes-notre-dame.com\/it\/wp-json\/wp\/v2\/comments?post=1422"}],"version-history":[{"count":3,"href":"https:\/\/fatima2018.equipes-notre-dame.com\/it\/wp-json\/wp\/v2\/pages\/1422\/revisions"}],"predecessor-version":[{"id":1714,"href":"https:\/\/fatima2018.equipes-notre-dame.com\/it\/wp-json\/wp\/v2\/pages\/1422\/revisions\/1714"}],"wp:attachment":[{"href":"https:\/\/fatima2018.equipes-notre-dame.com\/it\/wp-json\/wp\/v2\/media?parent=1422"}],"curies":[{"name":"wp","href":"https:\/\/api.w.org\/{rel}","templated":true}]}}