{"id":1535,"date":"2018-04-17T21:37:39","date_gmt":"2018-04-17T20:37:39","guid":{"rendered":"https:\/\/fatima2018.equipes-notre-dame.com\/?page_id=1535"},"modified":"2019-01-03T12:05:50","modified_gmt":"2019-01-03T12:05:50","slug":"videos","status":"publish","type":"page","link":"https:\/\/fatima2018.equipes-notre-dame.com\/it\/videos\/","title":{"rendered":"Video"},"content":{"rendered":"\t\t\t<div \n\t\t\tclass=\"yotu-playlist yotuwp yotu-limit-min   yotu-thumb-169  yotu-template-grid\" \n\t\t\tdata-page=\"1\"\n\t\t\tid=\"yotuwp-6a0475cc7ddd4\"\n\t\t\tdata-yotu=\"6a0475ccb9a8d\"\n\t\t\tdata-total=\"2\"\n\t\t\tdata-settings=\"eyJ0eXBlIjoicGxheWxpc3QiLCJpZCI6IlBMcHlZM1BWZEN4UEFaTU5rSjA3a3BNMmZVV253SHl3OGsiLCJwYWdpbmF0aW9uIjoib24iLCJwYWdpdHlwZSI6ImxvYWRtb3JlIiwiY29sdW1uIjoiMyIsInBlcl9wYWdlIjoiMzAiLCJ0ZW1wbGF0ZSI6ImdyaWQiLCJ0aXRsZSI6Im9uIiwiZGVzY3JpcHRpb24iOiJvZmYiLCJ0aHVtYnJhdGlvIjoiMTY5IiwibWV0YSI6Im9mZiIsIm1ldGFfZGF0YSI6Im9mZiIsIm1ldGFfcG9zaXRpb24iOiJvZmYiLCJkYXRlX2Zvcm1hdCI6Im9mZiIsIm1ldGFfYWxpZ24iOiJvZmYiLCJzdWJzY3JpYmUiOiJvZmYiLCJkdXJhdGlvbiI6Im9mZiIsIm1ldGFfaWNvbiI6Im9mZiIsIm5leHR0ZXh0IjoiIiwicHJldnRleHQiOiIiLCJsb2FkbW9yZXRleHQiOiIiLCJwbGF5ZXIiOnsibW9kZSI6ImxhcmdlIiwid2lkdGgiOiI2MDAiLCJzY3JvbGxpbmciOiIxMDAiLCJhdXRvcGxheSI6MCwiY29udHJvbHMiOjEsIm1vZGVzdGJyYW5kaW5nIjoxLCJsb29wIjowLCJhdXRvbmV4dCI6MSwic2hvd2luZm8iOjEsInJlbCI6MCwicGxheWluZyI6MCwicGxheWluZ19kZXNjcmlwdGlvbiI6MCwidGh1bWJuYWlscyI6MCwiY2NfbG9hZF9wb2xpY3kiOjAsImNjX2xhbmdfcHJlZiI6MCwiaGwiOjAsIml2X2xvYWRfcG9saWN5IjowfSwibGFzdF90YWIiOiJzZXR0aW5ncyIsInVzZV9hc19tb2RhbCI6Im9mZiIsIm1vZGFsX2lkIjoib2ZmIiwibGFzdF91cGRhdGUiOiIiLCJzdHlsaW5nIjp7InBhZ2VyX2xheW91dCI6ImRlZmF1bHQiLCJidXR0b24iOiIxIiwiYnV0dG9uX2NvbG9yIjoiIiwiYnV0dG9uX2JnX2NvbG9yIjoiIzAwNTA3NSIsImJ1dHRvbl9jb2xvcl9ob3ZlciI6IiIsImJ1dHRvbl9iZ19jb2xvcl9ob3ZlciI6IiM4MmNmZTciLCJ2aWRlb19zdHlsZSI6IiIsInBsYXlpY29uX2NvbG9yIjoiIiwiaG92ZXJfaWNvbiI6IiIsImdhbGxlcnlfYmciOiIifSwiZWZmZWN0cyI6eyJ2aWRlb19ib3giOiIiLCJmbGlwX2VmZmVjdCI6IiJ9LCJnYWxsZXJ5X2lkIjoiNmEwNDc1Y2M3ZGRkNCIsIm5leHQiOiJFQUFhSGxCVU9rTkNOR2xGUkZVeVVXcFJNRkpxV2tWTlZFRXhUbFJrUkZGNldRIiwicHJldiI6IiJ9\"\n\t\t\tdata-player=\"large\"\n\t\t\tdata-showdesc=\"off\" >\n\t\t\t\t<div>\n\t\t\t\t\t\t\t\t\t\t<div class=\"yotu-wrapper-player\" style=\"width:600px\">\n\t\t\t\t\t\t\t\t\t\t\t\t<div class=\"yotu-player\">\n\t\t\t\t\t\t\t<div class=\"yotu-video-placeholder\" id=\"yotu-player-6a0475ccb9a8d\"><\/div>\n\t\t\t\t\t\t<\/div>\n\t\t\t\t\t\t<div class=\"yotu-playing-status\"><\/div>\n\t\t\t\t\t\t\t\t\t\t\t<\/div>\n\n\t\t\t\t\t<div class=\"yotu-videos yotu-mode-grid yotu-column-3 yotu-player-mode-large\">\n\t<ul>\n\t\t\t\t\t<li class=\" yotu-first\">\n\t\t\t\t\t\t\t\t<a href=\"#HaYU27mTbEg\" class=\"yotu-video\" data-videoid=\"HaYU27mTbEg\" data-title=\"VIDEO FINAL EI FATIMA 2018\" title=\"VIDEO FINAL EI FATIMA 2018\">\n\t\t\t\t\t<div class=\"yotu-video-thumb-wrp\">\n\t\t\t\t\t\t<div>\n\t\t\t\t\t\t\t\t\t\t\t\t\t\t<img decoding=\"async\" class=\"yotu-video-thumb\" src=\"https:\/\/i.ytimg.com\/vi\/HaYU27mTbEg\/sddefault.jpg\" alt=\"VIDEO FINAL EI FATIMA 2018\">\t\n\t\t\t\t\t\t\t\t\t\t\t\t\t<\/div>\n\t\t\t\t\t<\/div>\n\t\t\t\t\t\t\t\t\t\t\t<h3 class=\"yotu-video-title\">VIDEO FINAL EI FATIMA 2018<\/h3>\n\t\t\t\t\t\t\t\t\t\t\t\t\t\t\t\t\t\t\t<\/a>\n\t\t\t\t\t\t\t<\/li>\n\t\t\t\t\n\t\t\t\t\t\t<li class=\"\">\n\t\t\t\t\t\t\t\t<a href=\"#8O9Bjjf2XU4\" class=\"yotu-video\" data-videoid=\"8O9Bjjf2XU4\" data-title=\"050 FATIMA 2018   FINALE FR\" title=\"050 FATIMA 2018   FINALE FR\">\n\t\t\t\t\t<div class=\"yotu-video-thumb-wrp\">\n\t\t\t\t\t\t<div>\n\t\t\t\t\t\t\t\t\t\t\t\t\t\t<img decoding=\"async\" class=\"yotu-video-thumb\" src=\"https:\/\/i.ytimg.com\/vi\/8O9Bjjf2XU4\/hqdefault.jpg\" alt=\"050 FATIMA 2018   FINALE FR\">\t\n\t\t\t\t\t\t\t\t\t\t\t\t\t<\/div>\n\t\t\t\t\t<\/div>\n\t\t\t\t\t\t\t\t\t\t\t<h3 class=\"yotu-video-title\">050 FATIMA 2018   FINALE FR<\/h3>\n\t\t\t\t\t\t\t\t\t\t\t\t\t\t\t\t\t\t\t<\/a>\n\t\t\t\t\t\t\t<\/li>\n\t\t\t\t\n\t\t\t\t\t\t<li class=\"\">\n\t\t\t\t\t\t\t\t<a href=\"#ItuLF6FboBk\" class=\"yotu-video\" data-videoid=\"ItuLF6FboBk\" data-title=\"036 RESUMO DIA 21\" title=\"036 RESUMO DIA 21\">\n\t\t\t\t\t<div class=\"yotu-video-thumb-wrp\">\n\t\t\t\t\t\t<div>\n\t\t\t\t\t\t\t\t\t\t\t\t\t\t<img decoding=\"async\" class=\"yotu-video-thumb\" src=\"https:\/\/i.ytimg.com\/vi\/ItuLF6FboBk\/sddefault.jpg\" alt=\"036 RESUMO DIA 21\">\t\n\t\t\t\t\t\t\t\t\t\t\t\t\t<\/div>\n\t\t\t\t\t<\/div>\n\t\t\t\t\t\t\t\t\t\t\t<h3 class=\"yotu-video-title\">036 RESUMO DIA 21<\/h3>\n\t\t\t\t\t\t\t\t\t\t\t\t\t\t\t\t\t\t\t<\/a>\n\t\t\t\t\t\t\t<\/li>\n\t\t\t\t\n\t\t\t\t\t\t<li class=\"\">\n\t\t\t\t\t\t\t\t<a href=\"#W46WIG8oliY\" class=\"yotu-video\" data-videoid=\"W46WIG8oliY\" data-title=\"035 RESUMO DIA 20\" title=\"035 RESUMO DIA 20\">\n\t\t\t\t\t<div class=\"yotu-video-thumb-wrp\">\n\t\t\t\t\t\t<div>\n\t\t\t\t\t\t\t\t\t\t\t\t\t\t<img decoding=\"async\" class=\"yotu-video-thumb\" src=\"https:\/\/i.ytimg.com\/vi\/W46WIG8oliY\/sddefault.jpg\" alt=\"035 RESUMO DIA 20\">\t\n\t\t\t\t\t\t\t\t\t\t\t\t\t<\/div>\n\t\t\t\t\t<\/div>\n\t\t\t\t\t\t\t\t\t\t\t<h3 class=\"yotu-video-title\">035 RESUMO DIA 20<\/h3>\n\t\t\t\t\t\t\t\t\t\t\t\t\t\t\t\t\t\t\t<\/a>\n\t\t\t\t\t\t\t<\/li>\n\t\t\t\t\n\t\t\t\t\t\t<li class=\"\">\n\t\t\t\t\t\t\t\t<a href=\"#p3Uisq3UBuc\" class=\"yotu-video\" data-videoid=\"p3Uisq3UBuc\" data-title=\"033 RESUMO DIA 19\" title=\"033 RESUMO DIA 19\">\n\t\t\t\t\t<div class=\"yotu-video-thumb-wrp\">\n\t\t\t\t\t\t<div>\n\t\t\t\t\t\t\t\t\t\t\t\t\t\t<img decoding=\"async\" class=\"yotu-video-thumb\" src=\"https:\/\/i.ytimg.com\/vi\/p3Uisq3UBuc\/sddefault.jpg\" alt=\"033 RESUMO DIA 19\">\t\n\t\t\t\t\t\t\t\t\t\t\t\t\t<\/div>\n\t\t\t\t\t<\/div>\n\t\t\t\t\t\t\t\t\t\t\t<h3 class=\"yotu-video-title\">033 RESUMO DIA 19<\/h3>\n\t\t\t\t\t\t\t\t\t\t\t\t\t\t\t\t\t\t\t<\/a>\n\t\t\t\t\t\t\t<\/li>\n\t\t\t\t\n\t\t\t\t\t\t<li class=\"\">\n\t\t\t\t\t\t\t\t<a href=\"#7ZzkV3OV2vM\" class=\"yotu-video\" data-videoid=\"7ZzkV3OV2vM\" data-title=\"028 RESUMO DIA 18\" title=\"028 RESUMO DIA 18\">\n\t\t\t\t\t<div class=\"yotu-video-thumb-wrp\">\n\t\t\t\t\t\t<div>\n\t\t\t\t\t\t\t\t\t\t\t\t\t\t<img decoding=\"async\" class=\"yotu-video-thumb\" src=\"https:\/\/i.ytimg.com\/vi\/7ZzkV3OV2vM\/sddefault.jpg\" alt=\"028 RESUMO DIA 18\">\t\n\t\t\t\t\t\t\t\t\t\t\t\t\t<\/div>\n\t\t\t\t\t<\/div>\n\t\t\t\t\t\t\t\t\t\t\t<h3 class=\"yotu-video-title\">028 RESUMO DIA 18<\/h3>\n\t\t\t\t\t\t\t\t\t\t\t\t\t\t\t\t\t\t\t<\/a>\n\t\t\t\t\t\t\t<\/li>\n\t\t\t\t\n\t\t\t\t\t\t<li class=\"\">\n\t\t\t\t\t\t\t\t<a href=\"#9edDZ57fT88\" class=\"yotu-video\" data-videoid=\"9edDZ57fT88\" data-title=\"024 RESUMO DIA 17\" title=\"024 RESUMO DIA 17\">\n\t\t\t\t\t<div class=\"yotu-video-thumb-wrp\">\n\t\t\t\t\t\t<div>\n\t\t\t\t\t\t\t\t\t\t\t\t\t\t<img decoding=\"async\" class=\"yotu-video-thumb\" src=\"https:\/\/i.ytimg.com\/vi\/9edDZ57fT88\/sddefault.jpg\" alt=\"024 RESUMO DIA 17\">\t\n\t\t\t\t\t\t\t\t\t\t\t\t\t<\/div>\n\t\t\t\t\t<\/div>\n\t\t\t\t\t\t\t\t\t\t\t<h3 class=\"yotu-video-title\">024 RESUMO DIA 17<\/h3>\n\t\t\t\t\t\t\t\t\t\t\t\t\t\t\t\t\t\t\t<\/a>\n\t\t\t\t\t\t\t<\/li>\n\t\t\t\t\n\t\t\t\t\t\t<li class=\"\">\n\t\t\t\t\t\t\t\t<a href=\"#f_g9Iiu_fkc\" class=\"yotu-video\" data-videoid=\"f_g9Iiu_fkc\" data-title=\"023 RESUMO DIA 16\" title=\"023 RESUMO DIA 16\">\n\t\t\t\t\t<div class=\"yotu-video-thumb-wrp\">\n\t\t\t\t\t\t<div>\n\t\t\t\t\t\t\t\t\t\t\t\t\t\t<img decoding=\"async\" class=\"yotu-video-thumb\" src=\"https:\/\/i.ytimg.com\/vi\/f_g9Iiu_fkc\/sddefault.jpg\" alt=\"023 RESUMO DIA 16\">\t\n\t\t\t\t\t\t\t\t\t\t\t\t\t<\/div>\n\t\t\t\t\t<\/div>\n\t\t\t\t\t\t\t\t\t\t\t<h3 class=\"yotu-video-title\">023 RESUMO DIA 16<\/h3>\n\t\t\t\t\t\t\t\t\t\t\t\t\t\t\t\t\t\t\t<\/a>\n\t\t\t\t\t\t\t<\/li>\n\t\t\t\t\n\t\t\t\t\t\t<li class=\"\">\n\t\t\t\t\t\t\t\t<a href=\"#whaX0OOBWwI\" class=\"yotu-video\" data-videoid=\"whaX0OOBWwI\" data-title=\"039 MISSA DE ENCERRAMENTO DIA 21\" title=\"039 MISSA DE ENCERRAMENTO DIA 21\">\n\t\t\t\t\t<div class=\"yotu-video-thumb-wrp\">\n\t\t\t\t\t\t<div>\n\t\t\t\t\t\t\t\t\t\t\t\t\t\t<img decoding=\"async\" class=\"yotu-video-thumb\" src=\"https:\/\/i.ytimg.com\/vi\/whaX0OOBWwI\/sddefault.jpg\" alt=\"039 MISSA DE ENCERRAMENTO DIA 21\">\t\n\t\t\t\t\t\t\t\t\t\t\t\t\t<\/div>\n\t\t\t\t\t<\/div>\n\t\t\t\t\t\t\t\t\t\t\t<h3 class=\"yotu-video-title\">039 MISSA DE ENCERRAMENTO DIA 21<\/h3>\n\t\t\t\t\t\t\t\t\t\t\t\t\t\t\t\t\t\t\t<\/a>\n\t\t\t\t\t\t\t<\/li>\n\t\t\t\t\n\t\t\t\t\t\t<li class=\"\">\n\t\t\t\t\t\t\t\t<a href=\"#Sy3EFpMadkE\" class=\"yotu-video\" data-videoid=\"Sy3EFpMadkE\" data-title=\"048 TRASMISSIONE MATTUTINA DAL GIORNO 21\" title=\"048 TRASMISSIONE MATTUTINA DAL GIORNO 21\">\n\t\t\t\t\t<div class=\"yotu-video-thumb-wrp\">\n\t\t\t\t\t\t<div>\n\t\t\t\t\t\t\t\t\t\t\t\t\t\t<img decoding=\"async\" class=\"yotu-video-thumb\" src=\"https:\/\/i.ytimg.com\/vi\/Sy3EFpMadkE\/sddefault.jpg\" alt=\"048 TRASMISSIONE MATTUTINA DAL GIORNO 21\">\t\n\t\t\t\t\t\t\t\t\t\t\t\t\t<\/div>\n\t\t\t\t\t<\/div>\n\t\t\t\t\t\t\t\t\t\t\t<h3 class=\"yotu-video-title\">048 TRASMISSIONE MATTUTINA DAL GIORNO 21<\/h3>\n\t\t\t\t\t\t\t\t\t\t\t\t\t\t\t\t\t\t\t<\/a>\n\t\t\t\t\t\t\t<\/li>\n\t\t\t\t\n\t\t\t\t\t\t<li class=\"\">\n\t\t\t\t\t\t\t\t<a href=\"#TNXk6awvmb8\" class=\"yotu-video\" data-videoid=\"TNXk6awvmb8\" data-title=\"042 FESTA DIA 20 ZONA EUROPA CENTRAL\" title=\"042 FESTA DIA 20 ZONA EUROPA CENTRAL\">\n\t\t\t\t\t<div class=\"yotu-video-thumb-wrp\">\n\t\t\t\t\t\t<div>\n\t\t\t\t\t\t\t\t\t\t\t\t\t\t<img decoding=\"async\" class=\"yotu-video-thumb\" src=\"https:\/\/i.ytimg.com\/vi\/TNXk6awvmb8\/sddefault.jpg\" alt=\"042 FESTA DIA 20 ZONA EUROPA CENTRAL\">\t\n\t\t\t\t\t\t\t\t\t\t\t\t\t<\/div>\n\t\t\t\t\t<\/div>\n\t\t\t\t\t\t\t\t\t\t\t<h3 class=\"yotu-video-title\">042 FESTA DIA 20 ZONA EUROPA CENTRAL<\/h3>\n\t\t\t\t\t\t\t\t\t\t\t\t\t\t\t\t\t\t\t<\/a>\n\t\t\t\t\t\t\t<\/li>\n\t\t\t\t\n\t\t\t\t\t\t<li class=\"\">\n\t\t\t\t\t\t\t\t<a href=\"#uqmBlbqdOOg\" class=\"yotu-video\" data-videoid=\"uqmBlbqdOOg\" data-title=\"041 FESTA DIA 20 ZONA EUROASIA\" title=\"041 FESTA DIA 20 ZONA EUROASIA\">\n\t\t\t\t\t<div class=\"yotu-video-thumb-wrp\">\n\t\t\t\t\t\t<div>\n\t\t\t\t\t\t\t\t\t\t\t\t\t\t<img decoding=\"async\" class=\"yotu-video-thumb\" src=\"https:\/\/i.ytimg.com\/vi\/uqmBlbqdOOg\/sddefault.jpg\" alt=\"041 FESTA DIA 20 ZONA EUROASIA\">\t\n\t\t\t\t\t\t\t\t\t\t\t\t\t<\/div>\n\t\t\t\t\t<\/div>\n\t\t\t\t\t\t\t\t\t\t\t<h3 class=\"yotu-video-title\">041 FESTA DIA 20 ZONA EUROASIA<\/h3>\n\t\t\t\t\t\t\t\t\t\t\t\t\t\t\t\t\t\t\t<\/a>\n\t\t\t\t\t\t\t<\/li>\n\t\t\t\t\n\t\t\t\t\t\t<li class=\"\">\n\t\t\t\t\t\t\t\t<a href=\"#fxE9cPGSZMo\" class=\"yotu-video\" data-videoid=\"fxE9cPGSZMo\" data-title=\"040 FESTA DIA 20 ZONA EUROAFRICA\" title=\"040 FESTA DIA 20 ZONA EUROAFRICA\">\n\t\t\t\t\t<div class=\"yotu-video-thumb-wrp\">\n\t\t\t\t\t\t<div>\n\t\t\t\t\t\t\t\t\t\t\t\t\t\t<img decoding=\"async\" class=\"yotu-video-thumb\" src=\"https:\/\/i.ytimg.com\/vi\/fxE9cPGSZMo\/sddefault.jpg\" alt=\"040 FESTA DIA 20 ZONA EUROAFRICA\">\t\n\t\t\t\t\t\t\t\t\t\t\t\t\t<\/div>\n\t\t\t\t\t<\/div>\n\t\t\t\t\t\t\t\t\t\t\t<h3 class=\"yotu-video-title\">040 FESTA DIA 20 ZONA EUROAFRICA<\/h3>\n\t\t\t\t\t\t\t\t\t\t\t\t\t\t\t\t\t\t\t<\/a>\n\t\t\t\t\t\t\t<\/li>\n\t\t\t\t\n\t\t\t\t\t\t<li class=\"\">\n\t\t\t\t\t\t\t\t<a href=\"#1hYWRiFUO-Y\" class=\"yotu-video\" data-videoid=\"1hYWRiFUO-Y\" data-title=\"047 FESTA DIA 20 FADO LISBOA\" title=\"047 FESTA DIA 20 FADO LISBOA\">\n\t\t\t\t\t<div class=\"yotu-video-thumb-wrp\">\n\t\t\t\t\t\t<div>\n\t\t\t\t\t\t\t\t\t\t\t\t\t\t<img decoding=\"async\" class=\"yotu-video-thumb\" src=\"https:\/\/i.ytimg.com\/vi\/1hYWRiFUO-Y\/sddefault.jpg\" alt=\"047 FESTA DIA 20 FADO LISBOA\">\t\n\t\t\t\t\t\t\t\t\t\t\t\t\t<\/div>\n\t\t\t\t\t<\/div>\n\t\t\t\t\t\t\t\t\t\t\t<h3 class=\"yotu-video-title\">047 FESTA DIA 20 FADO LISBOA<\/h3>\n\t\t\t\t\t\t\t\t\t\t\t\t\t\t\t\t\t\t\t<\/a>\n\t\t\t\t\t\t\t<\/li>\n\t\t\t\t\n\t\t\t\t\t\t<li class=\"\">\n\t\t\t\t\t\t\t\t<a href=\"#m9Gpj-65Lv8\" class=\"yotu-video\" data-videoid=\"m9Gpj-65Lv8\" data-title=\"046 FESTA DIA 20 FADO COIMBRA\" title=\"046 FESTA DIA 20 FADO COIMBRA\">\n\t\t\t\t\t<div class=\"yotu-video-thumb-wrp\">\n\t\t\t\t\t\t<div>\n\t\t\t\t\t\t\t\t\t\t\t\t\t\t<img decoding=\"async\" class=\"yotu-video-thumb\" src=\"https:\/\/i.ytimg.com\/vi\/m9Gpj-65Lv8\/sddefault.jpg\" alt=\"046 FESTA DIA 20 FADO COIMBRA\">\t\n\t\t\t\t\t\t\t\t\t\t\t\t\t<\/div>\n\t\t\t\t\t<\/div>\n\t\t\t\t\t\t\t\t\t\t\t<h3 class=\"yotu-video-title\">046 FESTA DIA 20 FADO COIMBRA<\/h3>\n\t\t\t\t\t\t\t\t\t\t\t\t\t\t\t\t\t\t\t<\/a>\n\t\t\t\t\t\t\t<\/li>\n\t\t\t\t\n\t\t\t\t\t\t<li class=\"\">\n\t\t\t\t\t\t\t\t<a href=\"#dkUH6NY-S08\" class=\"yotu-video\" data-videoid=\"dkUH6NY-S08\" data-title=\"038 NOITE DE FESTA DIA 20\" title=\"038 NOITE DE FESTA DIA 20\">\n\t\t\t\t\t<div class=\"yotu-video-thumb-wrp\">\n\t\t\t\t\t\t<div>\n\t\t\t\t\t\t\t\t\t\t\t\t\t\t<img decoding=\"async\" class=\"yotu-video-thumb\" src=\"https:\/\/i.ytimg.com\/vi\/dkUH6NY-S08\/sddefault.jpg\" alt=\"038 NOITE DE FESTA DIA 20\">\t\n\t\t\t\t\t\t\t\t\t\t\t\t\t<\/div>\n\t\t\t\t\t<\/div>\n\t\t\t\t\t\t\t\t\t\t\t<h3 class=\"yotu-video-title\">038 NOITE DE FESTA DIA 20<\/h3>\n\t\t\t\t\t\t\t\t\t\t\t\t\t\t\t\t\t\t\t<\/a>\n\t\t\t\t\t\t\t<\/li>\n\t\t\t\t\n\t\t\t\t\t\t<li class=\"\">\n\t\t\t\t\t\t\t\t<a href=\"#j433DjOh4nM\" class=\"yotu-video\" data-videoid=\"j433DjOh4nM\" data-title=\"034 TRASMISSIONE POMERIDIANA DAL GIORNO 20_IT\" title=\"034 TRASMISSIONE POMERIDIANA DAL GIORNO 20_IT\">\n\t\t\t\t\t<div class=\"yotu-video-thumb-wrp\">\n\t\t\t\t\t\t<div>\n\t\t\t\t\t\t\t\t\t\t\t\t\t\t<img decoding=\"async\" class=\"yotu-video-thumb\" src=\"https:\/\/i.ytimg.com\/vi\/j433DjOh4nM\/sddefault.jpg\" alt=\"034 TRASMISSIONE POMERIDIANA DAL GIORNO 20_IT\">\t\n\t\t\t\t\t\t\t\t\t\t\t\t\t<\/div>\n\t\t\t\t\t<\/div>\n\t\t\t\t\t\t\t\t\t\t\t<h3 class=\"yotu-video-title\">034 TRASMISSIONE POMERIDIANA DAL GIORNO 20_IT<\/h3>\n\t\t\t\t\t\t\t\t\t\t\t\t\t\t\t\t\t\t\t<\/a>\n\t\t\t\t\t\t\t<\/li>\n\t\t\t\t\n\t\t\t\t\t\t<li class=\"\">\n\t\t\t\t\t\t\t\t<a href=\"#eKPAh-Du8dw\" class=\"yotu-video\" data-videoid=\"eKPAh-Du8dw\" data-title=\"045_2 TRASMISSIONE MATTUTINA DAL GIORNO 20 PARTE 2_IT\" title=\"045_2 TRASMISSIONE MATTUTINA DAL GIORNO 20 PARTE 2_IT\">\n\t\t\t\t\t<div class=\"yotu-video-thumb-wrp\">\n\t\t\t\t\t\t<div>\n\t\t\t\t\t\t\t\t\t\t\t\t\t\t<img decoding=\"async\" class=\"yotu-video-thumb\" src=\"https:\/\/i.ytimg.com\/vi\/eKPAh-Du8dw\/hqdefault.jpg\" alt=\"045_2 TRASMISSIONE MATTUTINA DAL GIORNO 20 PARTE 2_IT\">\t\n\t\t\t\t\t\t\t\t\t\t\t\t\t<\/div>\n\t\t\t\t\t<\/div>\n\t\t\t\t\t\t\t\t\t\t\t<h3 class=\"yotu-video-title\">045_2 TRASMISSIONE MATTUTINA DAL GIORNO 20 PARTE 2_IT<\/h3>\n\t\t\t\t\t\t\t\t\t\t\t\t\t\t\t\t\t\t\t<\/a>\n\t\t\t\t\t\t\t<\/li>\n\t\t\t\t\n\t\t\t\t\t\t<li class=\"\">\n\t\t\t\t\t\t\t\t<a href=\"#M0J67q2-3E0\" class=\"yotu-video\" data-videoid=\"M0J67q2-3E0\" data-title=\"044_1 TRASMISSIONE MATTUTINA DAL GIORNO 20 Parte 1_IT\" title=\"044_1 TRASMISSIONE MATTUTINA DAL GIORNO 20 Parte 1_IT\">\n\t\t\t\t\t<div class=\"yotu-video-thumb-wrp\">\n\t\t\t\t\t\t<div>\n\t\t\t\t\t\t\t\t\t\t\t\t\t\t<img decoding=\"async\" class=\"yotu-video-thumb\" src=\"https:\/\/i.ytimg.com\/vi\/M0J67q2-3E0\/sddefault.jpg\" alt=\"044_1 TRASMISSIONE MATTUTINA DAL GIORNO 20 Parte 1_IT\">\t\n\t\t\t\t\t\t\t\t\t\t\t\t\t<\/div>\n\t\t\t\t\t<\/div>\n\t\t\t\t\t\t\t\t\t\t\t<h3 class=\"yotu-video-title\">044_1 TRASMISSIONE MATTUTINA DAL GIORNO 20 Parte 1_IT<\/h3>\n\t\t\t\t\t\t\t\t\t\t\t\t\t\t\t\t\t\t\t<\/a>\n\t\t\t\t\t\t\t<\/li>\n\t\t\t\t\n\t\t\t\t\t\t<li class=\"\">\n\t\t\t\t\t\t\t\t<a href=\"#IHEqYGKQ7ZM\" class=\"yotu-video\" data-videoid=\"IHEqYGKQ7ZM\" data-title=\"032 CONFER\u00caNCIA IRM\u00c3 \u00c2NGELA_PT\" title=\"032 CONFER\u00caNCIA IRM\u00c3 \u00c2NGELA_PT\">\n\t\t\t\t\t<div class=\"yotu-video-thumb-wrp\">\n\t\t\t\t\t\t<div>\n\t\t\t\t\t\t\t\t\t\t\t\t\t\t<img decoding=\"async\" class=\"yotu-video-thumb\" src=\"https:\/\/i.ytimg.com\/vi\/IHEqYGKQ7ZM\/sddefault.jpg\" alt=\"032 CONFER\u00caNCIA IRM\u00c3 \u00c2NGELA_PT\">\t\n\t\t\t\t\t\t\t\t\t\t\t\t\t<\/div>\n\t\t\t\t\t<\/div>\n\t\t\t\t\t\t\t\t\t\t\t<h3 class=\"yotu-video-title\">032 CONFER\u00caNCIA IRM\u00c3 \u00c2NGELA_PT<\/h3>\n\t\t\t\t\t\t\t\t\t\t\t\t\t\t\t\t\t\t\t<\/a>\n\t\t\t\t\t\t\t<\/li>\n\t\t\t\t\n\t\t\t\t\t\t<li class=\"\">\n\t\t\t\t\t\t\t\t<a href=\"#rtltPWvONwM\" class=\"yotu-video\" data-videoid=\"rtltPWvONwM\" data-title=\"031 TRASMISSIONE MATTUTINA DAL GIORNO 19_IT\" title=\"031 TRASMISSIONE MATTUTINA DAL GIORNO 19_IT\">\n\t\t\t\t\t<div class=\"yotu-video-thumb-wrp\">\n\t\t\t\t\t\t<div>\n\t\t\t\t\t\t\t\t\t\t\t\t\t\t<img decoding=\"async\" class=\"yotu-video-thumb\" src=\"https:\/\/i.ytimg.com\/vi\/rtltPWvONwM\/sddefault.jpg\" alt=\"031 TRASMISSIONE MATTUTINA DAL GIORNO 19_IT\">\t\n\t\t\t\t\t\t\t\t\t\t\t\t\t<\/div>\n\t\t\t\t\t<\/div>\n\t\t\t\t\t\t\t\t\t\t\t<h3 class=\"yotu-video-title\">031 TRASMISSIONE MATTUTINA DAL GIORNO 19_IT<\/h3>\n\t\t\t\t\t\t\t\t\t\t\t\t\t\t\t\t\t\t\t<\/a>\n\t\t\t\t\t\t\t<\/li>\n\t\t\t\t\n\t\t\t\t\t\t<li class=\"\">\n\t\t\t\t\t\t\t\t<a href=\"#K1L_bCK2Yww\" class=\"yotu-video\" data-videoid=\"K1L_bCK2Yww\" data-title=\"027 TRASMISSIONE POMERIDIANA DAL GIORNO 18_IT\" title=\"027 TRASMISSIONE POMERIDIANA DAL GIORNO 18_IT\">\n\t\t\t\t\t<div class=\"yotu-video-thumb-wrp\">\n\t\t\t\t\t\t<div>\n\t\t\t\t\t\t\t\t\t\t\t\t\t\t<img decoding=\"async\" class=\"yotu-video-thumb\" src=\"https:\/\/i.ytimg.com\/vi\/K1L_bCK2Yww\/sddefault.jpg\" alt=\"027 TRASMISSIONE POMERIDIANA DAL GIORNO 18_IT\">\t\n\t\t\t\t\t\t\t\t\t\t\t\t\t<\/div>\n\t\t\t\t\t<\/div>\n\t\t\t\t\t\t\t\t\t\t\t<h3 class=\"yotu-video-title\">027 TRASMISSIONE POMERIDIANA DAL GIORNO 18_IT<\/h3>\n\t\t\t\t\t\t\t\t\t\t\t\t\t\t\t\t\t\t\t<\/a>\n\t\t\t\t\t\t\t<\/li>\n\t\t\t\t\n\t\t\t\t\t\t<li class=\"\">\n\t\t\t\t\t\t\t\t<a href=\"#VLqkHQvn7l4\" class=\"yotu-video\" data-videoid=\"VLqkHQvn7l4\" data-title=\"026 TRASMISSIONE MATTUTINA DAL GIORNO 18_IT\" title=\"026 TRASMISSIONE MATTUTINA DAL GIORNO 18_IT\">\n\t\t\t\t\t<div class=\"yotu-video-thumb-wrp\">\n\t\t\t\t\t\t<div>\n\t\t\t\t\t\t\t\t\t\t\t\t\t\t<img decoding=\"async\" class=\"yotu-video-thumb\" src=\"https:\/\/i.ytimg.com\/vi\/VLqkHQvn7l4\/sddefault.jpg\" alt=\"026 TRASMISSIONE MATTUTINA DAL GIORNO 18_IT\">\t\n\t\t\t\t\t\t\t\t\t\t\t\t\t<\/div>\n\t\t\t\t\t<\/div>\n\t\t\t\t\t\t\t\t\t\t\t<h3 class=\"yotu-video-title\">026 TRASMISSIONE MATTUTINA DAL GIORNO 18_IT<\/h3>\n\t\t\t\t\t\t\t\t\t\t\t\t\t\t\t\t\t\t\t<\/a>\n\t\t\t\t\t\t\t<\/li>\n\t\t\t\t\n\t\t\t\t\t\t<li class=\"\">\n\t\t\t\t\t\t\t\t<a href=\"#mQHaF3vIy3Y\" class=\"yotu-video\" data-videoid=\"mQHaF3vIy3Y\" data-title=\"025 TER\u00c7O E PROCISS\u00c3O NA CAPELINHA DAS APARI\u00c7\u00d5ES\" title=\"025 TER\u00c7O E PROCISS\u00c3O NA CAPELINHA DAS APARI\u00c7\u00d5ES\">\n\t\t\t\t\t<div class=\"yotu-video-thumb-wrp\">\n\t\t\t\t\t\t<div>\n\t\t\t\t\t\t\t\t\t\t\t\t\t\t<img decoding=\"async\" class=\"yotu-video-thumb\" src=\"https:\/\/i.ytimg.com\/vi\/mQHaF3vIy3Y\/sddefault.jpg\" alt=\"025 TER\u00c7O E PROCISS\u00c3O NA CAPELINHA DAS APARI\u00c7\u00d5ES\">\t\n\t\t\t\t\t\t\t\t\t\t\t\t\t<\/div>\n\t\t\t\t\t<\/div>\n\t\t\t\t\t\t\t\t\t\t\t<h3 class=\"yotu-video-title\">025 TER\u00c7O E PROCISS\u00c3O NA CAPELINHA DAS APARI\u00c7\u00d5ES<\/h3>\n\t\t\t\t\t\t\t\t\t\t\t\t\t\t\t\t\t\t\t<\/a>\n\t\t\t\t\t\t\t<\/li>\n\t\t\t\t\n\t\t\t\t\t\t<li class=\"\">\n\t\t\t\t\t\t\t\t<a href=\"#JnCIeOjJcBU\" class=\"yotu-video\" data-videoid=\"JnCIeOjJcBU\" data-title=\"023_2  CELEBRAZIONE EUCARISTICA MATTUTINA DAL GIORNO 17_IT\" title=\"023_2  CELEBRAZIONE EUCARISTICA MATTUTINA DAL GIORNO 17_IT\">\n\t\t\t\t\t<div class=\"yotu-video-thumb-wrp\">\n\t\t\t\t\t\t<div>\n\t\t\t\t\t\t\t\t\t\t\t\t\t\t<img decoding=\"async\" class=\"yotu-video-thumb\" src=\"https:\/\/i.ytimg.com\/vi\/JnCIeOjJcBU\/sddefault.jpg\" alt=\"023_2  CELEBRAZIONE EUCARISTICA MATTUTINA DAL GIORNO 17_IT\">\t\n\t\t\t\t\t\t\t\t\t\t\t\t\t<\/div>\n\t\t\t\t\t<\/div>\n\t\t\t\t\t\t\t\t\t\t\t<h3 class=\"yotu-video-title\">023_2  CELEBRAZIONE EUCARISTICA MATTUTINA DAL GIORNO 17_IT<\/h3>\n\t\t\t\t\t\t\t\t\t\t\t\t\t\t\t\t\t\t\t<\/a>\n\t\t\t\t\t\t\t<\/li>\n\t\t\t\t\n\t\t\t\t\t\t<li class=\"\">\n\t\t\t\t\t\t\t\t<a href=\"#TsjFpDKxaJY\" class=\"yotu-video\" data-videoid=\"TsjFpDKxaJY\" data-title=\"029 HINO DO ENCONTRO INTERNACIONAL F\u00c1TIMA 2018_PT\" title=\"029 HINO DO ENCONTRO INTERNACIONAL F\u00c1TIMA 2018_PT\">\n\t\t\t\t\t<div class=\"yotu-video-thumb-wrp\">\n\t\t\t\t\t\t<div>\n\t\t\t\t\t\t\t\t\t\t\t\t\t\t<img decoding=\"async\" class=\"yotu-video-thumb\" src=\"https:\/\/i.ytimg.com\/vi\/TsjFpDKxaJY\/sddefault.jpg\" alt=\"029 HINO DO ENCONTRO INTERNACIONAL F\u00c1TIMA 2018_PT\">\t\n\t\t\t\t\t\t\t\t\t\t\t\t\t<\/div>\n\t\t\t\t\t<\/div>\n\t\t\t\t\t\t\t\t\t\t\t<h3 class=\"yotu-video-title\">029 HINO DO ENCONTRO INTERNACIONAL F\u00c1TIMA 2018_PT<\/h3>\n\t\t\t\t\t\t\t\t\t\t\t\t\t\t\t\t\t\t\t<\/a>\n\t\t\t\t\t\t\t<\/li>\n\t\t\t\t\n\t\t\t\t\t\t<li class=\"\">\n\t\t\t\t\t\t\t\t<a href=\"#OBKl90WTkzQ\" class=\"yotu-video\" data-videoid=\"OBKl90WTkzQ\" data-title=\"030 MENSAGEM DO PAPA FRANCISCO_PT\" title=\"030 MENSAGEM DO PAPA FRANCISCO_PT\">\n\t\t\t\t\t<div class=\"yotu-video-thumb-wrp\">\n\t\t\t\t\t\t<div>\n\t\t\t\t\t\t\t\t\t\t\t\t\t\t<img decoding=\"async\" class=\"yotu-video-thumb\" src=\"https:\/\/i.ytimg.com\/vi\/OBKl90WTkzQ\/sddefault.jpg\" alt=\"030 MENSAGEM DO PAPA FRANCISCO_PT\">\t\n\t\t\t\t\t\t\t\t\t\t\t\t\t<\/div>\n\t\t\t\t\t<\/div>\n\t\t\t\t\t\t\t\t\t\t\t<h3 class=\"yotu-video-title\">030 MENSAGEM DO PAPA FRANCISCO_PT<\/h3>\n\t\t\t\t\t\t\t\t\t\t\t\t\t\t\t\t\t\t\t<\/a>\n\t\t\t\t\t\t\t<\/li>\n\t\t\t\t\n\t\t\t\t\t\t<li class=\"\">\n\t\t\t\t\t\t\t\t<a href=\"#nUYFj_2DQE4\" class=\"yotu-video\" data-videoid=\"nUYFj_2DQE4\" data-title=\"022 CERIMONIA DI APERTURA DEL INCONTRO DIORNO 16_IT\" title=\"022 CERIMONIA DI APERTURA DEL INCONTRO DIORNO 16_IT\">\n\t\t\t\t\t<div class=\"yotu-video-thumb-wrp\">\n\t\t\t\t\t\t<div>\n\t\t\t\t\t\t\t\t\t\t\t\t\t\t<img decoding=\"async\" class=\"yotu-video-thumb\" src=\"https:\/\/i.ytimg.com\/vi\/nUYFj_2DQE4\/sddefault.jpg\" alt=\"022 CERIMONIA DI APERTURA DEL INCONTRO DIORNO 16_IT\">\t\n\t\t\t\t\t\t\t\t\t\t\t\t\t<\/div>\n\t\t\t\t\t<\/div>\n\t\t\t\t\t\t\t\t\t\t\t<h3 class=\"yotu-video-title\">022 CERIMONIA DI APERTURA DEL INCONTRO DIORNO 16_IT<\/h3>\n\t\t\t\t\t\t\t\t\t\t\t\t\t\t\t\t\t\t\t<\/a>\n\t\t\t\t\t\t\t<\/li>\n\t\t\t\t\n\t\t\t\t\t\t<li class=\"\">\n\t\t\t\t\t\t\t\t<a href=\"#asdHQ3FgxTg\" class=\"yotu-video\" data-videoid=\"asdHQ3FgxTg\" data-title=\"021 CONVERSAZIONE JOANA &amp; SAMUEL SANCHES &amp; Pe. ROBSON_IT\" title=\"021 CONVERSAZIONE JOANA &amp; SAMUEL SANCHES &amp; Pe. ROBSON_IT\">\n\t\t\t\t\t<div class=\"yotu-video-thumb-wrp\">\n\t\t\t\t\t\t<div>\n\t\t\t\t\t\t\t\t\t\t\t\t\t\t<img decoding=\"async\" class=\"yotu-video-thumb\" src=\"https:\/\/i.ytimg.com\/vi\/asdHQ3FgxTg\/hqdefault.jpg\" alt=\"021 CONVERSAZIONE JOANA &amp; SAMUEL SANCHES &amp; Pe. ROBSON_IT\">\t\n\t\t\t\t\t\t\t\t\t\t\t\t\t<\/div>\n\t\t\t\t\t<\/div>\n\t\t\t\t\t\t\t\t\t\t\t<h3 class=\"yotu-video-title\">021 CONVERSAZIONE JOANA &amp; SAMUEL SANCHES &amp; Pe. ROBSON_IT<\/h3>\n\t\t\t\t\t\t\t\t\t\t\t\t\t\t\t\t\t\t\t<\/a>\n\t\t\t\t\t\t\t<\/li>\n\t\t\t\t\n\t\t\t\t\t\t<li class=\" yotu-last\">\n\t\t\t\t\t\t\t\t<a href=\"#m5JJe4RurLU\" class=\"yotu-video\" data-videoid=\"m5JJe4RurLU\" data-title=\"020 CONVERSAZIONE Pe. JACINTO FARIAS_IT\" title=\"020 CONVERSAZIONE Pe. JACINTO FARIAS_IT\">\n\t\t\t\t\t<div class=\"yotu-video-thumb-wrp\">\n\t\t\t\t\t\t<div>\n\t\t\t\t\t\t\t\t\t\t\t\t\t\t<img decoding=\"async\" class=\"yotu-video-thumb\" src=\"https:\/\/i.ytimg.com\/vi\/m5JJe4RurLU\/sddefault.jpg\" alt=\"020 CONVERSAZIONE Pe. JACINTO FARIAS_IT\">\t\n\t\t\t\t\t\t\t\t\t\t\t\t\t<\/div>\n\t\t\t\t\t<\/div>\n\t\t\t\t\t\t\t\t\t\t\t<h3 class=\"yotu-video-title\">020 CONVERSAZIONE Pe. JACINTO FARIAS_IT<\/h3>\n\t\t\t\t\t\t\t\t\t\t\t\t\t\t\t\t\t\t\t<\/a>\n\t\t\t\t\t\t\t<\/li>\n\t\t\t\t\n\t\t\t\t<\/ul>\n<\/div><div class=\"yotu-pagination\">\n\t<a href=\"#\" class=\"yotu-pagination-more yotu-button-prs yotu-button-prs-1\" data-page=\"more\">Load more<\/a>\n<\/div>\n\t\t\t\t<\/div>\n\t\t\t<\/div>\n\t\t\t\n","protected":false},"excerpt":{"rendered":"","protected":false},"author":1,"featured_media":0,"parent":0,"menu_order":0,"comment_status":"closed","ping_status":"closed","template":"","meta":{"_monsterinsights_skip_tracking":false,"_monsterinsights_sitenote_active":false,"_monsterinsights_sitenote_note":"","_monsterinsights_sitenote_category":0,"footnotes":""},"_links":{"self":[{"href":"https:\/\/fatima2018.equipes-notre-dame.com\/it\/wp-json\/wp\/v2\/pages\/1535"}],"collection":[{"href":"https:\/\/fatima2018.equipes-notre-dame.com\/it\/wp-json\/wp\/v2\/pages"}],"about":[{"href":"https:\/\/fatima2018.equipes-notre-dame.com\/it\/wp-json\/wp\/v2\/types\/page"}],"author":[{"embeddable":true,"href":"https:\/\/fatima2018.equipes-notre-dame.com\/it\/wp-json\/wp\/v2\/users\/1"}],"replies":[{"embeddable":true,"href":"https:\/\/fatima2018.equipes-notre-dame.com\/it\/wp-json\/wp\/v2\/comments?post=1535"}],"version-history":[{"count":4,"href":"https:\/\/fatima2018.equipes-notre-dame.com\/it\/wp-json\/wp\/v2\/pages\/1535\/revisions"}],"predecessor-version":[{"id":2618,"href":"https:\/\/fatima2018.equipes-notre-dame.com\/it\/wp-json\/wp\/v2\/pages\/1535\/revisions\/2618"}],"wp:attachment":[{"href":"https:\/\/fatima2018.equipes-notre-dame.com\/it\/wp-json\/wp\/v2\/media?parent=1535"}],"curies":[{"name":"wp","href":"https:\/\/api.w.org\/{rel}","templated":true}]}}