{"id":1618,"date":"2018-05-11T01:19:00","date_gmt":"2018-05-11T00:19:00","guid":{"rendered":"https:\/\/fatima2018.equipes-notre-dame.com\/?page_id=1618"},"modified":"2018-05-20T23:56:31","modified_gmt":"2018-05-20T22:56:31","slug":"tema","status":"publish","type":"page","link":"https:\/\/fatima2018.equipes-notre-dame.com\/it\/tema\/","title":{"rendered":"Tema generale dell&#8217;incontro di Fatima 2018: Riconciliazione, un segno d&#8217;amore"},"content":{"rendered":"<p style=\"text-align: justify;\"><img loading=\"lazy\" decoding=\"async\" class=\"size-medium wp-image-1425 alignleft\" src=\"https:\/\/fatima2018.equipes-notre-dame.com\/wp-content\/uploads\/2018\/04\/2a48ff_10ef9096a98641d69681f56ca93c3dd6-300x200.jpg\" alt=\"\" width=\"300\" height=\"200\" \/>Quando viviamo l&#8217;esperienza dell\u2019Incontro nel nostro ambiente, nella nostra famiglia e nella nostra professione rispondiamo alla nostra vocazione ed allo stesso tempo stiamo costruendo com LUI il suo regno di Amore.<br \/>\nAuguriamo a tutti che l&#8217;Incontro di Fatima sia il posto dove il vero Incontro abbia luogo, lasciando che l&#8217;Azione di Dio si realizzi in noi.<br \/>\nAl nostro arrivo, l&#8217;abbraccio del Padre ci d\u00e0 la certezza di essere ascoltati ed accolti come figli attraverso il Suo Amore.<br \/>\nL&#8217;amore che traboccher\u00e0 dal cuore del Padre ci riempir\u00e0 di Misericordia, per far s\u00ec che nella nostra condizione di peccatori possiamo riconoscere che siamo teneramente abbracciati (LC15,11-32) e che la Sua misericordia riempie i nostri cuori.<br \/>\nChe la distanza sia annullata dalla vicinanza che esiste tra un Padre ed un figlio, che la paura ceda il posto al coraggio, che la gioia sostituisca la tristezza e che i nostri limiti si trasformino nella forza dei figli di Dio.<br \/>\nL&#8217;Amore tutto dimentica, tutto comprende e fa di noi persone nuove per una vita nuova.<br \/>\nMaria che ci ha aperto le porte della Sua casa rimarr\u00e0 sempre presente, come al Principio, quando genera e ci offre Ges\u00f9, ed alla fine quando ci porta il suo Figlio Risorto.<br \/>\nProviamo ad imitarla e lasciamo che la grazia di Suo Figlio ci trasformi in questo grande Incontro perch\u00e9 la Riconciliazione \u00e8 sempre un segno di Amore.\n<\/p>\n<p style=\"text-align: justify;\">\u201cLasciamoci stimolare dai segni di santit\u00e0 che il Signore ci presenta attraverso i pi\u00f9 umili membri di questo popolo\u201d<br \/>\n<em>Gaudete et Exultate,\u00a0<\/em>8<\/p>\n<p style=\"text-align: justify;\">To e Z\u00e9 Moura Soares<br \/>\nCoppia Responsabile dell&#8217;ERI<\/p>\n","protected":false},"excerpt":{"rendered":"<p>Quando viviamo l&#8217;esperienza dell\u2019Incontro nel nostro ambiente, nella nostra famiglia e nella nostra professione rispondiamo alla nostra vocazione ed allo stesso tempo stiamo costruendo com LUI il suo regno di [&hellip;]<\/p>\n","protected":false},"author":1,"featured_media":0,"parent":0,"menu_order":0,"comment_status":"closed","ping_status":"closed","template":"","meta":{"_monsterinsights_skip_tracking":false,"_monsterinsights_sitenote_active":false,"_monsterinsights_sitenote_note":"","_monsterinsights_sitenote_category":0,"footnotes":""},"_links":{"self":[{"href":"https:\/\/fatima2018.equipes-notre-dame.com\/it\/wp-json\/wp\/v2\/pages\/1618"}],"collection":[{"href":"https:\/\/fatima2018.equipes-notre-dame.com\/it\/wp-json\/wp\/v2\/pages"}],"about":[{"href":"https:\/\/fatima2018.equipes-notre-dame.com\/it\/wp-json\/wp\/v2\/types\/page"}],"author":[{"embeddable":true,"href":"https:\/\/fatima2018.equipes-notre-dame.com\/it\/wp-json\/wp\/v2\/users\/1"}],"replies":[{"embeddable":true,"href":"https:\/\/fatima2018.equipes-notre-dame.com\/it\/wp-json\/wp\/v2\/comments?post=1618"}],"version-history":[{"count":2,"href":"https:\/\/fatima2018.equipes-notre-dame.com\/it\/wp-json\/wp\/v2\/pages\/1618\/revisions"}],"predecessor-version":[{"id":1631,"href":"https:\/\/fatima2018.equipes-notre-dame.com\/it\/wp-json\/wp\/v2\/pages\/1618\/revisions\/1631"}],"wp:attachment":[{"href":"https:\/\/fatima2018.equipes-notre-dame.com\/it\/wp-json\/wp\/v2\/media?parent=1618"}],"curies":[{"name":"wp","href":"https:\/\/api.w.org\/{rel}","templated":true}]}}