{"id":2290,"date":"2018-10-08T16:33:38","date_gmt":"2018-10-08T15:33:38","guid":{"rendered":"https:\/\/fatima2018.equipes-notre-dame.com\/?page_id=2290"},"modified":"2019-01-03T00:43:12","modified_gmt":"2019-01-03T00:43:12","slug":"dia-18","status":"publish","type":"page","link":"https:\/\/fatima2018.equipes-notre-dame.com\/it\/dia-18\/","title":{"rendered":"Giorno 18"},"content":{"rendered":"\n<table id=\"tablepress-17\" class=\"tablepress tablepress-id-17\">\n<thead>\n<tr class=\"row-1\">\n\t<th class=\"column-1\">Giorno\/Ora<\/th><th class=\"column-2\">Autore<\/th><th class=\"column-3\">Nome del Documento<\/th>\n<\/tr>\n<\/thead>\n<tbody class=\"row-hover\">\n<tr class=\"row-2\">\n\t<td class=\"column-1\">18 \/ 09h00<\/td><td class=\"column-2\">D. Jos\u00e9 Tolentino Mendon\u00e7a<\/td><td class=\"column-3\"><a href=\"https:\/\/fatima2018.equipes-notre-dame.com\/it\/wp-content\/uploads\/2018\/07\/ITA-Meditazione-2-20180718-1.pdf\" rel=\"noopener\" target=\"_blank\">Il figlio part\u00ec per un paese lontano e l\u00e0 sperper\u00f2 il suo patrimonio<\/a><\/td>\n<\/tr>\n<tr class=\"row-3\">\n\t<td class=\"column-1\">18 \/ 09h00<\/td><td class=\"column-2\">Helena e Paul McCloskey<\/td><td class=\"column-3\"><a href=\"https:\/\/fatima2018.equipes-notre-dame.com\/it\/wp-content\/uploads\/2018\/07\/ITA-15-Presentation-18-Juillet_IT.pdf\" rel=\"noopener\" target=\"_blank\">Introduzione e Presentazione<\/a><\/td>\n<\/tr>\n<tr class=\"row-4\">\n\t<td class=\"column-1\">18 \/ 09h30<\/td><td class=\"column-2\">Fran\u00e7oise e R\u00e9mi Gaussel<\/td><td class=\"column-3\"><a href=\"https:\/\/fatima2018.equipes-notre-dame.com\/it\/wp-content\/uploads\/2018\/07\/ITA-18-INTRO-Introduzione-su-Padre-Caffarel.pdf\" rel=\"noopener\" target=\"_blank\">Introduzione alla sessione su Padre Caffarel<\/a><\/td>\n<\/tr>\n<tr class=\"row-5\">\n\t<td class=\"column-1\">18 \/ 09h30<\/td><td class=\"column-2\">T\u00f3 e Z\u00e9 Moura Soares<\/td><td class=\"column-3\"><a href=\"https:\/\/fatima2018.equipes-notre-dame.com\/it\/wp-content\/uploads\/2018\/07\/ITA-Attualita-del-pensiero-di-P.-Caffarel.pdf\" rel=\"noopener\" target=\"_blank\">Attualita\u2019 del Pensiero di Padre Caffarel<\/a><\/td>\n<\/tr>\n<tr class=\"row-6\">\n\t<td class=\"column-1\">18 \/ 09h30<\/td><td class=\"column-2\">Padre Paul-Dominique Marcovits, o.p. e Jean Allemand<\/td><td class=\"column-3\"><a href=\"https:\/\/fatima2018.equipes-notre-dame.com\/it\/wp-content\/uploads\/2018\/07\/ITA-18-Padre-Caffarel-J.-Allemand-et-Paul-Dominique-Marcovits.pdf\" rel=\"noopener\" target=\"_blank\">Padre Caffarel<\/a><\/td>\n<\/tr>\n<tr class=\"row-7\">\n\t<td class=\"column-1\">18 \/ 09h30<\/td><td class=\"column-2\">Marie d\u2019Amonville <\/td><td class=\"column-3\"><a href=\"https:\/\/fatima2018.equipes-notre-dame.com\/it\/wp-content\/uploads\/2018\/07\/ITA-18b-IT-Intervento-di-Marie-d\u00d4\u00c7\u00d6Amonville.pdf\" rel=\"noopener\" target=\"_blank\">Intervento di Marie d\u2019Amonville<\/a><\/td>\n<\/tr>\n<tr class=\"row-8\">\n\t<td class=\"column-1\">18 \/ 09h30<\/td><td class=\"column-2\">Padre Angelo Paleri<\/td><td class=\"column-3\"><a href=\"https:\/\/fatima2018.equipes-notre-dame.com\/it\/wp-content\/uploads\/2018\/07\/ITA-19-Causa-di-canonizzazione-P.-Angelo-Paleri.pdf\" rel=\"noopener\" target=\"_blank\">La causa di canonizzazione di Padre Henri Caffarel <\/a><\/td>\n<\/tr>\n<tr class=\"row-9\">\n\t<td class=\"column-1\">18 \/ 12h30<\/td><td class=\"column-2\">Constanza e Alberto Alvarado<\/td><td class=\"column-3\"><a href=\"https:\/\/fatima2018.equipes-notre-dame.com\/it\/wp-content\/uploads\/2018\/07\/ITA-17-Sviluppo-e-Internazionalizzazione-delle-END.pdf\" rel=\"noopener\" target=\"_blank\">Sviluppo e internazionalizzazione<br \/>\ndelle \u00c9quipes Notre Dame<\/a><\/td>\n<\/tr>\n<\/tbody>\n<\/table>\n<!-- #tablepress-17 from cache -->\n","protected":false},"excerpt":{"rendered":"","protected":false},"author":1,"featured_media":0,"parent":0,"menu_order":0,"comment_status":"closed","ping_status":"closed","template":"","meta":{"_monsterinsights_skip_tracking":false,"_monsterinsights_sitenote_active":false,"_monsterinsights_sitenote_note":"","_monsterinsights_sitenote_category":0,"footnotes":""},"_links":{"self":[{"href":"https:\/\/fatima2018.equipes-notre-dame.com\/it\/wp-json\/wp\/v2\/pages\/2290"}],"collection":[{"href":"https:\/\/fatima2018.equipes-notre-dame.com\/it\/wp-json\/wp\/v2\/pages"}],"about":[{"href":"https:\/\/fatima2018.equipes-notre-dame.com\/it\/wp-json\/wp\/v2\/types\/page"}],"author":[{"embeddable":true,"href":"https:\/\/fatima2018.equipes-notre-dame.com\/it\/wp-json\/wp\/v2\/users\/1"}],"replies":[{"embeddable":true,"href":"https:\/\/fatima2018.equipes-notre-dame.com\/it\/wp-json\/wp\/v2\/comments?post=2290"}],"version-history":[{"count":1,"href":"https:\/\/fatima2018.equipes-notre-dame.com\/it\/wp-json\/wp\/v2\/pages\/2290\/revisions"}],"predecessor-version":[{"id":2588,"href":"https:\/\/fatima2018.equipes-notre-dame.com\/it\/wp-json\/wp\/v2\/pages\/2290\/revisions\/2588"}],"wp:attachment":[{"href":"https:\/\/fatima2018.equipes-notre-dame.com\/it\/wp-json\/wp\/v2\/media?parent=2290"}],"curies":[{"name":"wp","href":"https:\/\/api.w.org\/{rel}","templated":true}]}}