{"id":2319,"date":"2018-10-08T16:38:31","date_gmt":"2018-10-08T15:38:31","guid":{"rendered":"https:\/\/fatima2018.equipes-notre-dame.com\/?page_id=2319"},"modified":"2019-01-03T00:43:35","modified_gmt":"2019-01-03T00:43:35","slug":"dia-20","status":"publish","type":"page","link":"https:\/\/fatima2018.equipes-notre-dame.com\/it\/dia-20\/","title":{"rendered":"Giorno 20"},"content":{"rendered":"\n<table id=\"tablepress-19\" class=\"tablepress tablepress-id-19\">\n<thead>\n<tr class=\"row-1\">\n\t<th class=\"column-1\">Giorno\/Ora<\/th><th class=\"column-2\">Autore<\/th><th class=\"column-3\">Nome del Documento<\/th>\n<\/tr>\n<\/thead>\n<tbody class=\"row-hover\">\n<tr class=\"row-2\">\n\t<td class=\"column-1\">20 \/ 09h00<\/td><td class=\"column-2\">D. Jos\u00e9 Tolentino Mendon\u00e7a<\/td><td class=\"column-3\"><a href=\"https:\/\/fatima2018.equipes-notre-dame.com\/it\/wp-content\/uploads\/2018\/07\/ITA-Meditazione-4-20180720.pdf\" rel=\"noopener\" target=\"_blank\">Suo padre lo vide, ebbe compassione<\/a><\/td>\n<\/tr>\n<tr class=\"row-3\">\n\t<td class=\"column-1\">20 \/ 09h00<\/td><td class=\"column-2\">Gra\u00e7a e Roberto Rocha<\/td><td class=\"column-3\"><a href=\"https:\/\/fatima2018.equipes-notre-dame.com\/it\/wp-content\/uploads\/2018\/07\/ITA-36-APRESENTA\u00e7\u00e2O-DO-DIA-20-DE-JULHO-DE-2018_IT.pdf\" rel=\"noopener\" target=\"_blank\">Presentazione del giorno <\/a><\/td>\n<\/tr>\n<tr class=\"row-4\">\n\t<td class=\"column-1\">20 \/ 09h30<\/td><td class=\"column-2\">Padre Jos\u00e9 Jacinto Farias, scj<\/td><td class=\"column-3\"><a href=\"https:\/\/fatima2018.equipes-notre-dame.com\/it\/wp-content\/uploads\/2018\/07\/ITA-37-Vivere-la-giustizia-misericordiosa-di-Dio-P.-Jose-Jacinto-Farias.pdf\" rel=\"noopener\" target=\"_blank\">Vivere la giustizia misericordiosa di Dio<\/a><\/td>\n<\/tr>\n<tr class=\"row-5\">\n\t<td class=\"column-1\">20 \/ 10h20<\/td><td class=\"column-2\">Vincenzo Ventricelli, Irene e Diego<br \/>\nMartimucci e Padre Francesco Saverio Colonna (Equipe Altamura 1 \u2013 SR It\u00e1lia)<\/td><td class=\"column-3\"><a href=\"https:\/\/fatima2018.equipes-notre-dame.com\/it\/wp-content\/uploads\/2018\/07\/ITA-38-La-misericordia-nell\u00d4\u00c7\u00d6equipe.pdf\" rel=\"noopener\" target=\"_blank\">La misericordia nell'equipe<\/a><\/td>\n<\/tr>\n<tr class=\"row-6\">\n\t<td class=\"column-1\">20 \/ 10h20<\/td><td class=\"column-2\">Anal\u00eda e Diego Velasco<\/td><td class=\"column-3\"><a href=\"https:\/\/fatima2018.equipes-notre-dame.com\/it\/wp-content\/uploads\/2018\/07\/ITA-39-La-misericordia-nel-mondo-FULL.pdf\" rel=\"noopener\" target=\"_blank\">La misericordia nel mondo<\/a><\/td>\n<\/tr>\n<tr class=\"row-7\">\n\t<td class=\"column-1\">20 \/ 11h40<\/td><td class=\"column-2\">T\u00f3 e Jos\u00e9 Moura Soares<\/td><td class=\"column-3\"><a href=\"https:\/\/fatima2018.equipes-notre-dame.com\/it\/wp-content\/uploads\/2018\/07\/ITA-41-Missione-d\u00d4\u00c7\u00d6Amore-Amore-in-Missione.pdf\" rel=\"noopener\" target=\"_blank\">Missione d'Amore, Amore in Missione<\/a><\/td>\n<\/tr>\n<tr class=\"row-8\">\n\t<td class=\"column-1\">20 \/ 12h20<\/td><td class=\"column-2\">Ant\u00f3nio Brand\u00e3o (Responsabili<br \/>\ndelle ENDJ)<\/td><td class=\"column-3\"><a href=\"https:\/\/fatima2018.equipes-notre-dame.com\/it\/wp-content\/uploads\/2018\/07\/ITA-40b-Presentazione-ENDG.pdf\" rel=\"noopener\" target=\"_blank\">Presentazione Equipes Notre Dame Giovani<\/a><\/td>\n<\/tr>\n<tr class=\"row-9\">\n\t<td class=\"column-1\">20 \/ 12h20<\/td><td class=\"column-2\">Aude e Olivier de la Motte<\/td><td class=\"column-3\"><a href=\"https:\/\/fatima2018.equipes-notre-dame.com\/it\/wp-content\/uploads\/2018\/07\/ITA-40-Intercessori-Fatima-2018.pdf\" rel=\"noopener\" target=\"_blank\">Intercessori<\/a><\/td>\n<\/tr>\n<tr class=\"row-10\">\n\t<td class=\"column-1\">20 \/ 17h30<\/td><td class=\"column-2\">Cardinale D. S\u00e9rgio da Rocha<\/td><td class=\"column-3\"><a href=\"https:\/\/fatima2018.equipes-notre-dame.com\/it\/wp-content\/uploads\/2018\/07\/ITA-43-hom\u00aelie-du-Cardinal-Sergio-da-Rocha_IT.pdf\" rel=\"noopener\" target=\"_blank\">Omelia della Messa<\/a><\/td>\n<\/tr>\n<\/tbody>\n<\/table>\n<!-- #tablepress-19 from cache -->\n","protected":false},"excerpt":{"rendered":"","protected":false},"author":1,"featured_media":0,"parent":0,"menu_order":0,"comment_status":"closed","ping_status":"closed","template":"","meta":{"_monsterinsights_skip_tracking":false,"_monsterinsights_sitenote_active":false,"_monsterinsights_sitenote_note":"","_monsterinsights_sitenote_category":0,"footnotes":""},"_links":{"self":[{"href":"https:\/\/fatima2018.equipes-notre-dame.com\/it\/wp-json\/wp\/v2\/pages\/2319"}],"collection":[{"href":"https:\/\/fatima2018.equipes-notre-dame.com\/it\/wp-json\/wp\/v2\/pages"}],"about":[{"href":"https:\/\/fatima2018.equipes-notre-dame.com\/it\/wp-json\/wp\/v2\/types\/page"}],"author":[{"embeddable":true,"href":"https:\/\/fatima2018.equipes-notre-dame.com\/it\/wp-json\/wp\/v2\/users\/1"}],"replies":[{"embeddable":true,"href":"https:\/\/fatima2018.equipes-notre-dame.com\/it\/wp-json\/wp\/v2\/comments?post=2319"}],"version-history":[{"count":1,"href":"https:\/\/fatima2018.equipes-notre-dame.com\/it\/wp-json\/wp\/v2\/pages\/2319\/revisions"}],"predecessor-version":[{"id":2590,"href":"https:\/\/fatima2018.equipes-notre-dame.com\/it\/wp-json\/wp\/v2\/pages\/2319\/revisions\/2590"}],"wp:attachment":[{"href":"https:\/\/fatima2018.equipes-notre-dame.com\/it\/wp-json\/wp\/v2\/media?parent=2319"}],"curies":[{"name":"wp","href":"https:\/\/api.w.org\/{rel}","templated":true}]}}